{"id":2278,"date":"2021-05-22T14:28:05","date_gmt":"2021-05-22T11:28:05","guid":{"rendered":"http:\/\/yenerticaret.com.tr\/tr\/?page_id=2278"},"modified":"2021-09-26T12:09:38","modified_gmt":"2021-09-26T09:09:38","slug":"is-guvenligi-ve-ekipmanlari-katalogu","status":"publish","type":"page","link":"https:\/\/yenerticaret.com.tr\/en\/is-guvenligi-ve-ekipmanlari-katalogu\/","title":{"rendered":"Occupational Safety and Equipment Catalog"},"content":{"rendered":"<div class=\"vc_row wpb_row vc_custom_1621683374538 porto-inner-container\"><div class=\"porto-wrap-container container\"><div class=\"row\"><div class=\"vc_column_container col-md-12\"><div class=\"wpb_wrapper vc_column-inner\">\n\t<div class=\"wpb_text_column wpb_content_element\" >\n\t\t<div class=\"wpb_wrapper\">\n\t\t\t<div class=\"_df_book df-lite\" id=\"df_2238\"  _slug=\"guvenligi-ekipmanlari-katalogu\" data-title=\"is-guvenligi-ekipmanlari-katalogu\" wpoptions=\"true\" thumbtype=\"\" ><\/div><script class=\"df-shortcode-script\" nowprocket type=\"application\/javascript\">window.option_df_2238 = {\"outline\":[],\"autoEnableOutline\":\"false\",\"autoEnableThumbnail\":\"false\",\"overwritePDFOutline\":\"false\",\"direction\":\"1\",\"pageSize\":\"0\",\"source\":\"http:\\\/\\\/yenerticaret.com.tr\\\/wp-content\\\/uploads\\\/2021\\\/05\\\/yener-is-guvenligi-ekipmanlari.pdf\",\"wpOptions\":\"true\"}; if(window.DFLIP && window.DFLIP.parseBooks){window.DFLIP.parseBooks();}<\/script>\n\n\t\t<\/div>\n\t<\/div>\n<\/div><\/div><\/div><\/div><\/div><div class=\"vc_row wpb_row row\"><div class=\"vc_column_container col-md-12\"><div class=\"wpb_wrapper vc_column-inner\">\n\t<div class=\"wpb_text_column wpb_content_element\" >\n\t\t<div class=\"wpb_wrapper\">\n\t\t\t\n\t\t<\/div>\n\t<\/div>\n<\/div><\/div><\/div><div class=\"vc_row wpb_row porto-inner-container\"><div class=\"porto-wrap-container container\"><div class=\"row\"><div class=\"vc_column_container col-md-12\"><div class=\"wpb_wrapper vc_column-inner\">\n\t<div class=\"wpb_text_column wpb_content_element\" >\n\t\t<div class=\"wpb_wrapper\">\n\t\t\t<h2><strong>Browse our products online<\/strong><\/h2>\n<p>You can review the following catalogs online page by page with the Page Flip application. After clicking on the link, you can save the catalogs in PDF format by clicking the Download button in the application.<\/p>\n\n\t\t<\/div>\n\t<\/div>\n<\/div><\/div><\/div><\/div><\/div><div class=\"vc_row wpb_row vc_custom_1621705828767 porto-inner-container\"><div class=\"porto-wrap-container container\"><div class=\"row\"><div class=\"vc_column_container col-md-12\"><div class=\"wpb_wrapper vc_column-inner\">\n\t<div class=\"wpb_single_image wpb_content_element vc_align_left\">\n\t\t<div class=\"wpb_wrapper\">\n\t\t\t\n\t\t\t<a href=\"https:\/\/wa.me\/905326678531\" target=\"_blank\"><div class=\"vc_single_image-wrapper   vc_box_border_grey\"><img width=\"1000\" height=\"143\" src=\"https:\/\/yenerticaret.com.tr\/wp-content\/uploads\/2021\/12\/ask-for-price.png\" class=\"vc_single_image-img attachment-full\" alt=\"\" loading=\"lazy\" srcset=\"https:\/\/yenerticaret.com.tr\/wp-content\/uploads\/2021\/12\/ask-for-price.png 1000w, https:\/\/yenerticaret.com.tr\/wp-content\/uploads\/2021\/12\/ask-for-price-600x86.png 600w, https:\/\/yenerticaret.com.tr\/wp-content\/uploads\/2021\/12\/ask-for-price-768x110.png 768w, https:\/\/yenerticaret.com.tr\/wp-content\/uploads\/2021\/12\/ask-for-price-640x92.png 640w, https:\/\/yenerticaret.com.tr\/wp-content\/uploads\/2021\/12\/ask-for-price-400x57.png 400w\" sizes=\"(max-width: 1000px) 100vw, 1000px\" \/><\/div><\/a>\n\t\t<\/div>\n\t<\/div>\n<\/div><\/div><\/div><\/div><\/div><div class=\"vc_row wpb_row vc_custom_1621681693093 porto-inner-container\"><div class=\"porto-wrap-container container\"><div class=\"row\"><div class=\"vc_column_container col-md-3\"><div class=\"wpb_wrapper vc_column-inner\">\n<div id=\"interactive-banner-1-wrap-5090\" class=\"ult-banner-block ult-adjust-bottom-margin ult-bb-box  banner-style11\"   style=\"\">\n\t<img src=\"https:\/\/yenerticaret.com.tr\/wp-content\/uploads\/2021\/05\/is-guvenligi-ekipmanlari-1.jpg\" alt=\"null\">\n\t<h2  data-ultimate-target='#interactive-banner-1-wrap-5090 .bb-top-title '  data-responsive-json-new='{\"font-size\":\"\",\"line-height\":\"\"}'  class=\"title-center bb-top-title ult-responsive\" style=\"font-weight:bold;background:#242424;color:#ffffff;\">WORK SAFETY EQUIPMENT CATALOG<\/h2>\n\t<div class=\"mask opaque-background\" style=\"background:rgba(221,51,51,0.74);\">\n\t\t<div class=\"bb-back-icon\"><i class=\"Defaults-external-link\"  style= \"color:#ffffff;\"><\/i><\/div>\n\t\t<p class=\"\" style=\"font-weight:bold;color:#ffffff;\">You can review our Occupational Safety Catalogue online, or save it to your hard disk in PDF format.<\/p>\n\t<\/div><a class=\"bb-link\" href=\"http:\/\/yenerticaret.com.tr\/en\/tr\/is-guvenligi-ve-ekipmanlari-katalogu\/\" title=\"Occupational Safety and Equipment Catalog\" ><\/a>\n<\/div><\/div><\/div><div class=\"vc_column_container col-md-3\"><div class=\"wpb_wrapper vc_column-inner\">\n<div id=\"interactive-banner-1-wrap-3349\" class=\"ult-banner-block ult-adjust-bottom-margin ult-bb-box  banner-style11\"   style=\"\">\n\t<img src=\"https:\/\/yenerticaret.com.tr\/wp-content\/uploads\/2021\/05\/hirdavat-urunleri-1.jpg\" alt=\"null\">\n\t<h2  data-ultimate-target='#interactive-banner-1-wrap-3349 .bb-top-title '  data-responsive-json-new='{\"font-size\":\"\",\"line-height\":\"\"}'  class=\"title-center bb-top-title ult-responsive\" style=\"font-weight:bold;background:#242424;color:#ffffff;\">HARDWARE PRODUCTS CATALOG<\/h2>\n\t<div class=\"mask opaque-background\" style=\"background:rgba(17,153,0,0.74);\">\n\t\t<div class=\"bb-back-icon\"><i class=\"Defaults-external-link\"  style= \"color:#ffffff;\"><\/i><\/div>\n\t\t<p class=\"\" style=\"font-weight:bold;color:#ffffff;\">You can review our Hardware Products Catalogue online and save it to your hard disk in PDF format if you wish.<\/p>\n\t<\/div><a class=\"bb-link\" href=\"http:\/\/yenerticaret.com.tr\/en\/tr\/hirdavat-urunleri-katalogu\/\" title=\"Hardware Products Catalog\" ><\/a>\n<\/div><\/div><\/div><div class=\"vc_column_container col-md-3\"><div class=\"wpb_wrapper vc_column-inner\">\n<div id=\"interactive-banner-1-wrap-8560\" class=\"ult-banner-block ult-adjust-bottom-margin ult-bb-box  banner-style11\"   style=\"\">\n\t<img src=\"https:\/\/yenerticaret.com.tr\/wp-content\/uploads\/2021\/05\/polisan-boya-katalogu.jpg\" alt=\"null\">\n\t<h2  data-ultimate-target='#interactive-banner-1-wrap-8560 .bb-top-title '  data-responsive-json-new='{\"font-size\":\"\",\"line-height\":\"\"}'  class=\"title-center bb-top-title ult-responsive\" style=\"font-weight:bold;background:#242424;color:#ffffff;\">POLISAN INDUSTRIAL AND MARINE GROUP PAINT CATALOG<\/h2>\n\t<div class=\"mask opaque-background\" style=\"background:rgba(255,0,68,0.8);\">\n\t\t<div class=\"bb-back-icon\"><i class=\"Defaults-external-link\"  style= \"color:#ffffff;\"><\/i><\/div>\n\t\t<p class=\"\" style=\"font-weight:bold;color:#ffffff;\">You can view our Polisan Industrial and Marine Group Paint Catalogue online and save it to your hard drive in PDF format.<\/p>\n\t<\/div><a class=\"bb-link\" href=\"http:\/\/yenerticaret.com.tr\/en\/tr\/polisan-endustriyel-ve-deniz-grubu-boya-urunleri-katalogu\/\" title=\"Polisan Industrial and Marine Group Paint Products Catalog\" ><\/a>\n<\/div><\/div><\/div><div class=\"vc_column_container col-md-3\"><div class=\"wpb_wrapper vc_column-inner\">\n<div id=\"interactive-banner-1-wrap-8020\" class=\"ult-banner-block ult-adjust-bottom-margin ult-bb-box  banner-style11\"   style=\"\">\n\t<img src=\"https:\/\/yenerticaret.com.tr\/wp-content\/uploads\/2021\/05\/tiner-katalogu.jpg\" alt=\"null\">\n\t<h2  data-ultimate-target='#interactive-banner-1-wrap-8020 .bb-top-title '  data-responsive-json-new='{\"font-size\":\"\",\"line-height\":\"\"}'  class=\"title-center bb-top-title ult-responsive\" style=\"font-weight:bold;background:#242424;color:#ffffff;\">THINNER CATALOG<\/h2>\n\t<div class=\"mask opaque-background\" style=\"background:rgba(0,0,0,0.8);\">\n\t\t<div class=\"bb-back-icon\"><i class=\"Defaults-external-link\"  style= \"color:#ffffff;\"><\/i><\/div>\n\t\t<p class=\"\" style=\"font-weight:bold;color:#ffffff;\">You can review our Thinner Catalogue online and save it to your hard disk in PDF format if you wish.<\/p>\n\t<\/div><a class=\"bb-link\" href=\"https:\/\/yenerticaret.com.tr\/en\/tiner-katalogu\/\" title=\"Thinner Catalog\" ><\/a>\n<\/div><\/div><\/div><\/div><\/div><\/div>","protected":false},"excerpt":{"rendered":"\u00dcr\u00fcnlerimizi online inceleyin A\u015fa\u011f\u0131daki kataloglar\u0131 Page Flip uygulamas\u0131 ile online olarak sayfa sayfa inceleyebilirsiniz. Linke t\u0131klad\u0131ktan sonra a\u00e7\u0131lan uygulamadaki Download butonuna t\u0131klayarak kataloglar\u0131 PDF format\u0131nda kaydedebilirsiniz. \u0130\u015e G\u00dcVENL\u0130\u011e\u0130 EK\u0130PMANLARI KATALO\u011eU \u0130\u015f G\u00fcvenli\u011fi Katalo\u011fumuzu online inceleyebilir, dilerseniz PDF format\u0131nda sabit diskinize kaydedebilirsiniz. HIRDAVAT \u00dcR\u00dcNLER\u0130 KATALO\u011eU H\u0131rdavat \u00dcr\u00fcnleri Katalo\u011fumuzu online inceleyebilir, dilerseniz PDF format\u0131nda sabit diskinize kaydedebilirsiniz. [...]","protected":false},"author":1,"featured_media":0,"parent":0,"menu_order":0,"comment_status":"closed","ping_status":"closed","template":"","meta":{"_mi_skip_tracking":false},"yoast_head":"<!-- This site is optimized with the Yoast SEO Premium plugin v17.7 (Yoast SEO v18.5.1) - https:\/\/yoast.com\/wordpress\/plugins\/seo\/ -->\n<title>\u0130\u015f G\u00fcvenli\u011fi ve Ekipmanlar\u0131 Katalo\u011fu | Yener Ticaret Ltd. \u015eti.<\/title>\n<meta name=\"description\" content=\"Yener Yap\u0131 Ticaret&#039;in sat\u0131\u015f\u0131n\u0131 ger\u00e7ekle\u015ftirdi\u011fi \u0130\u015f G\u00fcvenli\u011fi Ekipmanlar\u0131 \u00fcr\u00fcnlerine ait online dijital kataloglar\u0131 bu sayfadan ula\u015fabilirsiniz.\" \/>\n<meta name=\"robots\" content=\"index, follow, max-snippet:-1, max-image-preview:large, max-video-preview:-1\" \/>\n<link rel=\"canonical\" href=\"https:\/\/yenerticaret.com.tr\/en\/is-guvenligi-ve-ekipmanlari-katalogu\/\" \/>\n<meta property=\"og:locale\" content=\"en_GB\" \/>\n<meta property=\"og:type\" content=\"article\" \/>\n<meta property=\"og:title\" content=\"\u0130\u015f G\u00fcvenli\u011fi ve Ekipmanlar\u0131 Katalo\u011fu\" \/>\n<meta property=\"og:description\" content=\"Yener Yap\u0131 Ticaret&#039;in sat\u0131\u015f\u0131n\u0131 ger\u00e7ekle\u015ftirdi\u011fi \u0130\u015f G\u00fcvenli\u011fi Ekipmanlar\u0131 \u00fcr\u00fcnlerine ait online dijital kataloglar\u0131 bu sayfadan ula\u015fabilirsiniz.\" \/>\n<meta property=\"og:url\" content=\"https:\/\/yenerticaret.com.tr\/en\/is-guvenligi-ve-ekipmanlari-katalogu\/\" \/>\n<meta property=\"og:site_name\" content=\"Yener Ticaret Ltd. \u015eti.\" \/>\n<meta property=\"article:modified_time\" content=\"2021-09-26T09:09:38+00:00\" \/>\n<meta name=\"twitter:card\" content=\"summary\" \/>\n<meta name=\"twitter:label1\" content=\"Estimated reading time\" \/>\n\t<meta name=\"twitter:data1\" content=\"3 minutes\" \/>\n<script type=\"application\/ld+json\" class=\"yoast-schema-graph\">{\"@context\":\"https:\/\/schema.org\",\"@graph\":[{\"@type\":\"WebSite\",\"@id\":\"https:\/\/yenerticaret.com.tr\/#website\",\"url\":\"https:\/\/yenerticaret.com.tr\/\",\"name\":\"Yener Ticaret Ltd. \u015eti.\",\"description\":\"Jotun Sanayi ve Marin Boyalar\u0131 Bayii\",\"potentialAction\":[{\"@type\":\"SearchAction\",\"target\":{\"@type\":\"EntryPoint\",\"urlTemplate\":\"https:\/\/yenerticaret.com.tr\/?s={search_term_string}\"},\"query-input\":\"required name=search_term_string\"}],\"inLanguage\":\"en-GB\"},{\"@type\":\"WebPage\",\"@id\":\"https:\/\/yenerticaret.com.tr\/is-guvenligi-ve-ekipmanlari-katalogu\/#webpage\",\"url\":\"https:\/\/yenerticaret.com.tr\/is-guvenligi-ve-ekipmanlari-katalogu\/\",\"name\":\"\u0130\u015f G\u00fcvenli\u011fi ve Ekipmanlar\u0131 Katalo\u011fu | Yener Ticaret Ltd. \u015eti.\",\"isPartOf\":{\"@id\":\"https:\/\/yenerticaret.com.tr\/#website\"},\"datePublished\":\"2021-05-22T11:28:05+00:00\",\"dateModified\":\"2021-09-26T09:09:38+00:00\",\"description\":\"Yener Yap\u0131 Ticaret'in sat\u0131\u015f\u0131n\u0131 ger\u00e7ekle\u015ftirdi\u011fi \u0130\u015f G\u00fcvenli\u011fi Ekipmanlar\u0131 \u00fcr\u00fcnlerine ait online dijital kataloglar\u0131 bu sayfadan ula\u015fabilirsiniz.\",\"breadcrumb\":{\"@id\":\"https:\/\/yenerticaret.com.tr\/is-guvenligi-ve-ekipmanlari-katalogu\/#breadcrumb\"},\"inLanguage\":\"en-GB\",\"potentialAction\":[{\"@type\":\"ReadAction\",\"target\":[\"https:\/\/yenerticaret.com.tr\/is-guvenligi-ve-ekipmanlari-katalogu\/\"]}]},{\"@type\":\"BreadcrumbList\",\"@id\":\"https:\/\/yenerticaret.com.tr\/is-guvenligi-ve-ekipmanlari-katalogu\/#breadcrumb\",\"itemListElement\":[{\"@type\":\"ListItem\",\"position\":1,\"name\":\"Home\",\"item\":\"https:\/\/yenerticaret.com.tr\/\"},{\"@type\":\"ListItem\",\"position\":2,\"name\":\"\u0130\u015f G\u00fcvenli\u011fi ve Ekipmanlar\u0131 Katalo\u011fu\"}]}]}<\/script>\n<!-- \/ Yoast SEO Premium plugin. -->","yoast_head_json":{"title":"\u0130\u015f G\u00fcvenli\u011fi ve Ekipmanlar\u0131 Katalo\u011fu | Yener Ticaret Ltd. \u015eti.","description":"Yener Yap\u0131 Ticaret'in sat\u0131\u015f\u0131n\u0131 ger\u00e7ekle\u015ftirdi\u011fi \u0130\u015f G\u00fcvenli\u011fi Ekipmanlar\u0131 \u00fcr\u00fcnlerine ait online dijital kataloglar\u0131 bu sayfadan ula\u015fabilirsiniz.","robots":{"index":"index","follow":"follow","max-snippet":"max-snippet:-1","max-image-preview":"max-image-preview:large","max-video-preview":"max-video-preview:-1"},"canonical":"https:\/\/yenerticaret.com.tr\/en\/is-guvenligi-ve-ekipmanlari-katalogu\/","og_locale":"en_GB","og_type":"article","og_title":"\u0130\u015f G\u00fcvenli\u011fi ve Ekipmanlar\u0131 Katalo\u011fu","og_description":"Yener Yap\u0131 Ticaret'in sat\u0131\u015f\u0131n\u0131 ger\u00e7ekle\u015ftirdi\u011fi \u0130\u015f G\u00fcvenli\u011fi Ekipmanlar\u0131 \u00fcr\u00fcnlerine ait online dijital kataloglar\u0131 bu sayfadan ula\u015fabilirsiniz.","og_url":"https:\/\/yenerticaret.com.tr\/en\/is-guvenligi-ve-ekipmanlari-katalogu\/","og_site_name":"Yener Ticaret Ltd. \u015eti.","article_modified_time":"2021-09-26T09:09:38+00:00","twitter_card":"summary","twitter_misc":{"Estimated reading time":"3 minutes"},"schema":{"@context":"https:\/\/schema.org","@graph":[{"@type":"WebSite","@id":"https:\/\/yenerticaret.com.tr\/#website","url":"https:\/\/yenerticaret.com.tr\/","name":"Yener Ticaret Ltd. \u015eti.","description":"Jotun Sanayi ve Marin Boyalar\u0131 Bayii","potentialAction":[{"@type":"SearchAction","target":{"@type":"EntryPoint","urlTemplate":"https:\/\/yenerticaret.com.tr\/?s={search_term_string}"},"query-input":"required name=search_term_string"}],"inLanguage":"en-GB"},{"@type":"WebPage","@id":"https:\/\/yenerticaret.com.tr\/is-guvenligi-ve-ekipmanlari-katalogu\/#webpage","url":"https:\/\/yenerticaret.com.tr\/is-guvenligi-ve-ekipmanlari-katalogu\/","name":"\u0130\u015f G\u00fcvenli\u011fi ve Ekipmanlar\u0131 Katalo\u011fu | Yener Ticaret Ltd. \u015eti.","isPartOf":{"@id":"https:\/\/yenerticaret.com.tr\/#website"},"datePublished":"2021-05-22T11:28:05+00:00","dateModified":"2021-09-26T09:09:38+00:00","description":"Yener Yap\u0131 Ticaret'in sat\u0131\u015f\u0131n\u0131 ger\u00e7ekle\u015ftirdi\u011fi \u0130\u015f G\u00fcvenli\u011fi Ekipmanlar\u0131 \u00fcr\u00fcnlerine ait online dijital kataloglar\u0131 bu sayfadan ula\u015fabilirsiniz.","breadcrumb":{"@id":"https:\/\/yenerticaret.com.tr\/is-guvenligi-ve-ekipmanlari-katalogu\/#breadcrumb"},"inLanguage":"en-GB","potentialAction":[{"@type":"ReadAction","target":["https:\/\/yenerticaret.com.tr\/is-guvenligi-ve-ekipmanlari-katalogu\/"]}]},{"@type":"BreadcrumbList","@id":"https:\/\/yenerticaret.com.tr\/is-guvenligi-ve-ekipmanlari-katalogu\/#breadcrumb","itemListElement":[{"@type":"ListItem","position":1,"name":"Home","item":"https:\/\/yenerticaret.com.tr\/"},{"@type":"ListItem","position":2,"name":"\u0130\u015f G\u00fcvenli\u011fi ve Ekipmanlar\u0131 Katalo\u011fu"}]}]}},"jetpack-related-posts":[{"id":143,"url":"https:\/\/yenerticaret.com.tr\/en\/","url_meta":{"origin":2278,"position":0},"title":"Anasayfa","date":"20 June 2016","format":false,"excerpt":"","rel":"","context":"Similar post","img":{"alt_text":"","src":"","width":0,"height":0},"classes":[]},{"id":2294,"url":"https:\/\/yenerticaret.com.tr\/en\/hirdavat-urunleri-katalogu\/","url_meta":{"origin":2278,"position":1},"title":"H\u0131rdavat \u00dcr\u00fcnleri Katalo\u011fu","date":"22 May 2021","format":false,"excerpt":"","rel":"","context":"Similar post","img":{"alt_text":"","src":"","width":0,"height":0},"classes":[]},{"id":2296,"url":"https:\/\/yenerticaret.com.tr\/en\/polisan-endustriyel-ve-deniz-grubu-boya-urunleri-katalogu\/","url_meta":{"origin":2278,"position":2},"title":"Polisan End\u00fcstriyel ve Deniz Grubu Boya \u00dcr\u00fcnleri Katalo\u011fu","date":"22 May 2021","format":false,"excerpt":"","rel":"","context":"Similar post","img":{"alt_text":"","src":"","width":0,"height":0},"classes":[]},{"id":2298,"url":"https:\/\/yenerticaret.com.tr\/en\/tiner-katalogu\/","url_meta":{"origin":2278,"position":3},"title":"Tiner Katalo\u011fu","date":"22 May 2021","format":false,"excerpt":"","rel":"","context":"Similar post","img":{"alt_text":"","src":"","width":0,"height":0},"classes":[]},{"id":2464,"url":"https:\/\/yenerticaret.com.tr\/en\/celik-kapi-katalogu\/","url_meta":{"origin":2278,"position":4},"title":"\u00c7elik Kap\u0131 Katalo\u011fu","date":"16 February 2022","format":false,"excerpt":"","rel":"","context":"Similar post","img":{"alt_text":"","src":"","width":0,"height":0},"classes":[]},{"id":73,"url":"https:\/\/yenerticaret.com.tr\/en\/iletisim\/","url_meta":{"origin":2278,"position":5},"title":"\u0130leti\u015fim","date":"14 June 2016","format":false,"excerpt":"","rel":"","context":"Similar post","img":{"alt_text":"","src":"","width":0,"height":0},"classes":[]}],"_links":{"self":[{"href":"https:\/\/yenerticaret.com.tr\/en\/wp-json\/wp\/v2\/pages\/2278"}],"collection":[{"href":"https:\/\/yenerticaret.com.tr\/en\/wp-json\/wp\/v2\/pages"}],"about":[{"href":"https:\/\/yenerticaret.com.tr\/en\/wp-json\/wp\/v2\/types\/page"}],"author":[{"embeddable":true,"href":"https:\/\/yenerticaret.com.tr\/en\/wp-json\/wp\/v2\/users\/1"}],"replies":[{"embeddable":true,"href":"https:\/\/yenerticaret.com.tr\/en\/wp-json\/wp\/v2\/comments?post=2278"}],"version-history":[{"count":7,"href":"https:\/\/yenerticaret.com.tr\/en\/wp-json\/wp\/v2\/pages\/2278\/revisions"}],"predecessor-version":[{"id":2431,"href":"https:\/\/yenerticaret.com.tr\/en\/wp-json\/wp\/v2\/pages\/2278\/revisions\/2431"}],"wp:attachment":[{"href":"https:\/\/yenerticaret.com.tr\/en\/wp-json\/wp\/v2\/media?parent=2278"}],"curies":[{"name":"wp","href":"https:\/\/api.w.org\/{rel}","templated":true}]}}