{"id":73,"date":"2016-06-14T06:15:58","date_gmt":"2016-06-14T06:15:58","guid":{"rendered":"http:\/\/sw-themes.com\/porto_dummy\/?page_id=73"},"modified":"2023-12-11T16:02:11","modified_gmt":"2023-12-11T13:02:11","slug":"iletisim","status":"publish","type":"page","link":"https:\/\/yenerticaret.com.tr\/en\/iletisim\/","title":{"rendered":"Contact"},"content":{"rendered":"<div data-vc-full-width=\"true\" data-vc-full-width-init=\"false\" data-vc-stretch-content=\"true\" class=\"vc_row wpb_row row vc_row-no-padding\"><div class=\"vc_column_container col-md-12\"><div class=\"wpb_wrapper vc_column-inner\">\n\t<div class=\"wpb_raw_code wpb_content_element wpb_raw_html\" >\n\t\t<div class=\"wpb_wrapper\">\n\t\t\t<iframe src=\"https:\/\/www.google.com\/maps\/embed?pb=!1m14!1m8!1m3!1d12776.931368285766!2d34.6899431!3d36.81294!3m2!1i1024!2i768!4f13.1!3m3!1m2!1s0x0%3A0xd26c99d3e545f3ae!2sYener%20Ticaret!5e0!3m2!1str!2str!4v1621079354220!5m2!1str!2str\" width=\"100%\" height=\"300\" style=\"border:0;\" allowfullscreen=\"\" loading=\"lazy\"><\/iframe>\n\t\t<\/div>\n\t<\/div>\n<\/div><\/div><\/div><div class=\"vc_row-full-width vc_clearfix\"><\/div><div class=\"vc_row wpb_row m-b-xl porto-inner-container\"><div class=\"porto-wrap-container container\"><div class=\"row\"><div class=\"vc_column_container col-md-6\"><div class=\"wpb_wrapper vc_column-inner\"><div role=\"form\" class=\"wpcf7\" id=\"wpcf7-f74-o1\" lang=\"en-US\" dir=\"ltr\">\n<div class=\"screen-reader-response\"><p role=\"status\" aria-live=\"polite\" aria-atomic=\"true\"><\/p> <ul><\/ul><\/div>\n<form action=\"\/en\/wp-json\/wp\/v2\/pages\/73#wpcf7-f74-o1\" method=\"post\" class=\"wpcf7-form init\" novalidate=\"novalidate\" data-status=\"init\" data-trp-original-action=\"\/en\/wp-json\/wp\/v2\/pages\/73#wpcf7-f74-o1\">\n<div style=\"display: none;\">\n<input type=\"hidden\" name=\"_wpcf7\" value=\"74\" \/>\n<input type=\"hidden\" name=\"_wpcf7_version\" value=\"5.6.3\" \/>\n<input type=\"hidden\" name=\"_wpcf7_locale\" value=\"en_US\" \/>\n<input type=\"hidden\" name=\"_wpcf7_unit_tag\" value=\"wpcf7-f74-o1\" \/>\n<input type=\"hidden\" name=\"_wpcf7_container_post\" value=\"0\" \/>\n<input type=\"hidden\" name=\"_wpcf7_posted_data_hash\" value=\"\" \/>\n<\/div>\n<h2 class=\"short mb-2 translation-block\"><b>Contact<\/b> Us<\/h2>\n<p class=\"mb-5\">You can use the form below for your requests, comments and suggestions!<\/p>\n<div class=\"row form-row\">\n<div class=\"col-lg-6\">\n<div class=\"form-group\">\n            <label for=\"contact-name\" class=\"font-weight-bold text-dark\">Name-Surname *<\/label><br \/>\n            <span class=\"wpcf7-form-control-wrap\" data-name=\"your-name\"><input type=\"text\" name=\"your-name\" value=\"\" size=\"40\" class=\"wpcf7-form-control wpcf7-text wpcf7-validates-as-required form-control\" id=\"contact-name\" aria-required=\"true\" aria-invalid=\"false\" \/><\/span>\n        <\/div>\n<\/div>\n<div class=\"col-lg-6\">\n<div class=\"form-group\">\n            <label for=\"contact-email\" class=\"font-weight-bold text-dark\">Your E-Mail Address *<\/label><br \/>\n            <span class=\"wpcf7-form-control-wrap\" data-name=\"your-email\"><input type=\"email\" name=\"your-email\" value=\"\" size=\"40\" class=\"wpcf7-form-control wpcf7-text wpcf7-email wpcf7-validates-as-required wpcf7-validates-as-email form-control\" id=\"contact-email\" aria-required=\"true\" aria-invalid=\"false\" \/><\/span>\n        <\/div>\n<\/div>\n<div class=\"col-lg-12\">\n<div class=\"form-group\">\n            <label for=\"contact-subject\" class=\"font-weight-bold text-dark\">Subject<\/label><br \/>\n            <span class=\"wpcf7-form-control-wrap\" data-name=\"your-subject\"><input type=\"text\" name=\"your-subject\" value=\"\" size=\"40\" class=\"wpcf7-form-control wpcf7-text form-control\" id=\"contact-subject\" aria-invalid=\"false\" \/><\/span>\n        <\/div>\n<\/div>\n<div class=\"col-lg-12\">\n<div class=\"form-group\">\n            <label for=\"contact-message\" class=\"font-weight-bold text-dark\">Your Message<\/label><br \/>\n            <span class=\"wpcf7-form-control-wrap\" data-name=\"your-message\"><textarea name=\"your-message\" cols=\"40\" rows=\"10\" class=\"wpcf7-form-control wpcf7-textarea form-control\" id=\"contact-message\" aria-invalid=\"false\"><\/textarea><\/span>\n        <\/div>\n<\/div>\n<div class=\"col-lg-12\">\n<div class=\"form-group\">\n            <input type=\"submit\" value=\"Submit\" class=\"wpcf7-form-control has-spinner wpcf7-submit btn btn-primary btn-modern\" \/>\n        <\/div>\n<\/div>\n<\/div>\n<p style=\"display: none !important;\" class=\"akismet-fields-container\" data-prefix=\"_wpcf7_ak_\"><label>&#916;<textarea name=\"_wpcf7_ak_hp_textarea\" cols=\"45\" rows=\"8\" maxlength=\"100\"><\/textarea><\/label><input type=\"hidden\" id=\"ak_js_1\" name=\"_wpcf7_ak_js\" value=\"53\"\/><script>document.getElementById( \"ak_js_1\" ).setAttribute( \"value\", ( new Date() ).getTime() );<\/script><\/p><div class=\"wpcf7-response-output\" aria-hidden=\"true\"><\/div><input type=\"hidden\" name=\"trp-form-language\" value=\"en\"\/><\/form><\/div><\/div><\/div><div class=\"info-box-small vc_column_container col-md-6\"><div class=\"wpb_wrapper vc_column-inner\"><h4  class=\"vc_custom_heading align-left heading-dark translation-block\">Our store and<strong> Liaison Office<\/strong><\/h4><div class=\"porto-sicon-box style_1 default-icon\"><div class=\"porto-sicon-default\"><div id=\"porto-icon-148769621369e03e930036b\" class=\"porto-just-icon-wrapper\" style=\"text-align:center;\"><div class=\"porto-icon advanced\" style=\"color:#81d742;background:transparent;border-style:solid;border-color:#81d742;border-width:1px;width:25px;height:25px;line-height:25px;border-radius:25px;font-size:12px;display:inline-block;\"><i class=\"fas fa-home\"><\/i><\/div><\/div><\/div><div class=\"porto-sicon-header\" ><p><strong>Adres:<\/strong> Karacailyas Evren Mah. Atat\u00fcrk 12 Blv. No:19\/A Akdeniz\/Mersin<\/p><\/div> <!-- header --><\/div><!-- porto-sicon-box --><div class=\"porto-sicon-box style_1 default-icon\"><div class=\"porto-sicon-default\"><div id=\"porto-icon-93710110269e03e930065c\" class=\"porto-just-icon-wrapper\" style=\"text-align:center;\"><div class=\"porto-icon advanced\" style=\"color:#81d742;background:transparent;border-style:solid;border-color:#81d742;border-width:1px;width:25px;height:25px;line-height:25px;border-radius:25px;font-size:12px;display:inline-block;\"><i class=\"fas fa-phone\"><\/i><\/div><\/div><\/div><div class=\"porto-sicon-header\" ><p><strong>Phone<\/strong>: +90 532 667 85 31<\/p><\/div> <!-- header --><\/div><!-- porto-sicon-box --><div class=\"porto-sicon-box style_1 default-icon\"><div class=\"porto-sicon-default\"><div id=\"porto-icon-179028628569e03e9300899\" class=\"porto-just-icon-wrapper\" style=\"text-align:center;\"><div class=\"porto-icon advanced\" style=\"color:#81d742;background:transparent;border-style:solid;border-color:#81d742;border-width:1px;width:25px;height:25px;line-height:25px;border-radius:25px;font-size:12px;display:inline-block;\"><i class=\"fas fa-phone\"><\/i><\/div><\/div><\/div><div class=\"porto-sicon-header\" ><p><strong>Phone<\/strong>: +90 534 281 36 35<\/p><\/div> <!-- header --><\/div><!-- porto-sicon-box --><div class=\"porto-sicon-box style_1 default-icon\"><div class=\"porto-sicon-default\"><div id=\"porto-icon-23987650469e03e9300b2b\" class=\"porto-just-icon-wrapper\" style=\"text-align:center;\"><div class=\"porto-icon advanced\" style=\"color:#81d742;background:transparent;border-style:solid;border-color:#81d742;border-width:1px;width:25px;height:25px;line-height:25px;border-radius:25px;font-size:12px;display:inline-block;\"><i class=\"fas fa-envelope\"><\/i><\/div><\/div><\/div><div class=\"porto-sicon-header\" ><p><strong>E-Mail<\/strong>: info@yenerticaret.com.tr<\/p><\/div> <!-- header --><\/div><!-- porto-sicon-box --><h4  class=\"vc_custom_heading mt-5 align-left heading-dark translation-block\">Working <strong>Hours<\/strong><\/h4><div class=\"porto-sicon-box style_1 default-icon\"><div class=\"porto-sicon-header\" ><p>Monday - Friday 8.00 - 18.00<\/p><\/div> <!-- header --><\/div><!-- porto-sicon-box --><div class=\"porto-sicon-box style_1 default-icon\"><div class=\"porto-sicon-header\" ><p>Saturday - 9.00 to 15.00<\/p><\/div> <!-- header --><\/div><!-- porto-sicon-box --><div class=\"porto-sicon-box style_1 default-icon\"><div class=\"porto-sicon-header\" ><p>Our business cannot serve on Sundays.<\/p><\/div> <!-- header --><\/div><!-- porto-sicon-box --><h4  class=\"vc_custom_heading mt-5 align-left heading-dark translation-block\">Pandemic <strong>Regulations<\/strong><\/h4>\n\t<div class=\"wpb_text_column wpb_content_element\" >\n\t\t<div class=\"wpb_wrapper\">\n\t\t\t<p class=\"lead font-size-lg\">Due to the restrictions made by the Ministry of Interior of the Republic of Turkey within the scope of Covid-19 measures throughout Turkey, we can make adjustments to the working hours from time to time. Therefore, please inquire about the working hours of our business before your visit. You can reach us at our phone number.<\/p>\n\n\t\t<\/div>\n\t<\/div>\n<\/div><\/div><\/div><\/div><\/div><div class=\"vc_row wpb_row call-to-action-in-footer vc_custom_1542186798701 vc_row-has-fill porto-inner-container\"><div class=\"porto-wrap-container container\"><div class=\"row\"><div class=\"vc_column_container col-md-12\"><div class=\"wpb_wrapper vc_column-inner\"><section class=\"vc_cta3-container\"><div class=\"vc_general vc_cta3 mb-0 vc_cta3-style-flat vc_cta3-shape-square vc_cta3-align-center vc_cta3-color-white vc_cta3-icon-size-md vc_cta3-actions-right vc_custom_1634302680716\"><div class=\"vc_cta3_content-container\"><div class=\"vc_cta3-content\"><header class=\"vc_cta3-content-header\"><h2 class=\" translation-block\">Yener Ticaret is on its way to become Turkey's largest company in the future with its <b>original service policies<\/b>.<\/h2><\/header><p>Check out our service policies, vision and mission!<\/p>\n<\/div><div class=\"vc_cta3-actions\"><div class=\"vc_btn3-container  btn-call-to-action vc_btn3-center show-arrow\" >\n\t<a class=\"vc_btn3 vc_btn3-shape-default btn btn-modern btn-lg btn-dark\" href=\"https:\/\/yenerticaret.com.tr\/en\/hakkimizda\/\" title=\"About Us\">About Us<\/a>\t\t\t<span class=\"dir-arrow hlb\" data-appear-animation-delay=\"800\" data-appear-animation=\"rotateInUpLeft\"><\/span>\n\t<\/div>\n<\/div><\/div><\/div><\/section><\/div><\/div><\/div><\/div><\/div>","protected":false},"excerpt":{"rendered":"Bize Ula\u015f\u0131n \u0130stek g\u00f6r\u00fc\u015f ve \u00f6nerileriniz i\u00e7in a\u015fa\u011f\u0131daki formu kullanabilirsiniz! Ad\u0131n\u0131z - Soyad\u0131n\u0131z * E-Posta adresiniz * Konu Mesaj\u0131n\u0131z &#916;Ma\u011fazam\u0131z ve \u0130rtibat OfisimizAdres: Karacailyas Evren Mah. Atat\u00fcrk 12 Blv. No:19\/A Akdeniz\/Mersin Telefon: +90 532 667 85 31 Telefon: +90 534 281 36 35 E-Posta: info@yenerticaret.com.tr \u00c7al\u0131\u015fma SaatleriPazartesi - Cuma 8.00 - 18.00 Cumartesi - 9.00 [...]","protected":false},"author":1,"featured_media":0,"parent":0,"menu_order":0,"comment_status":"closed","ping_status":"closed","template":"","meta":{"_mi_skip_tracking":false},"yoast_head":"<!-- This site is optimized with the Yoast SEO Premium plugin v17.7 (Yoast SEO v18.5.1) - https:\/\/yoast.com\/wordpress\/plugins\/seo\/ -->\n<title>\u0130leti\u015fim | Yener Ticaret Ltd. \u015eti.<\/title>\n<meta name=\"description\" content=\"Yener Ticaret&#039;e ula\u015fabilece\u011finiz ileti\u015fim ara\u00e7lar\u0131na bu sayfada yer verilmi\u015ftir. H\u0131zl\u0131 \u0130leti\u015fim: info@yenerticaret.com.tr\" \/>\n<meta name=\"robots\" content=\"index, follow, max-snippet:-1, max-image-preview:large, max-video-preview:-1\" \/>\n<link rel=\"canonical\" href=\"https:\/\/yenerticaret.com.tr\/en\/iletisim\/\" \/>\n<meta property=\"og:locale\" content=\"en_GB\" \/>\n<meta property=\"og:type\" content=\"article\" \/>\n<meta property=\"og:title\" content=\"\u0130leti\u015fim\" \/>\n<meta property=\"og:description\" content=\"Yener Ticaret&#039;e ula\u015fabilece\u011finiz ileti\u015fim ara\u00e7lar\u0131na bu sayfada yer verilmi\u015ftir. H\u0131zl\u0131 \u0130leti\u015fim: info@yenerticaret.com.tr\" \/>\n<meta property=\"og:url\" content=\"https:\/\/yenerticaret.com.tr\/en\/iletisim\/\" \/>\n<meta property=\"og:site_name\" content=\"Yener Ticaret Ltd. \u015eti.\" \/>\n<meta property=\"article:modified_time\" content=\"2023-12-11T13:02:11+00:00\" \/>\n<meta name=\"twitter:card\" content=\"summary\" \/>\n<meta name=\"twitter:label1\" content=\"Estimated reading time\" \/>\n\t<meta name=\"twitter:data1\" content=\"2 minutes\" \/>\n<script type=\"application\/ld+json\" class=\"yoast-schema-graph\">{\"@context\":\"https:\/\/schema.org\",\"@graph\":[{\"@type\":\"WebSite\",\"@id\":\"https:\/\/yenerticaret.com.tr\/#website\",\"url\":\"https:\/\/yenerticaret.com.tr\/\",\"name\":\"Yener Ticaret Ltd. \u015eti.\",\"description\":\"Jotun Sanayi ve Marin Boyalar\u0131 Bayii\",\"potentialAction\":[{\"@type\":\"SearchAction\",\"target\":{\"@type\":\"EntryPoint\",\"urlTemplate\":\"https:\/\/yenerticaret.com.tr\/?s={search_term_string}\"},\"query-input\":\"required name=search_term_string\"}],\"inLanguage\":\"en-GB\"},{\"@type\":\"WebPage\",\"@id\":\"https:\/\/yenerticaret.com.tr\/iletisim\/#webpage\",\"url\":\"https:\/\/yenerticaret.com.tr\/iletisim\/\",\"name\":\"\u0130leti\u015fim | Yener Ticaret Ltd. \u015eti.\",\"isPartOf\":{\"@id\":\"https:\/\/yenerticaret.com.tr\/#website\"},\"datePublished\":\"2016-06-14T06:15:58+00:00\",\"dateModified\":\"2023-12-11T13:02:11+00:00\",\"description\":\"Yener Ticaret'e ula\u015fabilece\u011finiz ileti\u015fim ara\u00e7lar\u0131na bu sayfada yer verilmi\u015ftir. H\u0131zl\u0131 \u0130leti\u015fim: info@yenerticaret.com.tr\",\"breadcrumb\":{\"@id\":\"https:\/\/yenerticaret.com.tr\/iletisim\/#breadcrumb\"},\"inLanguage\":\"en-GB\",\"potentialAction\":[{\"@type\":\"ReadAction\",\"target\":[\"https:\/\/yenerticaret.com.tr\/iletisim\/\"]}]},{\"@type\":\"BreadcrumbList\",\"@id\":\"https:\/\/yenerticaret.com.tr\/iletisim\/#breadcrumb\",\"itemListElement\":[{\"@type\":\"ListItem\",\"position\":1,\"name\":\"Home\",\"item\":\"https:\/\/yenerticaret.com.tr\/\"},{\"@type\":\"ListItem\",\"position\":2,\"name\":\"\u0130leti\u015fim\"}]}]}<\/script>\n<!-- \/ Yoast SEO Premium plugin. -->","yoast_head_json":{"title":"\u0130leti\u015fim | Yener Ticaret Ltd. \u015eti.","description":"Yener Ticaret'e ula\u015fabilece\u011finiz ileti\u015fim ara\u00e7lar\u0131na bu sayfada yer verilmi\u015ftir. H\u0131zl\u0131 \u0130leti\u015fim: info@yenerticaret.com.tr","robots":{"index":"index","follow":"follow","max-snippet":"max-snippet:-1","max-image-preview":"max-image-preview:large","max-video-preview":"max-video-preview:-1"},"canonical":"https:\/\/yenerticaret.com.tr\/en\/iletisim\/","og_locale":"en_GB","og_type":"article","og_title":"\u0130leti\u015fim","og_description":"Yener Ticaret'e ula\u015fabilece\u011finiz ileti\u015fim ara\u00e7lar\u0131na bu sayfada yer verilmi\u015ftir. H\u0131zl\u0131 \u0130leti\u015fim: info@yenerticaret.com.tr","og_url":"https:\/\/yenerticaret.com.tr\/en\/iletisim\/","og_site_name":"Yener Ticaret Ltd. \u015eti.","article_modified_time":"2023-12-11T13:02:11+00:00","twitter_card":"summary","twitter_misc":{"Estimated reading time":"2 minutes"},"schema":{"@context":"https:\/\/schema.org","@graph":[{"@type":"WebSite","@id":"https:\/\/yenerticaret.com.tr\/#website","url":"https:\/\/yenerticaret.com.tr\/","name":"Yener Ticaret Ltd. \u015eti.","description":"Jotun Sanayi ve Marin Boyalar\u0131 Bayii","potentialAction":[{"@type":"SearchAction","target":{"@type":"EntryPoint","urlTemplate":"https:\/\/yenerticaret.com.tr\/?s={search_term_string}"},"query-input":"required name=search_term_string"}],"inLanguage":"en-GB"},{"@type":"WebPage","@id":"https:\/\/yenerticaret.com.tr\/iletisim\/#webpage","url":"https:\/\/yenerticaret.com.tr\/iletisim\/","name":"\u0130leti\u015fim | Yener Ticaret Ltd. \u015eti.","isPartOf":{"@id":"https:\/\/yenerticaret.com.tr\/#website"},"datePublished":"2016-06-14T06:15:58+00:00","dateModified":"2023-12-11T13:02:11+00:00","description":"Yener Ticaret'e ula\u015fabilece\u011finiz ileti\u015fim ara\u00e7lar\u0131na bu sayfada yer verilmi\u015ftir. H\u0131zl\u0131 \u0130leti\u015fim: info@yenerticaret.com.tr","breadcrumb":{"@id":"https:\/\/yenerticaret.com.tr\/iletisim\/#breadcrumb"},"inLanguage":"en-GB","potentialAction":[{"@type":"ReadAction","target":["https:\/\/yenerticaret.com.tr\/iletisim\/"]}]},{"@type":"BreadcrumbList","@id":"https:\/\/yenerticaret.com.tr\/iletisim\/#breadcrumb","itemListElement":[{"@type":"ListItem","position":1,"name":"Home","item":"https:\/\/yenerticaret.com.tr\/"},{"@type":"ListItem","position":2,"name":"\u0130leti\u015fim"}]}]}},"jetpack-related-posts":[{"id":55,"url":"https:\/\/yenerticaret.com.tr\/en\/hakkimizda\/","url_meta":{"origin":73,"position":0},"title":"Hakk\u0131m\u0131zda","date":"13 June 2016","format":false,"excerpt":"","rel":"","context":"Similar post","img":{"alt_text":"","src":"","width":0,"height":0},"classes":[]},{"id":143,"url":"https:\/\/yenerticaret.com.tr\/en\/","url_meta":{"origin":73,"position":1},"title":"Anasayfa","date":"20 June 2016","format":false,"excerpt":"","rel":"","context":"Similar post","img":{"alt_text":"","src":"","width":0,"height":0},"classes":[]},{"id":1819,"url":"https:\/\/yenerticaret.com.tr\/en\/hizmetler\/","url_meta":{"origin":73,"position":2},"title":"Hizmetler","date":"3 December 2018","format":false,"excerpt":"","rel":"","context":"Similar post","img":{"alt_text":"","src":"","width":0,"height":0},"classes":[]},{"id":2664,"url":"https:\/\/yenerticaret.com.tr\/en\/anasayfa-2\/","url_meta":{"origin":73,"position":3},"title":"Anasayfa","date":"6 April 2022","format":false,"excerpt":"Ma\u011fazaya ho\u015f geldiniz Buraya k\u0131sa bir kar\u015f\u0131lama mesaj\u0131 yaz\u0131n Al\u0131\u015fveri\u015fe git Yeni \u00dcr\u00fcnler","rel":"","context":"Similar post","img":{"alt_text":"","src":"https:\/\/i0.wp.com\/yenerticaret.com.tr\/wp-content\/uploads\/2022\/04\/other-small.jpg?resize=350%2C200&ssl=1","width":350,"height":200},"classes":[]},{"id":2224,"url":"https:\/\/yenerticaret.com.tr\/en\/dijital-kataloglar\/","url_meta":{"origin":73,"position":4},"title":"Dijital \u00dcr\u00fcn Kataloglar\u0131","date":"19 May 2021","format":false,"excerpt":"","rel":"","context":"Similar post","img":{"alt_text":"","src":"","width":0,"height":0},"classes":[]},{"id":2278,"url":"https:\/\/yenerticaret.com.tr\/en\/is-guvenligi-ve-ekipmanlari-katalogu\/","url_meta":{"origin":73,"position":5},"title":"\u0130\u015f G\u00fcvenli\u011fi ve Ekipmanlar\u0131 Katalo\u011fu","date":"22 May 2021","format":false,"excerpt":"","rel":"","context":"Similar post","img":{"alt_text":"","src":"","width":0,"height":0},"classes":[]}],"_links":{"self":[{"href":"https:\/\/yenerticaret.com.tr\/en\/wp-json\/wp\/v2\/pages\/73"}],"collection":[{"href":"https:\/\/yenerticaret.com.tr\/en\/wp-json\/wp\/v2\/pages"}],"about":[{"href":"https:\/\/yenerticaret.com.tr\/en\/wp-json\/wp\/v2\/types\/page"}],"author":[{"embeddable":true,"href":"https:\/\/yenerticaret.com.tr\/en\/wp-json\/wp\/v2\/users\/1"}],"replies":[{"embeddable":true,"href":"https:\/\/yenerticaret.com.tr\/en\/wp-json\/wp\/v2\/comments?post=73"}],"version-history":[{"count":11,"href":"https:\/\/yenerticaret.com.tr\/en\/wp-json\/wp\/v2\/pages\/73\/revisions"}],"predecessor-version":[{"id":2849,"href":"https:\/\/yenerticaret.com.tr\/en\/wp-json\/wp\/v2\/pages\/73\/revisions\/2849"}],"wp:attachment":[{"href":"https:\/\/yenerticaret.com.tr\/en\/wp-json\/wp\/v2\/media?parent=73"}],"curies":[{"name":"wp","href":"https:\/\/api.w.org\/{rel}","templated":true}]}}