{"id":2721,"date":"2022-05-24T16:31:03","date_gmt":"2022-05-24T13:31:03","guid":{"rendered":"https:\/\/yenerticaret.com.tr\/?post_type=product&#038;p=2721"},"modified":"2022-05-24T16:33:26","modified_gmt":"2022-05-24T13:33:26","slug":"jotun-pilot-ii","status":"publish","type":"product","link":"https:\/\/yenerticaret.com.tr\/en\/product\/jotun-pilot-ii\/","title":{"rendered":"Jotun Pilot II"},"content":{"rendered":"<section class=\"product__info-about list-wrap link-wrap\"><span>Pilot II, parlak biti\u015fli, kullan\u0131m\u0131 kolay bir alkid sonkatt\u0131r.\u00a0Hem eskitilmi\u015f hem de yeni kaplamalara f\u0131r\u00e7a, rulo veya sprey ile kolayca uygulan\u0131r, h\u0131zl\u0131 ve kullan\u0131m\u0131 kolayd\u0131r.\u00a0Pilot II, kar\u0131\u015ft\u0131rma gerektirmez ve kap \u00f6mr\u00fc k\u0131s\u0131tlamas\u0131 yoktur, haz\u0131rl\u0131k, at\u0131k, d\u00f6k\u00fclme ve boya art\u0131klar\u0131 i\u00e7in harcanan s\u00fcreyi azalt\u0131r \u2013 uygulama maliyetlerini d\u00fc\u015f\u00fcr\u00fcr.\u00a0Estetik a\u00e7\u0131dan ho\u015f bir g\u00f6r\u00fcn\u00fcme sahiptir ve eksiksiz bir renk yelpazesine sahiptir.<\/span><\/p>\n<\/section>\n<section class=\"product__info-benefits list-wrap link-wrap\"><\/section>\n<p><a href=\"https:\/\/jotundatasheetsprod.blob.core.windows.net\/tds\/TDS%C2%A4635%C2%A4Pilot%20II%C2%A4tr-TR%C2%A4TR.pdf\"><img loading=\"lazy\" class=\"alignleft wp-image-2712\" src=\"https:\/\/yenerticaret.com.tr\/wp-content\/uploads\/2022\/03\/technical-pecs.png\" alt=\"\" width=\"474\" height=\"46\" srcset=\"https:\/\/yenerticaret.com.tr\/wp-content\/uploads\/2022\/03\/technical-pecs-400x39.png 400w, https:\/\/yenerticaret.com.tr\/wp-content\/uploads\/2022\/03\/technical-pecs-367x36.png 367w\" sizes=\"(max-width: 474px) 100vw, 474px\" \/><\/a><\/p>","protected":false},"excerpt":{"rendered":"<p>Tek bile\u015fenli, oksidasyon kurumal\u0131, alkid esasl\u0131 bir boyad\u0131r. &#8216;Parlak&#8217; bir sonkatt\u0131r ve parlakl\u0131k dayan\u0131m\u0131 iyidir. Atmosferik ko\u015fullara maruz kalan yap\u0131larda son kat olarak kullan\u0131l\u0131r.<\/p>","protected":false},"featured_media":2715,"template":"","meta":{"_mi_skip_tracking":false,"jetpack_publicize_message":"","jetpack_is_tweetstorm":false,"jetpack_publicize_feature_enabled":true},"product_cat":[110,105,106],"product_tag":[],"jetpack_publicize_connections":[],"yoast_head":"<!-- This site is optimized with the Yoast SEO Premium plugin v17.7 (Yoast SEO v18.5.1) - https:\/\/yoast.com\/wordpress\/plugins\/seo\/ -->\n<title>Jotun Pilot II | Yener Ticaret Ltd. \u015eti.<\/title>\n<meta name=\"robots\" content=\"index, follow, max-snippet:-1, max-image-preview:large, max-video-preview:-1\" \/>\n<link rel=\"canonical\" href=\"https:\/\/yenerticaret.com.tr\/en\/product\/jotun-pilot-ii\/\" \/>\n<meta property=\"og:locale\" content=\"en_GB\" \/>\n<meta property=\"og:type\" content=\"article\" \/>\n<meta property=\"og:title\" content=\"Jotun Pilot II\" \/>\n<meta property=\"og:description\" content=\"Tek bile\u015fenli, oksidasyon kurumal\u0131, alkid esasl\u0131 bir boyad\u0131r. &#039;Parlak&#039; bir sonkatt\u0131r ve parlakl\u0131k dayan\u0131m\u0131 iyidir. Atmosferik ko\u015fullara maruz kalan yap\u0131larda son kat olarak kullan\u0131l\u0131r.\" \/>\n<meta property=\"og:url\" content=\"https:\/\/yenerticaret.com.tr\/en\/product\/jotun-pilot-ii\/\" \/>\n<meta property=\"og:site_name\" content=\"Yener Ticaret Ltd. \u015eti.\" \/>\n<meta property=\"article:modified_time\" content=\"2022-05-24T13:33:26+00:00\" \/>\n<meta property=\"og:image\" content=\"https:\/\/yenerticaret.com.tr\/wp-content\/uploads\/2022\/03\/jotun-1.jpg\" \/>\n\t<meta property=\"og:image:width\" content=\"596\" \/>\n\t<meta property=\"og:image:height\" content=\"596\" \/>\n\t<meta property=\"og:image:type\" content=\"image\/jpeg\" \/>\n<meta name=\"twitter:card\" content=\"summary\" \/>\n<meta name=\"twitter:label1\" content=\"Estimated reading time\" \/>\n\t<meta name=\"twitter:data1\" content=\"1 minute\" \/>\n<script type=\"application\/ld+json\" class=\"yoast-schema-graph\">{\"@context\":\"https:\/\/schema.org\",\"@graph\":[{\"@type\":\"WebSite\",\"@id\":\"https:\/\/yenerticaret.com.tr\/#website\",\"url\":\"https:\/\/yenerticaret.com.tr\/\",\"name\":\"Yener Ticaret Ltd. \u015eti.\",\"description\":\"Jotun Sanayi ve Marin Boyalar\u0131 Bayii\",\"potentialAction\":[{\"@type\":\"SearchAction\",\"target\":{\"@type\":\"EntryPoint\",\"urlTemplate\":\"https:\/\/yenerticaret.com.tr\/?s={search_term_string}\"},\"query-input\":\"required name=search_term_string\"}],\"inLanguage\":\"en-GB\"},{\"@type\":\"ImageObject\",\"@id\":\"https:\/\/yenerticaret.com.tr\/urun\/jotun-pilot-ii\/#primaryimage\",\"inLanguage\":\"en-GB\",\"url\":\"https:\/\/yenerticaret.com.tr\/wp-content\/uploads\/2022\/03\/jotun-1.jpg\",\"contentUrl\":\"https:\/\/yenerticaret.com.tr\/wp-content\/uploads\/2022\/03\/jotun-1.jpg\",\"width\":596,\"height\":596},{\"@type\":\"WebPage\",\"@id\":\"https:\/\/yenerticaret.com.tr\/urun\/jotun-pilot-ii\/#webpage\",\"url\":\"https:\/\/yenerticaret.com.tr\/urun\/jotun-pilot-ii\/\",\"name\":\"Jotun Pilot II | Yener Ticaret Ltd. \u015eti.\",\"isPartOf\":{\"@id\":\"https:\/\/yenerticaret.com.tr\/#website\"},\"primaryImageOfPage\":{\"@id\":\"https:\/\/yenerticaret.com.tr\/urun\/jotun-pilot-ii\/#primaryimage\"},\"datePublished\":\"2022-05-24T13:31:03+00:00\",\"dateModified\":\"2022-05-24T13:33:26+00:00\",\"breadcrumb\":{\"@id\":\"https:\/\/yenerticaret.com.tr\/urun\/jotun-pilot-ii\/#breadcrumb\"},\"inLanguage\":\"en-GB\",\"potentialAction\":[{\"@type\":\"ReadAction\",\"target\":[\"https:\/\/yenerticaret.com.tr\/urun\/jotun-pilot-ii\/\"]}]},{\"@type\":\"BreadcrumbList\",\"@id\":\"https:\/\/yenerticaret.com.tr\/urun\/jotun-pilot-ii\/#breadcrumb\",\"itemListElement\":[{\"@type\":\"ListItem\",\"position\":1,\"name\":\"Home\",\"item\":\"https:\/\/yenerticaret.com.tr\/\"},{\"@type\":\"ListItem\",\"position\":2,\"name\":\"Jotun Ma\u011faza\",\"item\":\"https:\/\/yenerticaret.com.tr\/jotun-magaza\/\"},{\"@type\":\"ListItem\",\"position\":3,\"name\":\"Jotun Pilot II\"}]}]}<\/script>\n<!-- \/ Yoast SEO Premium plugin. -->","yoast_head_json":{"title":"Jotun Pilot II | Yener Ticaret Ltd. \u015eti.","robots":{"index":"index","follow":"follow","max-snippet":"max-snippet:-1","max-image-preview":"max-image-preview:large","max-video-preview":"max-video-preview:-1"},"canonical":"https:\/\/yenerticaret.com.tr\/en\/product\/jotun-pilot-ii\/","og_locale":"en_GB","og_type":"article","og_title":"Jotun Pilot II","og_description":"Tek bile\u015fenli, oksidasyon kurumal\u0131, alkid esasl\u0131 bir boyad\u0131r. 'Parlak' bir sonkatt\u0131r ve parlakl\u0131k dayan\u0131m\u0131 iyidir. Atmosferik ko\u015fullara maruz kalan yap\u0131larda son kat olarak kullan\u0131l\u0131r.","og_url":"https:\/\/yenerticaret.com.tr\/en\/product\/jotun-pilot-ii\/","og_site_name":"Yener Ticaret Ltd. \u015eti.","article_modified_time":"2022-05-24T13:33:26+00:00","og_image":[{"width":596,"height":596,"url":"https:\/\/yenerticaret.com.tr\/wp-content\/uploads\/2022\/03\/jotun-1.jpg","type":"image\/jpeg"}],"twitter_card":"summary","twitter_misc":{"Estimated reading time":"1 minute"},"schema":{"@context":"https:\/\/schema.org","@graph":[{"@type":"WebSite","@id":"https:\/\/yenerticaret.com.tr\/#website","url":"https:\/\/yenerticaret.com.tr\/","name":"Yener Ticaret Ltd. \u015eti.","description":"Jotun Sanayi ve Marin Boyalar\u0131 Bayii","potentialAction":[{"@type":"SearchAction","target":{"@type":"EntryPoint","urlTemplate":"https:\/\/yenerticaret.com.tr\/?s={search_term_string}"},"query-input":"required name=search_term_string"}],"inLanguage":"en-GB"},{"@type":"ImageObject","@id":"https:\/\/yenerticaret.com.tr\/urun\/jotun-pilot-ii\/#primaryimage","inLanguage":"en-GB","url":"https:\/\/yenerticaret.com.tr\/wp-content\/uploads\/2022\/03\/jotun-1.jpg","contentUrl":"https:\/\/yenerticaret.com.tr\/wp-content\/uploads\/2022\/03\/jotun-1.jpg","width":596,"height":596},{"@type":"WebPage","@id":"https:\/\/yenerticaret.com.tr\/urun\/jotun-pilot-ii\/#webpage","url":"https:\/\/yenerticaret.com.tr\/urun\/jotun-pilot-ii\/","name":"Jotun Pilot II | Yener Ticaret Ltd. \u015eti.","isPartOf":{"@id":"https:\/\/yenerticaret.com.tr\/#website"},"primaryImageOfPage":{"@id":"https:\/\/yenerticaret.com.tr\/urun\/jotun-pilot-ii\/#primaryimage"},"datePublished":"2022-05-24T13:31:03+00:00","dateModified":"2022-05-24T13:33:26+00:00","breadcrumb":{"@id":"https:\/\/yenerticaret.com.tr\/urun\/jotun-pilot-ii\/#breadcrumb"},"inLanguage":"en-GB","potentialAction":[{"@type":"ReadAction","target":["https:\/\/yenerticaret.com.tr\/urun\/jotun-pilot-ii\/"]}]},{"@type":"BreadcrumbList","@id":"https:\/\/yenerticaret.com.tr\/urun\/jotun-pilot-ii\/#breadcrumb","itemListElement":[{"@type":"ListItem","position":1,"name":"Home","item":"https:\/\/yenerticaret.com.tr\/"},{"@type":"ListItem","position":2,"name":"Jotun Ma\u011faza","item":"https:\/\/yenerticaret.com.tr\/jotun-magaza\/"},{"@type":"ListItem","position":3,"name":"Jotun Pilot II"}]}]}},"jetpack-related-posts":[{"id":2762,"url":"https:\/\/yenerticaret.com.tr\/en\/product\/jotun-hardtop-smart-pack\/","url_meta":{"origin":2721,"position":0},"title":"Jotun Hardtop Smart Pack","date":"25 May 2022","format":false,"excerpt":"Kimyasal k\u00fcrlenmeli \u00e7ift bile\u015fenli modifiye akrilik son katt\u0131r. \u00dcr\u00fcn izosiyanat i\u00e7ermez ve ayr\u0131ca \u0131s\u0131l i\u015flem, kaynak veya yang\u0131n s\u0131ras\u0131nda diizosiyanat olu\u015fumuna neden olmaz. 'Parlak' bir sonkatt\u0131r ve parlakl\u0131k dayan\u0131m\u0131 iyidir. Do\u011frudan metale uygulanabilir. 1:1 kar\u0131\u015f\u0131m oran\u0131 ile daha kolay kullan\u0131m ve daha az kay\u0131p sa\u011flar. \u00d6zellikle f\u0131r\u00e7a ve rulo uygulamas\u0131\u2026","rel":"","context":"Similar post","img":{"alt_text":"","src":"https:\/\/i0.wp.com\/yenerticaret.com.tr\/wp-content\/uploads\/2022\/03\/jotun-1.jpg?resize=350%2C200&ssl=1","width":350,"height":200},"classes":[]},{"id":2646,"url":"https:\/\/yenerticaret.com.tr\/en\/product\/jotun-pilot-qd-primer-red-grey\/","url_meta":{"origin":2721,"position":1},"title":"Jotun Pilot QD Primer Red\/Grey","date":"23 March 2022","format":false,"excerpt":"Pilot QD Primer, \u00e7inko fosfat i\u00e7eren, tek bile\u015fenli, oksidatif olarak kuruyan bir alkid astard\u0131r.\u00a0Pilot QD Primer tek bile\u015fenli olarak gelir ve kar\u0131\u015ft\u0131rma gerektirmez - at\u0131klar\u0131, d\u00f6k\u00fclmeleri ve art\u0131k boyay\u0131 azalt\u0131r.\u00a0H\u0131zl\u0131 kurur, sadece 90 dakikada sert kuru bir film olu\u015fturarak kaplamal\u0131 \u00fcr\u00fcnlerinizi h\u0131zla ta\u015f\u0131man\u0131za, istiflemenize, g\u00f6ndermenize veya kullanman\u0131za olanak tan\u0131r.","rel":"","context":"Similar post","img":{"alt_text":"","src":"https:\/\/i0.wp.com\/yenerticaret.com.tr\/wp-content\/uploads\/2022\/03\/jotun-1.jpg?resize=350%2C200&ssl=1","width":350,"height":200},"classes":[]},{"id":2761,"url":"https:\/\/yenerticaret.com.tr\/en\/product\/jotun-jotafix-pu-topcoat\/","url_meta":{"origin":2721,"position":2},"title":"Jotun Jotafix PU Topcoat","date":"25 May 2022","format":false,"excerpt":"\u00c7ift bile\u015fenli, kimyasal k\u00fcrlenmeli, alifatik akrilik poli\u00fcretan esasl\u0131 bir boyad\u0131r. 'Parlak' bir sonkatt\u0131r ve parlakl\u0131k dayan\u0131m\u0131 iyidir. Kat\u0131 madde oran\u0131 y\u00fcksektir. Atmosferik ko\u015fullara maruz kalan yap\u0131larda son kat olarak kullan\u0131l\u0131r. \u00d6zellikle f\u0131r\u00e7a ve rulo uygulamas\u0131 i\u00e7in tasarlanm\u0131\u015ft\u0131r. Onaylar ve sertifikalar:\u00a0Bu\u011fday sertifikas\u0131 (Newcastle Occupational Health)","rel":"","context":"Similar post","img":{"alt_text":"","src":"https:\/\/i0.wp.com\/yenerticaret.com.tr\/wp-content\/uploads\/2022\/03\/jotun-1.jpg?resize=350%2C200&ssl=1","width":350,"height":200},"classes":[]},{"id":2735,"url":"https:\/\/yenerticaret.com.tr\/en\/product\/jotun-penguard-topcoat\/","url_meta":{"origin":2721,"position":3},"title":"Jotun Penguard Topcoat","date":"25 May 2022","format":false,"excerpt":"\u00c7ift bile\u015fenli poliamid k\u00fcrlenmeli epoksi boyad\u0131r. Orta seviyede parlakl\u0131k dayan\u0131m\u0131 olan, parlak bir son katt\u0131r. Atmosferik ko\u015fullara maruz kalan yap\u0131larda son kat olarak kullan\u0131l\u0131r.","rel":"","context":"Similar post","img":{"alt_text":"","src":"https:\/\/i0.wp.com\/yenerticaret.com.tr\/wp-content\/uploads\/2022\/03\/jotun-1.jpg?resize=350%2C200&ssl=1","width":350,"height":200},"classes":[]},{"id":2749,"url":"https:\/\/yenerticaret.com.tr\/en\/product\/jotun-futura-classic\/","url_meta":{"origin":2721,"position":4},"title":"Jotun Futura Classic","date":"25 May 2022","format":false,"excerpt":"\u00c7ift bile\u015fenli, kimyasal k\u00fcrlenmeli, alifatik akrilik poli\u00fcretan esasl\u0131 bir boyad\u0131r.'Parlak' bir sonkatt\u0131r ve parlakl\u0131k dayan\u0131m\u0131 iyidir. Kat\u0131 madde oran\u0131 y\u00fcksektir. Tozuma seviyesi d\u00fc\u015f\u00fckt\u00fcr ve iyi uygulama \u00f6zelliklerine sahiptir. Atmosferik ko\u015fullara maruz kalan yap\u0131larda son kat olarak kullan\u0131l\u0131r.","rel":"","context":"Similar post","img":{"alt_text":"","src":"https:\/\/i0.wp.com\/yenerticaret.com.tr\/wp-content\/uploads\/2022\/03\/jotun-1.jpg?resize=350%2C200&ssl=1","width":350,"height":200},"classes":[]},{"id":2726,"url":"https:\/\/yenerticaret.com.tr\/en\/product\/jotun-speedy-enamel\/","url_meta":{"origin":2721,"position":5},"title":"Jotun Speedy Enamel","date":"25 May 2022","format":false,"excerpt":"Tek bile\u015fenli, oksidasyon kurumal\u0131, alkid esasl\u0131 bir boyad\u0131r. \u0130yi seviyede parlakl\u0131k dayan\u0131m\u0131 olan, parlak bir son katt\u0131r. Y\u00fcksek yap\u0131l\u0131 bir \u00fcr\u00fcnd\u00fcr. H\u0131zl\u0131 kurumal\u0131d\u0131r. Atmosferik ko\u015fullara maruz kalan yap\u0131larda son kat olarak kullan\u0131l\u0131r. \u00a0","rel":"","context":"Similar post","img":{"alt_text":"","src":"https:\/\/i0.wp.com\/yenerticaret.com.tr\/wp-content\/uploads\/2022\/03\/jotun-1.jpg?resize=350%2C200&ssl=1","width":350,"height":200},"classes":[]}],"_links":{"self":[{"href":"https:\/\/yenerticaret.com.tr\/en\/wp-json\/wp\/v2\/product\/2721"}],"collection":[{"href":"https:\/\/yenerticaret.com.tr\/en\/wp-json\/wp\/v2\/product"}],"about":[{"href":"https:\/\/yenerticaret.com.tr\/en\/wp-json\/wp\/v2\/types\/product"}],"wp:featuredmedia":[{"embeddable":true,"href":"https:\/\/yenerticaret.com.tr\/en\/wp-json\/wp\/v2\/media\/2715"}],"wp:attachment":[{"href":"https:\/\/yenerticaret.com.tr\/en\/wp-json\/wp\/v2\/media?parent=2721"}],"wp:term":[{"taxonomy":"product_cat","embeddable":true,"href":"https:\/\/yenerticaret.com.tr\/en\/wp-json\/wp\/v2\/product_cat?post=2721"},{"taxonomy":"product_tag","embeddable":true,"href":"https:\/\/yenerticaret.com.tr\/en\/wp-json\/wp\/v2\/product_tag?post=2721"}],"curies":[{"name":"wp","href":"https:\/\/api.w.org\/{rel}","templated":true}]}}