{"id":2728,"date":"2022-05-25T10:49:37","date_gmt":"2022-05-25T07:49:37","guid":{"rendered":"https:\/\/yenerticaret.com.tr\/?post_type=product&#038;p=2728"},"modified":"2022-05-25T10:51:55","modified_gmt":"2022-05-25T07:51:55","slug":"jotun-solvalitt-midterm","status":"publish","type":"product","link":"https:\/\/yenerticaret.com.tr\/en\/product\/jotun-solvalitt-midterm\/","title":{"rendered":"Jotun Solvalitt Midterm"},"content":{"rendered":"<section class=\"product__info-about list-wrap link-wrap\"><span>Solvalitt Midtherm, 260 \u00b0C&#8217;ye kadar \u0131s\u0131ya dayan\u0131kl\u0131, dayan\u0131kl\u0131 bir estetik y\u00fczey sa\u011flayan, tek bile\u015fenli, fiziksel olarak kuruyan bir silikon akrilik kaplamad\u0131r.\u00a0Solvalitt Midtherm, \u0131s\u0131ya dayan\u0131kl\u0131 Jotatemp serimizdeki t\u00fcm \u00fcr\u00fcnlerle uyumludur.\u00a0Yal\u0131t\u0131ml\u0131 ve yal\u0131t\u0131ms\u0131z y\u00fczeyler i\u00e7in uygundur ve atmosferik ortamlarda astar, ara kat veya son kat olarak kullan\u0131labilir.\u00a0Tek bile\u015fenli sadelik uygulamay\u0131 kolayla\u015ft\u0131r\u0131r.\u00a0Solvalitt Midtherm, tebe\u015firlenmeyen \u00f6zelliklere sahip 15 y\u00fcksek s\u0131cakl\u0131\u011fa dayan\u0131kl\u0131 renkte mevcuttur.\u00a0Ek renkler MCI \u00fczerinde renklendirilebilir (k\u0131s\u0131tlamalar ge\u00e7erli olabilir).\u00a0Solvalitt Midtherm&#8217;in bir al\u00fcminyum \u00e7e\u015fidi de mevcuttur &#8211; Solvalitt Midtherm Alu.<\/span><\/p>\n<p><a href=\"https:\/\/jotundatasheetsprod.blob.core.windows.net\/tds\/TDS%C2%A41493%C2%A4Solvalitt%20Midtherm%C2%A4tr-TR%C2%A4TR.pdf\"><img loading=\"lazy\" class=\"alignleft wp-image-2712\" src=\"https:\/\/yenerticaret.com.tr\/wp-content\/uploads\/2022\/03\/technical-pecs.png\" alt=\"\" width=\"474\" height=\"46\" srcset=\"https:\/\/yenerticaret.com.tr\/wp-content\/uploads\/2022\/03\/technical-pecs-400x39.png 400w, https:\/\/yenerticaret.com.tr\/wp-content\/uploads\/2022\/03\/technical-pecs-367x36.png 367w\" sizes=\"(max-width: 474px) 100vw, 474px\" \/><\/a><\/p>\n<\/section>","protected":false},"excerpt":{"rendered":"<p>Tek bile\u015fenli, fiziksel kurumal\u0131, silikon akrilik esasl\u0131 bir boyad\u0131r. 600 dereceye kadar \u0131s\u0131ya dayan\u0131kl\u0131d\u0131r. Atmosfere a\u00e7\u0131k ko\u015fullarda astar, ara kat veya son kat olarak kullan\u0131labilir. D\u00fczg\u00fcn bir \u015fekilde haz\u0131rlanm\u0131\u015f karbon \u00e7elik, galvanizli \u00e7elik, paslanmaz \u00e7elik ve aluminyum y\u00fczeyler i\u00e7in uygundur<\/p>\n<p>&nbsp;<\/p>","protected":false},"featured_media":2715,"template":"","meta":{"_mi_skip_tracking":false,"jetpack_publicize_message":"","jetpack_is_tweetstorm":false,"jetpack_publicize_feature_enabled":true},"product_cat":[110,105,106],"product_tag":[],"jetpack_publicize_connections":[],"yoast_head":"<!-- This site is optimized with the Yoast SEO Premium plugin v17.7 (Yoast SEO v18.5.1) - https:\/\/yoast.com\/wordpress\/plugins\/seo\/ -->\n<title>Jotun Solvalitt Midterm | Yener Ticaret Ltd. \u015eti.<\/title>\n<meta name=\"robots\" content=\"index, follow, max-snippet:-1, max-image-preview:large, max-video-preview:-1\" \/>\n<link rel=\"canonical\" href=\"https:\/\/yenerticaret.com.tr\/en\/product\/jotun-solvalitt-midterm\/\" \/>\n<meta property=\"og:locale\" content=\"en_GB\" \/>\n<meta property=\"og:type\" content=\"article\" \/>\n<meta property=\"og:title\" content=\"Jotun Solvalitt Midterm\" \/>\n<meta property=\"og:description\" content=\"Tek bile\u015fenli, fiziksel kurumal\u0131, silikon akrilik esasl\u0131 bir boyad\u0131r. 600 dereceye kadar \u0131s\u0131ya dayan\u0131kl\u0131d\u0131r. Atmosfere a\u00e7\u0131k ko\u015fullarda astar, ara kat veya son kat olarak kullan\u0131labilir. D\u00fczg\u00fcn bir \u015fekilde haz\u0131rlanm\u0131\u015f karbon \u00e7elik, galvanizli \u00e7elik, paslanmaz \u00e7elik ve aluminyum y\u00fczeyler i\u00e7in uygundur  &nbsp;\" \/>\n<meta property=\"og:url\" content=\"https:\/\/yenerticaret.com.tr\/en\/product\/jotun-solvalitt-midterm\/\" \/>\n<meta property=\"og:site_name\" content=\"Yener Ticaret Ltd. \u015eti.\" \/>\n<meta property=\"article:modified_time\" content=\"2022-05-25T07:51:55+00:00\" \/>\n<meta property=\"og:image\" content=\"https:\/\/yenerticaret.com.tr\/wp-content\/uploads\/2022\/03\/jotun-1.jpg\" \/>\n\t<meta property=\"og:image:width\" content=\"596\" \/>\n\t<meta property=\"og:image:height\" content=\"596\" \/>\n\t<meta property=\"og:image:type\" content=\"image\/jpeg\" \/>\n<meta name=\"twitter:card\" content=\"summary\" \/>\n<meta name=\"twitter:label1\" content=\"Estimated reading time\" \/>\n\t<meta name=\"twitter:data1\" content=\"1 minute\" \/>\n<script type=\"application\/ld+json\" class=\"yoast-schema-graph\">{\"@context\":\"https:\/\/schema.org\",\"@graph\":[{\"@type\":\"WebSite\",\"@id\":\"https:\/\/yenerticaret.com.tr\/#website\",\"url\":\"https:\/\/yenerticaret.com.tr\/\",\"name\":\"Yener Ticaret Ltd. \u015eti.\",\"description\":\"Jotun Sanayi ve Marin Boyalar\u0131 Bayii\",\"potentialAction\":[{\"@type\":\"SearchAction\",\"target\":{\"@type\":\"EntryPoint\",\"urlTemplate\":\"https:\/\/yenerticaret.com.tr\/?s={search_term_string}\"},\"query-input\":\"required name=search_term_string\"}],\"inLanguage\":\"en-GB\"},{\"@type\":\"ImageObject\",\"@id\":\"https:\/\/yenerticaret.com.tr\/urun\/jotun-solvalitt-midterm\/#primaryimage\",\"inLanguage\":\"en-GB\",\"url\":\"https:\/\/yenerticaret.com.tr\/wp-content\/uploads\/2022\/03\/jotun-1.jpg\",\"contentUrl\":\"https:\/\/yenerticaret.com.tr\/wp-content\/uploads\/2022\/03\/jotun-1.jpg\",\"width\":596,\"height\":596},{\"@type\":\"WebPage\",\"@id\":\"https:\/\/yenerticaret.com.tr\/urun\/jotun-solvalitt-midterm\/#webpage\",\"url\":\"https:\/\/yenerticaret.com.tr\/urun\/jotun-solvalitt-midterm\/\",\"name\":\"Jotun Solvalitt Midterm | Yener Ticaret Ltd. \u015eti.\",\"isPartOf\":{\"@id\":\"https:\/\/yenerticaret.com.tr\/#website\"},\"primaryImageOfPage\":{\"@id\":\"https:\/\/yenerticaret.com.tr\/urun\/jotun-solvalitt-midterm\/#primaryimage\"},\"datePublished\":\"2022-05-25T07:49:37+00:00\",\"dateModified\":\"2022-05-25T07:51:55+00:00\",\"breadcrumb\":{\"@id\":\"https:\/\/yenerticaret.com.tr\/urun\/jotun-solvalitt-midterm\/#breadcrumb\"},\"inLanguage\":\"en-GB\",\"potentialAction\":[{\"@type\":\"ReadAction\",\"target\":[\"https:\/\/yenerticaret.com.tr\/urun\/jotun-solvalitt-midterm\/\"]}]},{\"@type\":\"BreadcrumbList\",\"@id\":\"https:\/\/yenerticaret.com.tr\/urun\/jotun-solvalitt-midterm\/#breadcrumb\",\"itemListElement\":[{\"@type\":\"ListItem\",\"position\":1,\"name\":\"Home\",\"item\":\"https:\/\/yenerticaret.com.tr\/\"},{\"@type\":\"ListItem\",\"position\":2,\"name\":\"Jotun Ma\u011faza\",\"item\":\"https:\/\/yenerticaret.com.tr\/jotun-magaza\/\"},{\"@type\":\"ListItem\",\"position\":3,\"name\":\"Jotun Solvalitt Midterm\"}]}]}<\/script>\n<!-- \/ Yoast SEO Premium plugin. -->","yoast_head_json":{"title":"Jotun Solvalitt Midterm | Yener Ticaret Ltd. \u015eti.","robots":{"index":"index","follow":"follow","max-snippet":"max-snippet:-1","max-image-preview":"max-image-preview:large","max-video-preview":"max-video-preview:-1"},"canonical":"https:\/\/yenerticaret.com.tr\/en\/product\/jotun-solvalitt-midterm\/","og_locale":"en_GB","og_type":"article","og_title":"Jotun Solvalitt Midterm","og_description":"Tek bile\u015fenli, fiziksel kurumal\u0131, silikon akrilik esasl\u0131 bir boyad\u0131r. 600 dereceye kadar \u0131s\u0131ya dayan\u0131kl\u0131d\u0131r. Atmosfere a\u00e7\u0131k ko\u015fullarda astar, ara kat veya son kat olarak kullan\u0131labilir. D\u00fczg\u00fcn bir \u015fekilde haz\u0131rlanm\u0131\u015f karbon \u00e7elik, galvanizli \u00e7elik, paslanmaz \u00e7elik ve aluminyum y\u00fczeyler i\u00e7in uygundur  &nbsp;","og_url":"https:\/\/yenerticaret.com.tr\/en\/product\/jotun-solvalitt-midterm\/","og_site_name":"Yener Ticaret Ltd. \u015eti.","article_modified_time":"2022-05-25T07:51:55+00:00","og_image":[{"width":596,"height":596,"url":"https:\/\/yenerticaret.com.tr\/wp-content\/uploads\/2022\/03\/jotun-1.jpg","type":"image\/jpeg"}],"twitter_card":"summary","twitter_misc":{"Estimated reading time":"1 minute"},"schema":{"@context":"https:\/\/schema.org","@graph":[{"@type":"WebSite","@id":"https:\/\/yenerticaret.com.tr\/#website","url":"https:\/\/yenerticaret.com.tr\/","name":"Yener Ticaret Ltd. \u015eti.","description":"Jotun Sanayi ve Marin Boyalar\u0131 Bayii","potentialAction":[{"@type":"SearchAction","target":{"@type":"EntryPoint","urlTemplate":"https:\/\/yenerticaret.com.tr\/?s={search_term_string}"},"query-input":"required name=search_term_string"}],"inLanguage":"en-GB"},{"@type":"ImageObject","@id":"https:\/\/yenerticaret.com.tr\/urun\/jotun-solvalitt-midterm\/#primaryimage","inLanguage":"en-GB","url":"https:\/\/yenerticaret.com.tr\/wp-content\/uploads\/2022\/03\/jotun-1.jpg","contentUrl":"https:\/\/yenerticaret.com.tr\/wp-content\/uploads\/2022\/03\/jotun-1.jpg","width":596,"height":596},{"@type":"WebPage","@id":"https:\/\/yenerticaret.com.tr\/urun\/jotun-solvalitt-midterm\/#webpage","url":"https:\/\/yenerticaret.com.tr\/urun\/jotun-solvalitt-midterm\/","name":"Jotun Solvalitt Midterm | Yener Ticaret Ltd. \u015eti.","isPartOf":{"@id":"https:\/\/yenerticaret.com.tr\/#website"},"primaryImageOfPage":{"@id":"https:\/\/yenerticaret.com.tr\/urun\/jotun-solvalitt-midterm\/#primaryimage"},"datePublished":"2022-05-25T07:49:37+00:00","dateModified":"2022-05-25T07:51:55+00:00","breadcrumb":{"@id":"https:\/\/yenerticaret.com.tr\/urun\/jotun-solvalitt-midterm\/#breadcrumb"},"inLanguage":"en-GB","potentialAction":[{"@type":"ReadAction","target":["https:\/\/yenerticaret.com.tr\/urun\/jotun-solvalitt-midterm\/"]}]},{"@type":"BreadcrumbList","@id":"https:\/\/yenerticaret.com.tr\/urun\/jotun-solvalitt-midterm\/#breadcrumb","itemListElement":[{"@type":"ListItem","position":1,"name":"Home","item":"https:\/\/yenerticaret.com.tr\/"},{"@type":"ListItem","position":2,"name":"Jotun Ma\u011faza","item":"https:\/\/yenerticaret.com.tr\/jotun-magaza\/"},{"@type":"ListItem","position":3,"name":"Jotun Solvalitt Midterm"}]}]}},"jetpack-related-posts":[{"id":2727,"url":"https:\/\/yenerticaret.com.tr\/en\/product\/jotun-solvalitt-midtherm\/","url_meta":{"origin":2728,"position":0},"title":"Jotun Solvalitt Midtherm","date":"25 May 2022","format":false,"excerpt":"Tek bile\u015fenli, fiziksel kurumal\u0131, silikon akrilik esasl\u0131 bir boyad\u0131r. 260 dereceye kadar \u0131s\u0131ya dayan\u0131kl\u0131d\u0131r. Atmosfere a\u00e7\u0131k ko\u015fullarda astar, ara kat veya son kat olarak kullan\u0131labilir. D\u00fczg\u00fcn bir \u015fekilde haz\u0131rlanm\u0131\u015f karbon \u00e7elik, galvanizli \u00e7elik, paslanmaz \u00e7elik ve aluminyum y\u00fczeyler i\u00e7in uygundur. \u00a0","rel":"","context":"Similar post","img":{"alt_text":"","src":"https:\/\/i0.wp.com\/yenerticaret.com.tr\/wp-content\/uploads\/2022\/03\/jotun-1.jpg?resize=350%2C200&ssl=1","width":350,"height":200},"classes":[]},{"id":2762,"url":"https:\/\/yenerticaret.com.tr\/en\/product\/jotun-hardtop-smart-pack\/","url_meta":{"origin":2728,"position":1},"title":"Jotun Hardtop Smart Pack","date":"25 May 2022","format":false,"excerpt":"Kimyasal k\u00fcrlenmeli \u00e7ift bile\u015fenli modifiye akrilik son katt\u0131r. \u00dcr\u00fcn izosiyanat i\u00e7ermez ve ayr\u0131ca \u0131s\u0131l i\u015flem, kaynak veya yang\u0131n s\u0131ras\u0131nda diizosiyanat olu\u015fumuna neden olmaz. 'Parlak' bir sonkatt\u0131r ve parlakl\u0131k dayan\u0131m\u0131 iyidir. Do\u011frudan metale uygulanabilir. 1:1 kar\u0131\u015f\u0131m oran\u0131 ile daha kolay kullan\u0131m ve daha az kay\u0131p sa\u011flar. \u00d6zellikle f\u0131r\u00e7a ve rulo uygulamas\u0131\u2026","rel":"","context":"Similar post","img":{"alt_text":"","src":"https:\/\/i0.wp.com\/yenerticaret.com.tr\/wp-content\/uploads\/2022\/03\/jotun-1.jpg?resize=350%2C200&ssl=1","width":350,"height":200},"classes":[]},{"id":2739,"url":"https:\/\/yenerticaret.com.tr\/en\/product\/jotun-hardtop-as\/","url_meta":{"origin":2728,"position":2},"title":"Jotun Hardtop AS","date":"25 May 2022","format":false,"excerpt":"\u00c7ift bile\u015fenli, kimyasal k\u00fcrlenmeli, alifatik akrilik poli\u00fcretan esasl\u0131 bir boyad\u0131r. M\u00fckemmel parlakl\u0131k dayan\u0131m\u0131 olan \u00e7ok parlak bir son katt\u0131r. Kimyasal dayan\u0131m\u0131 iyidir. Atmosferik ko\u015fullara maruz kalan yap\u0131larda son kat olarak kullan\u0131l\u0131r.","rel":"","context":"Similar post","img":{"alt_text":"","src":"https:\/\/i0.wp.com\/yenerticaret.com.tr\/wp-content\/uploads\/2022\/03\/jotun-1.jpg?resize=350%2C200&ssl=1","width":350,"height":200},"classes":[]},{"id":2751,"url":"https:\/\/yenerticaret.com.tr\/en\/product\/jotun-hardtop-flexi\/","url_meta":{"origin":2728,"position":3},"title":"Jotun Hardtop Flexi","date":"25 May 2022","format":false,"excerpt":"\u00c7ift bile\u015fenli, kimyasal k\u00fcrlenmeli, alifatik akrilik poli\u00fcretan esasl\u0131 bir boyad\u0131r.Parlakl\u0131k dayan\u0131m\u0131 \u00e7ok iyi olan bir son kat \u00fcr\u00fcnd\u00fcr. Y\u00fcksek kat\u0131 maddeli ve y\u00fcksek yap\u0131l\u0131 bir \u00fcr\u00fcnd\u00fcr. H\u0131zl\u0131 kurumal\u0131d\u0131r. Do\u011frudan metale uygulanabilir. \u00dcr\u00fcn son derece esnek, y\u00fcksek darbe dayan\u0131ml\u0131 ve m\u00fckemmel yap\u0131\u015fma \u00f6zelliklerine sahiptir. Atmosferik ko\u015fullara maruz kalan yap\u0131larda son kat\u2026","rel":"","context":"Similar post","img":{"alt_text":"","src":"https:\/\/i0.wp.com\/yenerticaret.com.tr\/wp-content\/uploads\/2022\/03\/jotun-1.jpg?resize=350%2C200&ssl=1","width":350,"height":200},"classes":[]},{"id":2760,"url":"https:\/\/yenerticaret.com.tr\/en\/product\/jotun-jotamastic-87\/","url_meta":{"origin":2728,"position":4},"title":"Jotun Jotamastic 87","date":"25 May 2022","format":false,"excerpt":"\u00c7ift bile\u015fenli poliamin k\u00fcrlenmeli mastik epoksi esasl\u0131 bir boyad\u0131r. Y\u00fczey toleransl\u0131, y\u00fcksek kat\u0131 maddeli, y\u00fcksek yap\u0131l\u0131 bir \u00fcr\u00fcnd\u00fcr. Optimum y\u00fczey haz\u0131rl\u0131\u011f\u0131n\u0131n sa\u011flanamad\u0131\u011f\u0131 veya istenmedi\u011fi y\u00fczeyler i\u00e7in \u00f6zel olarak geli\u015ftirilmi\u015ftir. Y\u00fcksek korozif ortamlarda uzun s\u00fcreli koruma sa\u011flar. Atmosferik ko\u015fullara maruz kalan yap\u0131larda ve su alt\u0131 alanlar\u0131nda ara kat veya son kat,\u2026","rel":"","context":"Similar post","img":{"alt_text":"","src":"https:\/\/i0.wp.com\/yenerticaret.com.tr\/wp-content\/uploads\/2022\/03\/jotun-1.jpg?resize=350%2C200&ssl=1","width":350,"height":200},"classes":[]},{"id":2732,"url":"https:\/\/yenerticaret.com.tr\/en\/product\/penguard-ekspres-zp\/","url_meta":{"origin":2728,"position":5},"title":"Penguard Ekspres ZP","date":"25 May 2022","format":false,"excerpt":"\u00c7ift bile\u015fenli, amin k\u00fcrlenmeli epoksi esasl\u0131 bir boyad\u0131r. H\u0131zl\u0131 kuruyan, y\u00fcksek kat\u0131 maddeli ve y\u00fcksek yap\u0131l\u0131 bir \u00fcr\u00fcnd\u00fcr. \u00d6zellikle h\u0131zl\u0131 kat boyas\u0131 uygulamalar\u0131 ve h\u0131zl\u0131 malzeme transferi gerektiren yeni in\u015falara y\u00f6nelik tasarlanm\u0131\u015ft\u0131r. Atmosferik ortamlarda astar, ara kat ve son kat veya tek katl\u0131 sistem olarak kullan\u0131labilir. Uygun \u015fekilde haz\u0131rlanm\u0131\u015f karbon\u2026","rel":"","context":"Similar post","img":{"alt_text":"","src":"https:\/\/i0.wp.com\/yenerticaret.com.tr\/wp-content\/uploads\/2022\/03\/jotun-1.jpg?resize=350%2C200&ssl=1","width":350,"height":200},"classes":[]}],"_links":{"self":[{"href":"https:\/\/yenerticaret.com.tr\/en\/wp-json\/wp\/v2\/product\/2728"}],"collection":[{"href":"https:\/\/yenerticaret.com.tr\/en\/wp-json\/wp\/v2\/product"}],"about":[{"href":"https:\/\/yenerticaret.com.tr\/en\/wp-json\/wp\/v2\/types\/product"}],"wp:featuredmedia":[{"embeddable":true,"href":"https:\/\/yenerticaret.com.tr\/en\/wp-json\/wp\/v2\/media\/2715"}],"wp:attachment":[{"href":"https:\/\/yenerticaret.com.tr\/en\/wp-json\/wp\/v2\/media?parent=2728"}],"wp:term":[{"taxonomy":"product_cat","embeddable":true,"href":"https:\/\/yenerticaret.com.tr\/en\/wp-json\/wp\/v2\/product_cat?post=2728"},{"taxonomy":"product_tag","embeddable":true,"href":"https:\/\/yenerticaret.com.tr\/en\/wp-json\/wp\/v2\/product_tag?post=2728"}],"curies":[{"name":"wp","href":"https:\/\/api.w.org\/{rel}","templated":true}]}}