{"id":2730,"date":"2022-05-25T10:52:47","date_gmt":"2022-05-25T07:52:47","guid":{"rendered":"https:\/\/yenerticaret.com.tr\/?post_type=product&#038;p=2730"},"modified":"2022-05-25T10:53:59","modified_gmt":"2022-05-25T07:53:59","slug":"jotun-conseal-touch-up","status":"publish","type":"product","link":"https:\/\/yenerticaret.com.tr\/en\/product\/jotun-conseal-touch-up\/","title":{"rendered":"Jotun Conseal  Touch-Up"},"content":{"rendered":"","protected":false},"excerpt":{"rendered":"<p>Tek bile\u015fenli, fiziksel kurumal\u0131, akrilik esasl\u0131 bir boyad\u0131r. Mat g\u00f6r\u00fcn\u00fcml\u00fcd\u00fcr. Y\u00fcksek yap\u0131l\u0131 bir \u00fcr\u00fcnd\u00fcr. H\u0131zl\u0131 kurumal\u0131d\u0131r. Do\u011frudan metale uygulanabilir. Atmosferik ko\u015fullara maruz kalan yap\u0131larda son kat olarak kullan\u0131l\u0131r. S\u0131f\u0131r\u0131n alt\u0131ndaki y\u00fczey s\u0131cakl\u0131klar\u0131nda da uygulanabilir.<\/p>","protected":false},"featured_media":2715,"template":"","meta":{"_mi_skip_tracking":false,"jetpack_publicize_message":"","jetpack_is_tweetstorm":false,"jetpack_publicize_feature_enabled":true},"product_cat":[110,105,106],"product_tag":[],"jetpack_publicize_connections":[],"yoast_head":"<!-- This site is optimized with the Yoast SEO Premium plugin v17.7 (Yoast SEO v18.5.1) - https:\/\/yoast.com\/wordpress\/plugins\/seo\/ -->\n<title>Jotun Conseal Touch-Up | Yener Ticaret Ltd. \u015eti.<\/title>\n<meta name=\"robots\" content=\"index, follow, max-snippet:-1, max-image-preview:large, max-video-preview:-1\" \/>\n<link rel=\"canonical\" href=\"https:\/\/yenerticaret.com.tr\/en\/product\/jotun-conseal-touch-up\/\" \/>\n<meta property=\"og:locale\" content=\"en_GB\" \/>\n<meta property=\"og:type\" content=\"article\" \/>\n<meta property=\"og:title\" content=\"Jotun Conseal Touch-Up\" \/>\n<meta property=\"og:description\" content=\"Tek bile\u015fenli, fiziksel kurumal\u0131, akrilik esasl\u0131 bir boyad\u0131r. Mat g\u00f6r\u00fcn\u00fcml\u00fcd\u00fcr. Y\u00fcksek yap\u0131l\u0131 bir \u00fcr\u00fcnd\u00fcr. H\u0131zl\u0131 kurumal\u0131d\u0131r. Do\u011frudan metale uygulanabilir. Atmosferik ko\u015fullara maruz kalan yap\u0131larda son kat olarak kullan\u0131l\u0131r. S\u0131f\u0131r\u0131n alt\u0131ndaki y\u00fczey s\u0131cakl\u0131klar\u0131nda da uygulanabilir.\" \/>\n<meta property=\"og:url\" content=\"https:\/\/yenerticaret.com.tr\/en\/product\/jotun-conseal-touch-up\/\" \/>\n<meta property=\"og:site_name\" content=\"Yener Ticaret Ltd. \u015eti.\" \/>\n<meta property=\"article:modified_time\" content=\"2022-05-25T07:53:59+00:00\" \/>\n<meta property=\"og:image\" content=\"https:\/\/yenerticaret.com.tr\/wp-content\/uploads\/2022\/03\/jotun-1.jpg\" \/>\n\t<meta property=\"og:image:width\" content=\"596\" \/>\n\t<meta property=\"og:image:height\" content=\"596\" \/>\n\t<meta property=\"og:image:type\" content=\"image\/jpeg\" \/>\n<meta name=\"twitter:card\" content=\"summary\" \/>\n<meta name=\"twitter:label1\" content=\"Estimated reading time\" \/>\n\t<meta name=\"twitter:data1\" content=\"1 minute\" \/>\n<script type=\"application\/ld+json\" class=\"yoast-schema-graph\">{\"@context\":\"https:\/\/schema.org\",\"@graph\":[{\"@type\":\"WebSite\",\"@id\":\"https:\/\/yenerticaret.com.tr\/#website\",\"url\":\"https:\/\/yenerticaret.com.tr\/\",\"name\":\"Yener Ticaret Ltd. \u015eti.\",\"description\":\"Jotun Sanayi ve Marin Boyalar\u0131 Bayii\",\"potentialAction\":[{\"@type\":\"SearchAction\",\"target\":{\"@type\":\"EntryPoint\",\"urlTemplate\":\"https:\/\/yenerticaret.com.tr\/?s={search_term_string}\"},\"query-input\":\"required name=search_term_string\"}],\"inLanguage\":\"en-GB\"},{\"@type\":\"ImageObject\",\"@id\":\"https:\/\/yenerticaret.com.tr\/urun\/jotun-conseal-touch-up\/#primaryimage\",\"inLanguage\":\"en-GB\",\"url\":\"https:\/\/yenerticaret.com.tr\/wp-content\/uploads\/2022\/03\/jotun-1.jpg\",\"contentUrl\":\"https:\/\/yenerticaret.com.tr\/wp-content\/uploads\/2022\/03\/jotun-1.jpg\",\"width\":596,\"height\":596},{\"@type\":\"WebPage\",\"@id\":\"https:\/\/yenerticaret.com.tr\/urun\/jotun-conseal-touch-up\/#webpage\",\"url\":\"https:\/\/yenerticaret.com.tr\/urun\/jotun-conseal-touch-up\/\",\"name\":\"Jotun Conseal Touch-Up | Yener Ticaret Ltd. \u015eti.\",\"isPartOf\":{\"@id\":\"https:\/\/yenerticaret.com.tr\/#website\"},\"primaryImageOfPage\":{\"@id\":\"https:\/\/yenerticaret.com.tr\/urun\/jotun-conseal-touch-up\/#primaryimage\"},\"datePublished\":\"2022-05-25T07:52:47+00:00\",\"dateModified\":\"2022-05-25T07:53:59+00:00\",\"breadcrumb\":{\"@id\":\"https:\/\/yenerticaret.com.tr\/urun\/jotun-conseal-touch-up\/#breadcrumb\"},\"inLanguage\":\"en-GB\",\"potentialAction\":[{\"@type\":\"ReadAction\",\"target\":[\"https:\/\/yenerticaret.com.tr\/urun\/jotun-conseal-touch-up\/\"]}]},{\"@type\":\"BreadcrumbList\",\"@id\":\"https:\/\/yenerticaret.com.tr\/urun\/jotun-conseal-touch-up\/#breadcrumb\",\"itemListElement\":[{\"@type\":\"ListItem\",\"position\":1,\"name\":\"Home\",\"item\":\"https:\/\/yenerticaret.com.tr\/\"},{\"@type\":\"ListItem\",\"position\":2,\"name\":\"Jotun Ma\u011faza\",\"item\":\"https:\/\/yenerticaret.com.tr\/jotun-magaza\/\"},{\"@type\":\"ListItem\",\"position\":3,\"name\":\"Jotun Conseal Touch-Up\"}]}]}<\/script>\n<!-- \/ Yoast SEO Premium plugin. -->","yoast_head_json":{"title":"Jotun Conseal Touch-Up | Yener Ticaret Ltd. \u015eti.","robots":{"index":"index","follow":"follow","max-snippet":"max-snippet:-1","max-image-preview":"max-image-preview:large","max-video-preview":"max-video-preview:-1"},"canonical":"https:\/\/yenerticaret.com.tr\/en\/product\/jotun-conseal-touch-up\/","og_locale":"en_GB","og_type":"article","og_title":"Jotun Conseal Touch-Up","og_description":"Tek bile\u015fenli, fiziksel kurumal\u0131, akrilik esasl\u0131 bir boyad\u0131r. Mat g\u00f6r\u00fcn\u00fcml\u00fcd\u00fcr. Y\u00fcksek yap\u0131l\u0131 bir \u00fcr\u00fcnd\u00fcr. H\u0131zl\u0131 kurumal\u0131d\u0131r. Do\u011frudan metale uygulanabilir. Atmosferik ko\u015fullara maruz kalan yap\u0131larda son kat olarak kullan\u0131l\u0131r. S\u0131f\u0131r\u0131n alt\u0131ndaki y\u00fczey s\u0131cakl\u0131klar\u0131nda da uygulanabilir.","og_url":"https:\/\/yenerticaret.com.tr\/en\/product\/jotun-conseal-touch-up\/","og_site_name":"Yener Ticaret Ltd. \u015eti.","article_modified_time":"2022-05-25T07:53:59+00:00","og_image":[{"width":596,"height":596,"url":"https:\/\/yenerticaret.com.tr\/wp-content\/uploads\/2022\/03\/jotun-1.jpg","type":"image\/jpeg"}],"twitter_card":"summary","twitter_misc":{"Estimated reading time":"1 minute"},"schema":{"@context":"https:\/\/schema.org","@graph":[{"@type":"WebSite","@id":"https:\/\/yenerticaret.com.tr\/#website","url":"https:\/\/yenerticaret.com.tr\/","name":"Yener Ticaret Ltd. \u015eti.","description":"Jotun Sanayi ve Marin Boyalar\u0131 Bayii","potentialAction":[{"@type":"SearchAction","target":{"@type":"EntryPoint","urlTemplate":"https:\/\/yenerticaret.com.tr\/?s={search_term_string}"},"query-input":"required name=search_term_string"}],"inLanguage":"en-GB"},{"@type":"ImageObject","@id":"https:\/\/yenerticaret.com.tr\/urun\/jotun-conseal-touch-up\/#primaryimage","inLanguage":"en-GB","url":"https:\/\/yenerticaret.com.tr\/wp-content\/uploads\/2022\/03\/jotun-1.jpg","contentUrl":"https:\/\/yenerticaret.com.tr\/wp-content\/uploads\/2022\/03\/jotun-1.jpg","width":596,"height":596},{"@type":"WebPage","@id":"https:\/\/yenerticaret.com.tr\/urun\/jotun-conseal-touch-up\/#webpage","url":"https:\/\/yenerticaret.com.tr\/urun\/jotun-conseal-touch-up\/","name":"Jotun Conseal Touch-Up | Yener Ticaret Ltd. \u015eti.","isPartOf":{"@id":"https:\/\/yenerticaret.com.tr\/#website"},"primaryImageOfPage":{"@id":"https:\/\/yenerticaret.com.tr\/urun\/jotun-conseal-touch-up\/#primaryimage"},"datePublished":"2022-05-25T07:52:47+00:00","dateModified":"2022-05-25T07:53:59+00:00","breadcrumb":{"@id":"https:\/\/yenerticaret.com.tr\/urun\/jotun-conseal-touch-up\/#breadcrumb"},"inLanguage":"en-GB","potentialAction":[{"@type":"ReadAction","target":["https:\/\/yenerticaret.com.tr\/urun\/jotun-conseal-touch-up\/"]}]},{"@type":"BreadcrumbList","@id":"https:\/\/yenerticaret.com.tr\/urun\/jotun-conseal-touch-up\/#breadcrumb","itemListElement":[{"@type":"ListItem","position":1,"name":"Home","item":"https:\/\/yenerticaret.com.tr\/"},{"@type":"ListItem","position":2,"name":"Jotun Ma\u011faza","item":"https:\/\/yenerticaret.com.tr\/jotun-magaza\/"},{"@type":"ListItem","position":3,"name":"Jotun Conseal Touch-Up"}]}]}},"jetpack-related-posts":[{"id":2751,"url":"https:\/\/yenerticaret.com.tr\/en\/product\/jotun-hardtop-flexi\/","url_meta":{"origin":2730,"position":0},"title":"Jotun Hardtop Flexi","date":"25 May 2022","format":false,"excerpt":"\u00c7ift bile\u015fenli, kimyasal k\u00fcrlenmeli, alifatik akrilik poli\u00fcretan esasl\u0131 bir boyad\u0131r.Parlakl\u0131k dayan\u0131m\u0131 \u00e7ok iyi olan bir son kat \u00fcr\u00fcnd\u00fcr. Y\u00fcksek kat\u0131 maddeli ve y\u00fcksek yap\u0131l\u0131 bir \u00fcr\u00fcnd\u00fcr. H\u0131zl\u0131 kurumal\u0131d\u0131r. Do\u011frudan metale uygulanabilir. \u00dcr\u00fcn son derece esnek, y\u00fcksek darbe dayan\u0131ml\u0131 ve m\u00fckemmel yap\u0131\u015fma \u00f6zelliklerine sahiptir. Atmosferik ko\u015fullara maruz kalan yap\u0131larda son kat\u2026","rel":"","context":"Similar post","img":{"alt_text":"","src":"https:\/\/i0.wp.com\/yenerticaret.com.tr\/wp-content\/uploads\/2022\/03\/jotun-1.jpg?resize=350%2C200&ssl=1","width":350,"height":200},"classes":[]},{"id":2726,"url":"https:\/\/yenerticaret.com.tr\/en\/product\/jotun-speedy-enamel\/","url_meta":{"origin":2730,"position":1},"title":"Jotun Speedy Enamel","date":"25 May 2022","format":false,"excerpt":"Tek bile\u015fenli, oksidasyon kurumal\u0131, alkid esasl\u0131 bir boyad\u0131r. \u0130yi seviyede parlakl\u0131k dayan\u0131m\u0131 olan, parlak bir son katt\u0131r. Y\u00fcksek yap\u0131l\u0131 bir \u00fcr\u00fcnd\u00fcr. H\u0131zl\u0131 kurumal\u0131d\u0131r. Atmosferik ko\u015fullara maruz kalan yap\u0131larda son kat olarak kullan\u0131l\u0131r. \u00a0","rel":"","context":"Similar post","img":{"alt_text":"","src":"https:\/\/i0.wp.com\/yenerticaret.com.tr\/wp-content\/uploads\/2022\/03\/jotun-1.jpg?resize=350%2C200&ssl=1","width":350,"height":200},"classes":[]},{"id":2721,"url":"https:\/\/yenerticaret.com.tr\/en\/product\/jotun-pilot-ii\/","url_meta":{"origin":2730,"position":2},"title":"Jotun Pilot II","date":"24 May 2022","format":false,"excerpt":"Tek bile\u015fenli, oksidasyon kurumal\u0131, alkid esasl\u0131 bir boyad\u0131r. 'Parlak' bir sonkatt\u0131r ve parlakl\u0131k dayan\u0131m\u0131 iyidir. Atmosferik ko\u015fullara maruz kalan yap\u0131larda son kat olarak kullan\u0131l\u0131r.","rel":"","context":"Similar post","img":{"alt_text":"","src":"https:\/\/i0.wp.com\/yenerticaret.com.tr\/wp-content\/uploads\/2022\/03\/jotun-1.jpg?resize=350%2C200&ssl=1","width":350,"height":200},"classes":[]},{"id":2646,"url":"https:\/\/yenerticaret.com.tr\/en\/product\/jotun-pilot-qd-primer-red-grey\/","url_meta":{"origin":2730,"position":3},"title":"Jotun Pilot QD Primer Red\/Grey","date":"23 March 2022","format":false,"excerpt":"Pilot QD Primer, \u00e7inko fosfat i\u00e7eren, tek bile\u015fenli, oksidatif olarak kuruyan bir alkid astard\u0131r.\u00a0Pilot QD Primer tek bile\u015fenli olarak gelir ve kar\u0131\u015ft\u0131rma gerektirmez - at\u0131klar\u0131, d\u00f6k\u00fclmeleri ve art\u0131k boyay\u0131 azalt\u0131r.\u00a0H\u0131zl\u0131 kurur, sadece 90 dakikada sert kuru bir film olu\u015fturarak kaplamal\u0131 \u00fcr\u00fcnlerinizi h\u0131zla ta\u015f\u0131man\u0131za, istiflemenize, g\u00f6ndermenize veya kullanman\u0131za olanak tan\u0131r.","rel":"","context":"Similar post","img":{"alt_text":"","src":"https:\/\/i0.wp.com\/yenerticaret.com.tr\/wp-content\/uploads\/2022\/03\/jotun-1.jpg?resize=350%2C200&ssl=1","width":350,"height":200},"classes":[]},{"id":2727,"url":"https:\/\/yenerticaret.com.tr\/en\/product\/jotun-solvalitt-midtherm\/","url_meta":{"origin":2730,"position":4},"title":"Jotun Solvalitt Midtherm","date":"25 May 2022","format":false,"excerpt":"Tek bile\u015fenli, fiziksel kurumal\u0131, silikon akrilik esasl\u0131 bir boyad\u0131r. 260 dereceye kadar \u0131s\u0131ya dayan\u0131kl\u0131d\u0131r. Atmosfere a\u00e7\u0131k ko\u015fullarda astar, ara kat veya son kat olarak kullan\u0131labilir. D\u00fczg\u00fcn bir \u015fekilde haz\u0131rlanm\u0131\u015f karbon \u00e7elik, galvanizli \u00e7elik, paslanmaz \u00e7elik ve aluminyum y\u00fczeyler i\u00e7in uygundur. \u00a0","rel":"","context":"Similar post","img":{"alt_text":"","src":"https:\/\/i0.wp.com\/yenerticaret.com.tr\/wp-content\/uploads\/2022\/03\/jotun-1.jpg?resize=350%2C200&ssl=1","width":350,"height":200},"classes":[]},{"id":2728,"url":"https:\/\/yenerticaret.com.tr\/en\/product\/jotun-solvalitt-midterm\/","url_meta":{"origin":2730,"position":5},"title":"Jotun Solvalitt Midterm","date":"25 May 2022","format":false,"excerpt":"Tek bile\u015fenli, fiziksel kurumal\u0131, silikon akrilik esasl\u0131 bir boyad\u0131r. 600 dereceye kadar \u0131s\u0131ya dayan\u0131kl\u0131d\u0131r. Atmosfere a\u00e7\u0131k ko\u015fullarda astar, ara kat veya son kat olarak kullan\u0131labilir. D\u00fczg\u00fcn bir \u015fekilde haz\u0131rlanm\u0131\u015f karbon \u00e7elik, galvanizli \u00e7elik, paslanmaz \u00e7elik ve aluminyum y\u00fczeyler i\u00e7in uygundur \u00a0","rel":"","context":"Similar post","img":{"alt_text":"","src":"https:\/\/i0.wp.com\/yenerticaret.com.tr\/wp-content\/uploads\/2022\/03\/jotun-1.jpg?resize=350%2C200&ssl=1","width":350,"height":200},"classes":[]}],"_links":{"self":[{"href":"https:\/\/yenerticaret.com.tr\/en\/wp-json\/wp\/v2\/product\/2730"}],"collection":[{"href":"https:\/\/yenerticaret.com.tr\/en\/wp-json\/wp\/v2\/product"}],"about":[{"href":"https:\/\/yenerticaret.com.tr\/en\/wp-json\/wp\/v2\/types\/product"}],"wp:featuredmedia":[{"embeddable":true,"href":"https:\/\/yenerticaret.com.tr\/en\/wp-json\/wp\/v2\/media\/2715"}],"wp:attachment":[{"href":"https:\/\/yenerticaret.com.tr\/en\/wp-json\/wp\/v2\/media?parent=2730"}],"wp:term":[{"taxonomy":"product_cat","embeddable":true,"href":"https:\/\/yenerticaret.com.tr\/en\/wp-json\/wp\/v2\/product_cat?post=2730"},{"taxonomy":"product_tag","embeddable":true,"href":"https:\/\/yenerticaret.com.tr\/en\/wp-json\/wp\/v2\/product_tag?post=2730"}],"curies":[{"name":"wp","href":"https:\/\/api.w.org\/{rel}","templated":true}]}}