{"id":2736,"date":"2022-05-25T11:07:45","date_gmt":"2022-05-25T08:07:45","guid":{"rendered":"https:\/\/yenerticaret.com.tr\/?post_type=product&#038;p=2736"},"modified":"2022-05-25T11:08:53","modified_gmt":"2022-05-25T08:08:53","slug":"jotun-jotamastic-80","status":"publish","type":"product","link":"https:\/\/yenerticaret.com.tr\/en\/product\/jotun-jotamastic-80\/","title":{"rendered":"Jotun Jotamastic 80"},"content":{"rendered":"<section class=\"product__info-about list-wrap link-wrap\">\n<section class=\"product__info-about list-wrap link-wrap\">\n<section class=\"product__info-about list-wrap link-wrap\"><span>Jotamastic 80, bak\u0131m ve onar\u0131m i\u00e7in tasarlanm\u0131\u015f y\u00fczey toleransl\u0131 epoksi mastik astard\u0131r.\u00a0Jotamastic 80, \u00f6zellikle optimal y\u00fczey haz\u0131rl\u0131\u011f\u0131n\u0131n m\u00fcmk\u00fcn olmad\u0131\u011f\u0131 veya gerekli olmad\u0131\u011f\u0131 alanlar i\u00e7in uygun, y\u00fcksek kat\u0131 maddeli bir \u00fcr\u00fcnd\u00fcr.\u00a0Jotamastic 80, atmosferik ortamlarda astar, ara kat veya tek kat sistem olarak kullan\u0131labilir.\u00a0Uygun \u015fekilde haz\u0131rlanm\u0131\u015f karbon \u00e7eli\u011fi \u00fczerine s\u0131f\u0131r\u0131n alt\u0131ndaki y\u00fczey s\u0131cakl\u0131klar\u0131nda ve eskitilmi\u015f kaplama y\u00fczeylerinde uygulanabilir.\u00a0Dald\u0131r\u0131lm\u0131\u015f ortamlar i\u00e7in Jotamastic 80 Aluminium uygundur.<\/span><\/p>\n<p>&nbsp;<\/p>\n<\/section>\n<section class=\"product__info-benefits list-wrap link-wrap\"><\/section>\n<\/section>\n<section class=\"product__info-benefits list-wrap link-wrap\"><\/section>\n<\/section>\n<section class=\"product__info-benefits list-wrap link-wrap\"><\/section>\n<p><a href=\"https:\/\/jotundatasheetsprod.blob.core.windows.net\/tds\/TDS%C2%A45580%C2%A4Jotamastic%2080%C2%A4tr-TR%C2%A4TR.pdf\"><img loading=\"lazy\" class=\"wp-image-2712 alignnone\" src=\"https:\/\/yenerticaret.com.tr\/wp-content\/uploads\/2022\/03\/technical-pecs.png\" alt=\"\" width=\"474\" height=\"46\" srcset=\"https:\/\/yenerticaret.com.tr\/wp-content\/uploads\/2022\/03\/technical-pecs-400x39.png 400w, https:\/\/yenerticaret.com.tr\/wp-content\/uploads\/2022\/03\/technical-pecs-367x36.png 367w\" sizes=\"(max-width: 474px) 100vw, 474px\" \/><\/a><\/p>","protected":false},"excerpt":{"rendered":"<p>\u00c7ift bile\u015fenli poliamin k\u00fcrlenmeli mastik epoksi esasl\u0131 bir boyad\u0131r. Y\u00fczey toleransl\u0131, y\u00fcksek kat\u0131 maddeli bir \u00fcr\u00fcnd\u00fcr. Optimum y\u00fczey haz\u0131rl\u0131\u011f\u0131n\u0131n sa\u011flanamad\u0131\u011f\u0131 veya istenmedi\u011fi y\u00fczeyler i\u00e7in \u00f6zel olarak geli\u015ftirilmi\u015ftir. Atmosferik ortamlarda astar, ara kat ve son kat veya tek katl\u0131 sistem olarak kullan\u0131labilir. D\u00fczg\u00fcn bir \u015fekilde haz\u0131rlanm\u0131\u015f karbon \u00e7elik y\u00fczeyler ve eski boyal\u0131 y\u00fczeyler i\u00e7in uygundur. S\u0131f\u0131r\u0131n alt\u0131ndaki y\u00fczey s\u0131cakl\u0131klar\u0131nda da uygulanabilir.<\/p>","protected":false},"featured_media":2715,"template":"","meta":{"_mi_skip_tracking":false,"jetpack_publicize_message":"","jetpack_is_tweetstorm":false,"jetpack_publicize_feature_enabled":true},"product_cat":[105,111,106],"product_tag":[],"jetpack_publicize_connections":[],"yoast_head":"<!-- This site is optimized with the Yoast SEO Premium plugin v17.7 (Yoast SEO v18.5.1) - https:\/\/yoast.com\/wordpress\/plugins\/seo\/ -->\n<title>Jotun Jotamastic 80 | Yener Ticaret Ltd. \u015eti.<\/title>\n<meta name=\"robots\" content=\"index, follow, max-snippet:-1, max-image-preview:large, max-video-preview:-1\" \/>\n<link rel=\"canonical\" href=\"https:\/\/yenerticaret.com.tr\/en\/product\/jotun-jotamastic-80\/\" \/>\n<meta property=\"og:locale\" content=\"en_GB\" \/>\n<meta property=\"og:type\" content=\"article\" \/>\n<meta property=\"og:title\" content=\"Jotun Jotamastic 80\" \/>\n<meta property=\"og:description\" content=\"\u00c7ift bile\u015fenli poliamin k\u00fcrlenmeli mastik epoksi esasl\u0131 bir boyad\u0131r. Y\u00fczey toleransl\u0131, y\u00fcksek kat\u0131 maddeli bir \u00fcr\u00fcnd\u00fcr. Optimum y\u00fczey haz\u0131rl\u0131\u011f\u0131n\u0131n sa\u011flanamad\u0131\u011f\u0131 veya istenmedi\u011fi y\u00fczeyler i\u00e7in \u00f6zel olarak geli\u015ftirilmi\u015ftir. Atmosferik ortamlarda astar, ara kat ve son kat veya tek katl\u0131 sistem olarak kullan\u0131labilir. D\u00fczg\u00fcn bir \u015fekilde haz\u0131rlanm\u0131\u015f karbon \u00e7elik y\u00fczeyler ve eski boyal\u0131 y\u00fczeyler i\u00e7in uygundur. S\u0131f\u0131r\u0131n alt\u0131ndaki y\u00fczey s\u0131cakl\u0131klar\u0131nda da uygulanabilir.\" \/>\n<meta property=\"og:url\" content=\"https:\/\/yenerticaret.com.tr\/en\/product\/jotun-jotamastic-80\/\" \/>\n<meta property=\"og:site_name\" content=\"Yener Ticaret Ltd. \u015eti.\" \/>\n<meta property=\"article:modified_time\" content=\"2022-05-25T08:08:53+00:00\" \/>\n<meta property=\"og:image\" content=\"https:\/\/yenerticaret.com.tr\/wp-content\/uploads\/2022\/03\/jotun-1.jpg\" \/>\n\t<meta property=\"og:image:width\" content=\"596\" \/>\n\t<meta property=\"og:image:height\" content=\"596\" \/>\n\t<meta property=\"og:image:type\" content=\"image\/jpeg\" \/>\n<meta name=\"twitter:card\" content=\"summary\" \/>\n<meta name=\"twitter:label1\" content=\"Estimated reading time\" \/>\n\t<meta name=\"twitter:data1\" content=\"1 minute\" \/>\n<script type=\"application\/ld+json\" class=\"yoast-schema-graph\">{\"@context\":\"https:\/\/schema.org\",\"@graph\":[{\"@type\":\"WebSite\",\"@id\":\"https:\/\/yenerticaret.com.tr\/#website\",\"url\":\"https:\/\/yenerticaret.com.tr\/\",\"name\":\"Yener Ticaret Ltd. \u015eti.\",\"description\":\"Jotun Sanayi ve Marin Boyalar\u0131 Bayii\",\"potentialAction\":[{\"@type\":\"SearchAction\",\"target\":{\"@type\":\"EntryPoint\",\"urlTemplate\":\"https:\/\/yenerticaret.com.tr\/?s={search_term_string}\"},\"query-input\":\"required name=search_term_string\"}],\"inLanguage\":\"en-GB\"},{\"@type\":\"ImageObject\",\"@id\":\"https:\/\/yenerticaret.com.tr\/urun\/jotun-jotamastic-80\/#primaryimage\",\"inLanguage\":\"en-GB\",\"url\":\"https:\/\/yenerticaret.com.tr\/wp-content\/uploads\/2022\/03\/jotun-1.jpg\",\"contentUrl\":\"https:\/\/yenerticaret.com.tr\/wp-content\/uploads\/2022\/03\/jotun-1.jpg\",\"width\":596,\"height\":596},{\"@type\":\"WebPage\",\"@id\":\"https:\/\/yenerticaret.com.tr\/urun\/jotun-jotamastic-80\/#webpage\",\"url\":\"https:\/\/yenerticaret.com.tr\/urun\/jotun-jotamastic-80\/\",\"name\":\"Jotun Jotamastic 80 | Yener Ticaret Ltd. \u015eti.\",\"isPartOf\":{\"@id\":\"https:\/\/yenerticaret.com.tr\/#website\"},\"primaryImageOfPage\":{\"@id\":\"https:\/\/yenerticaret.com.tr\/urun\/jotun-jotamastic-80\/#primaryimage\"},\"datePublished\":\"2022-05-25T08:07:45+00:00\",\"dateModified\":\"2022-05-25T08:08:53+00:00\",\"breadcrumb\":{\"@id\":\"https:\/\/yenerticaret.com.tr\/urun\/jotun-jotamastic-80\/#breadcrumb\"},\"inLanguage\":\"en-GB\",\"potentialAction\":[{\"@type\":\"ReadAction\",\"target\":[\"https:\/\/yenerticaret.com.tr\/urun\/jotun-jotamastic-80\/\"]}]},{\"@type\":\"BreadcrumbList\",\"@id\":\"https:\/\/yenerticaret.com.tr\/urun\/jotun-jotamastic-80\/#breadcrumb\",\"itemListElement\":[{\"@type\":\"ListItem\",\"position\":1,\"name\":\"Home\",\"item\":\"https:\/\/yenerticaret.com.tr\/\"},{\"@type\":\"ListItem\",\"position\":2,\"name\":\"Jotun Ma\u011faza\",\"item\":\"https:\/\/yenerticaret.com.tr\/jotun-magaza\/\"},{\"@type\":\"ListItem\",\"position\":3,\"name\":\"Jotun Jotamastic 80\"}]}]}<\/script>\n<!-- \/ Yoast SEO Premium plugin. -->","yoast_head_json":{"title":"Jotun Jotamastic 80 | Yener Ticaret Ltd. \u015eti.","robots":{"index":"index","follow":"follow","max-snippet":"max-snippet:-1","max-image-preview":"max-image-preview:large","max-video-preview":"max-video-preview:-1"},"canonical":"https:\/\/yenerticaret.com.tr\/en\/product\/jotun-jotamastic-80\/","og_locale":"en_GB","og_type":"article","og_title":"Jotun Jotamastic 80","og_description":"\u00c7ift bile\u015fenli poliamin k\u00fcrlenmeli mastik epoksi esasl\u0131 bir boyad\u0131r. Y\u00fczey toleransl\u0131, y\u00fcksek kat\u0131 maddeli bir \u00fcr\u00fcnd\u00fcr. Optimum y\u00fczey haz\u0131rl\u0131\u011f\u0131n\u0131n sa\u011flanamad\u0131\u011f\u0131 veya istenmedi\u011fi y\u00fczeyler i\u00e7in \u00f6zel olarak geli\u015ftirilmi\u015ftir. Atmosferik ortamlarda astar, ara kat ve son kat veya tek katl\u0131 sistem olarak kullan\u0131labilir. D\u00fczg\u00fcn bir \u015fekilde haz\u0131rlanm\u0131\u015f karbon \u00e7elik y\u00fczeyler ve eski boyal\u0131 y\u00fczeyler i\u00e7in uygundur. S\u0131f\u0131r\u0131n alt\u0131ndaki y\u00fczey s\u0131cakl\u0131klar\u0131nda da uygulanabilir.","og_url":"https:\/\/yenerticaret.com.tr\/en\/product\/jotun-jotamastic-80\/","og_site_name":"Yener Ticaret Ltd. \u015eti.","article_modified_time":"2022-05-25T08:08:53+00:00","og_image":[{"width":596,"height":596,"url":"https:\/\/yenerticaret.com.tr\/wp-content\/uploads\/2022\/03\/jotun-1.jpg","type":"image\/jpeg"}],"twitter_card":"summary","twitter_misc":{"Estimated reading time":"1 minute"},"schema":{"@context":"https:\/\/schema.org","@graph":[{"@type":"WebSite","@id":"https:\/\/yenerticaret.com.tr\/#website","url":"https:\/\/yenerticaret.com.tr\/","name":"Yener Ticaret Ltd. \u015eti.","description":"Jotun Sanayi ve Marin Boyalar\u0131 Bayii","potentialAction":[{"@type":"SearchAction","target":{"@type":"EntryPoint","urlTemplate":"https:\/\/yenerticaret.com.tr\/?s={search_term_string}"},"query-input":"required name=search_term_string"}],"inLanguage":"en-GB"},{"@type":"ImageObject","@id":"https:\/\/yenerticaret.com.tr\/urun\/jotun-jotamastic-80\/#primaryimage","inLanguage":"en-GB","url":"https:\/\/yenerticaret.com.tr\/wp-content\/uploads\/2022\/03\/jotun-1.jpg","contentUrl":"https:\/\/yenerticaret.com.tr\/wp-content\/uploads\/2022\/03\/jotun-1.jpg","width":596,"height":596},{"@type":"WebPage","@id":"https:\/\/yenerticaret.com.tr\/urun\/jotun-jotamastic-80\/#webpage","url":"https:\/\/yenerticaret.com.tr\/urun\/jotun-jotamastic-80\/","name":"Jotun Jotamastic 80 | Yener Ticaret Ltd. \u015eti.","isPartOf":{"@id":"https:\/\/yenerticaret.com.tr\/#website"},"primaryImageOfPage":{"@id":"https:\/\/yenerticaret.com.tr\/urun\/jotun-jotamastic-80\/#primaryimage"},"datePublished":"2022-05-25T08:07:45+00:00","dateModified":"2022-05-25T08:08:53+00:00","breadcrumb":{"@id":"https:\/\/yenerticaret.com.tr\/urun\/jotun-jotamastic-80\/#breadcrumb"},"inLanguage":"en-GB","potentialAction":[{"@type":"ReadAction","target":["https:\/\/yenerticaret.com.tr\/urun\/jotun-jotamastic-80\/"]}]},{"@type":"BreadcrumbList","@id":"https:\/\/yenerticaret.com.tr\/urun\/jotun-jotamastic-80\/#breadcrumb","itemListElement":[{"@type":"ListItem","position":1,"name":"Home","item":"https:\/\/yenerticaret.com.tr\/"},{"@type":"ListItem","position":2,"name":"Jotun Ma\u011faza","item":"https:\/\/yenerticaret.com.tr\/jotun-magaza\/"},{"@type":"ListItem","position":3,"name":"Jotun Jotamastic 80"}]}]}},"jetpack-related-posts":[{"id":2760,"url":"https:\/\/yenerticaret.com.tr\/en\/product\/jotun-jotamastic-87\/","url_meta":{"origin":2736,"position":0},"title":"Jotun Jotamastic 87","date":"25 May 2022","format":false,"excerpt":"\u00c7ift bile\u015fenli poliamin k\u00fcrlenmeli mastik epoksi esasl\u0131 bir boyad\u0131r. Y\u00fczey toleransl\u0131, y\u00fcksek kat\u0131 maddeli, y\u00fcksek yap\u0131l\u0131 bir \u00fcr\u00fcnd\u00fcr. Optimum y\u00fczey haz\u0131rl\u0131\u011f\u0131n\u0131n sa\u011flanamad\u0131\u011f\u0131 veya istenmedi\u011fi y\u00fczeyler i\u00e7in \u00f6zel olarak geli\u015ftirilmi\u015ftir. Y\u00fcksek korozif ortamlarda uzun s\u00fcreli koruma sa\u011flar. Atmosferik ko\u015fullara maruz kalan yap\u0131larda ve su alt\u0131 alanlar\u0131nda ara kat veya son kat,\u2026","rel":"","context":"Similar post","img":{"alt_text":"","src":"https:\/\/i0.wp.com\/yenerticaret.com.tr\/wp-content\/uploads\/2022\/03\/jotun-1.jpg?resize=350%2C200&ssl=1","width":350,"height":200},"classes":[]},{"id":2732,"url":"https:\/\/yenerticaret.com.tr\/en\/product\/penguard-ekspres-zp\/","url_meta":{"origin":2736,"position":1},"title":"Penguard Ekspres ZP","date":"25 May 2022","format":false,"excerpt":"\u00c7ift bile\u015fenli, amin k\u00fcrlenmeli epoksi esasl\u0131 bir boyad\u0131r. H\u0131zl\u0131 kuruyan, y\u00fcksek kat\u0131 maddeli ve y\u00fcksek yap\u0131l\u0131 bir \u00fcr\u00fcnd\u00fcr. \u00d6zellikle h\u0131zl\u0131 kat boyas\u0131 uygulamalar\u0131 ve h\u0131zl\u0131 malzeme transferi gerektiren yeni in\u015falara y\u00f6nelik tasarlanm\u0131\u015ft\u0131r. Atmosferik ortamlarda astar, ara kat ve son kat veya tek katl\u0131 sistem olarak kullan\u0131labilir. Uygun \u015fekilde haz\u0131rlanm\u0131\u015f karbon\u2026","rel":"","context":"Similar post","img":{"alt_text":"","src":"https:\/\/i0.wp.com\/yenerticaret.com.tr\/wp-content\/uploads\/2022\/03\/jotun-1.jpg?resize=350%2C200&ssl=1","width":350,"height":200},"classes":[]},{"id":2757,"url":"https:\/\/yenerticaret.com.tr\/en\/product\/jotun-penguard-hsp\/","url_meta":{"origin":2736,"position":2},"title":"Jotun Penguard HSP","date":"25 May 2022","format":false,"excerpt":"\u00c7ift bile\u015fenli, amin k\u00fcrlenmeli epoksi esasl\u0131 bir boyad\u0131r. H\u0131zl\u0131 kuruyan, y\u00fcksek kat\u0131 maddeli ve y\u00fcksek yap\u0131l\u0131 bir \u00fcr\u00fcnd\u00fcr. Atmosfere a\u00e7\u0131k ko\u015fullarda astar veya ara kat olarak kullan\u0131labilir. \u00d6zellikle h\u0131zl\u0131 kat boyas\u0131 uygulamalar\u0131 ve h\u0131zl\u0131 malzeme transferi gerektiren yeni in\u015falara y\u00f6nelik tasarlanm\u0131\u015ft\u0131r. Uygun bir \u015fekilde y\u00fczey haz\u0131rl\u0131\u011f\u0131 yap\u0131lm\u0131\u015f olan al\u00fcminyum, karbon\u2026","rel":"","context":"Similar post","img":{"alt_text":"","src":"https:\/\/i0.wp.com\/yenerticaret.com.tr\/wp-content\/uploads\/2022\/03\/jotun-1.jpg?resize=350%2C200&ssl=1","width":350,"height":200},"classes":[]},{"id":2734,"url":"https:\/\/yenerticaret.com.tr\/en\/product\/jotun-corroguard-hb-express\/","url_meta":{"origin":2736,"position":3},"title":"Jotun Corroguard HB Express","date":"25 May 2022","format":false,"excerpt":"\u00c7ift bile\u015fenli poliamid k\u00fcrlenmeli y\u00fcksek molek\u00fcl a\u011f\u0131rl\u0131kl\u0131 epoksi esasl\u0131 bir boyad\u0131r. Y\u00fcksek yap\u0131l\u0131 ve \u00e7ok y\u00f6nl\u00fc kullan\u0131labilen bu \u00fcr\u00fcn yeni in\u015fa uygulamalar\u0131 i\u00e7in dizayn edilmi\u015ftir. Atmosferik ortamlarda astar, ara kat ve son kat veya tek katl\u0131 sistem olarak kullan\u0131labilir. Uygun bir \u015fekilde y\u00fczey haz\u0131rl\u0131\u011f\u0131 ger\u00e7ekle\u015ftirilmi\u015f olan karbon \u00e7elik y\u00fczeyler i\u00e7in\u2026","rel":"","context":"Similar post","img":{"alt_text":"","src":"https:\/\/i0.wp.com\/yenerticaret.com.tr\/wp-content\/uploads\/2022\/03\/jotun-1.jpg?resize=350%2C200&ssl=1","width":350,"height":200},"classes":[]},{"id":2737,"url":"https:\/\/yenerticaret.com.tr\/en\/product\/tankguard-412\/","url_meta":{"origin":2736,"position":4},"title":"Tankguard 412","date":"25 May 2022","format":false,"excerpt":"\u00c7ift bile\u015fenli, solvent i\u00e7ermeyen, poliamin k\u00fcrlenmeli epoksi esasl\u0131 bir boyad\u0131r. Kimyasal dayan\u0131m seviyesi y\u00fcksek olan \u00e7ok ama\u00e7l\u0131 bir tank kaplamas\u0131d\u0131r. Atmosfere a\u00e7\u0131k ko\u015fullarda ve su alt\u0131nda ara kat veya son kat olarak kullan\u0131labilir. Uygun bir \u015fekilde y\u00fczey haz\u0131rl\u0131\u011f\u0131 yap\u0131lm\u0131\u015f olan karbon \u00e7elik, galvanizli \u00e7elik, paslanmaz \u00e7elik ve beton y\u00fczeyler i\u00e7in\u2026","rel":"","context":"Similar post","img":{"alt_text":"","src":"https:\/\/i0.wp.com\/yenerticaret.com.tr\/wp-content\/uploads\/2022\/03\/jotun-1.jpg?resize=350%2C200&ssl=1","width":350,"height":200},"classes":[]},{"id":2727,"url":"https:\/\/yenerticaret.com.tr\/en\/product\/jotun-solvalitt-midtherm\/","url_meta":{"origin":2736,"position":5},"title":"Jotun Solvalitt Midtherm","date":"25 May 2022","format":false,"excerpt":"Tek bile\u015fenli, fiziksel kurumal\u0131, silikon akrilik esasl\u0131 bir boyad\u0131r. 260 dereceye kadar \u0131s\u0131ya dayan\u0131kl\u0131d\u0131r. Atmosfere a\u00e7\u0131k ko\u015fullarda astar, ara kat veya son kat olarak kullan\u0131labilir. D\u00fczg\u00fcn bir \u015fekilde haz\u0131rlanm\u0131\u015f karbon \u00e7elik, galvanizli \u00e7elik, paslanmaz \u00e7elik ve aluminyum y\u00fczeyler i\u00e7in uygundur. \u00a0","rel":"","context":"Similar post","img":{"alt_text":"","src":"https:\/\/i0.wp.com\/yenerticaret.com.tr\/wp-content\/uploads\/2022\/03\/jotun-1.jpg?resize=350%2C200&ssl=1","width":350,"height":200},"classes":[]}],"_links":{"self":[{"href":"https:\/\/yenerticaret.com.tr\/en\/wp-json\/wp\/v2\/product\/2736"}],"collection":[{"href":"https:\/\/yenerticaret.com.tr\/en\/wp-json\/wp\/v2\/product"}],"about":[{"href":"https:\/\/yenerticaret.com.tr\/en\/wp-json\/wp\/v2\/types\/product"}],"wp:featuredmedia":[{"embeddable":true,"href":"https:\/\/yenerticaret.com.tr\/en\/wp-json\/wp\/v2\/media\/2715"}],"wp:attachment":[{"href":"https:\/\/yenerticaret.com.tr\/en\/wp-json\/wp\/v2\/media?parent=2736"}],"wp:term":[{"taxonomy":"product_cat","embeddable":true,"href":"https:\/\/yenerticaret.com.tr\/en\/wp-json\/wp\/v2\/product_cat?post=2736"},{"taxonomy":"product_tag","embeddable":true,"href":"https:\/\/yenerticaret.com.tr\/en\/wp-json\/wp\/v2\/product_tag?post=2736"}],"curies":[{"name":"wp","href":"https:\/\/api.w.org\/{rel}","templated":true}]}}