{"id":2761,"date":"2022-05-25T13:21:39","date_gmt":"2022-05-25T10:21:39","guid":{"rendered":"https:\/\/yenerticaret.com.tr\/?post_type=product&#038;p=2761"},"modified":"2022-05-25T13:23:24","modified_gmt":"2022-05-25T10:23:24","slug":"jotun-jotafix-pu-topcoat","status":"publish","type":"product","link":"https:\/\/yenerticaret.com.tr\/en\/product\/jotun-jotafix-pu-topcoat\/","title":{"rendered":"Jotun Jotafix PU Topcoat"},"content":{"rendered":"<section class=\"product__info-about list-wrap link-wrap\">Jotafix PU Sonkat, f\u0131r\u00e7a ve rulo i\u00e7in \u00f6zel olarak tasarlanm\u0131\u015f y\u00fcksek kat\u0131 maddeli poli\u00fcretan sonkatt\u0131r.\u00a0Parlak bir y\u00fczeye sahiptir ve atmosferik ortamlarda son kat olarak kullan\u0131labilen y\u00fcksek kat\u0131 maddeli bir \u00fcr\u00fcnd\u00fcr.\u00a0D\u00fcnya \u00e7ap\u0131nda mevcuttur ve uygun maliyetli bir alternatiftir.&nbsp;<\/p>\n<\/section>\n<section class=\"product__info-benefits list-wrap link-wrap\"><\/section>\n<section class=\"product__info-benefits list-wrap link-wrap\"><\/section>\n<section class=\"product__info-benefits list-wrap link-wrap\"><\/section>\n<section class=\"product__info-benefits list-wrap link-wrap\"><\/section>\n<section class=\"product__info-benefits list-wrap link-wrap\"><\/section>\n<section class=\"product__info-benefits list-wrap link-wrap\"><\/section>\n<p><a href=\"https:\/\/jotundatasheetsprod.blob.core.windows.net\/tds\/TDS%C2%A436902%C2%A4Jotafix%20PU%20Topcoat%C2%A4tr-TR%C2%A4TR.pdf\"><img loading=\"lazy\" class=\"wp-image-2712 alignnone\" src=\"https:\/\/yenerticaret.com.tr\/wp-content\/uploads\/2022\/03\/technical-pecs.png\" alt=\"\" width=\"474\" height=\"46\" srcset=\"https:\/\/yenerticaret.com.tr\/wp-content\/uploads\/2022\/03\/technical-pecs-400x39.png 400w, https:\/\/yenerticaret.com.tr\/wp-content\/uploads\/2022\/03\/technical-pecs-367x36.png 367w\" sizes=\"(max-width: 474px) 100vw, 474px\" \/><\/a><\/p>","protected":false},"excerpt":{"rendered":"<section class=\"product__info-about list-wrap link-wrap\">\n<div class=\"page-content-top clearfix\">\n<p>\u00c7ift bile\u015fenli, kimyasal k\u00fcrlenmeli, alifatik akrilik poli\u00fcretan esasl\u0131 bir boyad\u0131r. &#8216;Parlak&#8217; bir sonkatt\u0131r ve parlakl\u0131k dayan\u0131m\u0131 iyidir. Kat\u0131 madde oran\u0131 y\u00fcksektir. Atmosferik ko\u015fullara maruz kalan yap\u0131larda son kat olarak kullan\u0131l\u0131r. \u00d6zellikle f\u0131r\u00e7a ve rulo uygulamas\u0131 i\u00e7in tasarlanm\u0131\u015ft\u0131r.<\/p>\n<p><strong>Onaylar ve sertifikalar:<\/strong>\u00a0Bu\u011fday sertifikas\u0131 (Newcastle Occupational Health)<\/p>\n<\/div>\n<\/section>\n<section class=\"product__info-benefits list-wrap link-wrap\"><\/section>","protected":false},"featured_media":2715,"template":"","meta":{"_mi_skip_tracking":false,"jetpack_publicize_message":"","jetpack_is_tweetstorm":false,"jetpack_publicize_feature_enabled":true},"product_cat":[107,105,117],"product_tag":[],"jetpack_publicize_connections":[],"yoast_head":"<!-- This site is optimized with the Yoast SEO Premium plugin v17.7 (Yoast SEO v18.5.1) - https:\/\/yoast.com\/wordpress\/plugins\/seo\/ -->\n<title>Jotun Jotafix PU Topcoat | Yener Ticaret Ltd. \u015eti.<\/title>\n<meta name=\"robots\" content=\"index, follow, max-snippet:-1, max-image-preview:large, max-video-preview:-1\" \/>\n<link rel=\"canonical\" href=\"https:\/\/yenerticaret.com.tr\/en\/product\/jotun-jotafix-pu-topcoat\/\" \/>\n<meta property=\"og:locale\" content=\"en_GB\" \/>\n<meta property=\"og:type\" content=\"article\" \/>\n<meta property=\"og:title\" content=\"Jotun Jotafix PU Topcoat\" \/>\n<meta property=\"og:description\" content=\"\u00c7ift bile\u015fenli, kimyasal k\u00fcrlenmeli, alifatik akrilik poli\u00fcretan esasl\u0131 bir boyad\u0131r. &#039;Parlak&#039; bir sonkatt\u0131r ve parlakl\u0131k dayan\u0131m\u0131 iyidir. Kat\u0131 madde oran\u0131 y\u00fcksektir. Atmosferik ko\u015fullara maruz kalan yap\u0131larda son kat olarak kullan\u0131l\u0131r. \u00d6zellikle f\u0131r\u00e7a ve rulo uygulamas\u0131 i\u00e7in tasarlanm\u0131\u015ft\u0131r.  Onaylar ve sertifikalar:\u00a0Bu\u011fday sertifikas\u0131 (Newcastle Occupational Health)\" \/>\n<meta property=\"og:url\" content=\"https:\/\/yenerticaret.com.tr\/en\/product\/jotun-jotafix-pu-topcoat\/\" \/>\n<meta property=\"og:site_name\" content=\"Yener Ticaret Ltd. \u015eti.\" \/>\n<meta property=\"article:modified_time\" content=\"2022-05-25T10:23:24+00:00\" \/>\n<meta property=\"og:image\" content=\"https:\/\/yenerticaret.com.tr\/wp-content\/uploads\/2022\/03\/jotun-1.jpg\" \/>\n\t<meta property=\"og:image:width\" content=\"596\" \/>\n\t<meta property=\"og:image:height\" content=\"596\" \/>\n\t<meta property=\"og:image:type\" content=\"image\/jpeg\" \/>\n<meta name=\"twitter:card\" content=\"summary\" \/>\n<meta name=\"twitter:label1\" content=\"Estimated reading time\" \/>\n\t<meta name=\"twitter:data1\" content=\"1 minute\" \/>\n<script type=\"application\/ld+json\" class=\"yoast-schema-graph\">{\"@context\":\"https:\/\/schema.org\",\"@graph\":[{\"@type\":\"WebSite\",\"@id\":\"https:\/\/yenerticaret.com.tr\/#website\",\"url\":\"https:\/\/yenerticaret.com.tr\/\",\"name\":\"Yener Ticaret Ltd. \u015eti.\",\"description\":\"Jotun Sanayi ve Marin Boyalar\u0131 Bayii\",\"potentialAction\":[{\"@type\":\"SearchAction\",\"target\":{\"@type\":\"EntryPoint\",\"urlTemplate\":\"https:\/\/yenerticaret.com.tr\/?s={search_term_string}\"},\"query-input\":\"required name=search_term_string\"}],\"inLanguage\":\"en-GB\"},{\"@type\":\"ImageObject\",\"@id\":\"https:\/\/yenerticaret.com.tr\/urun\/jotun-jotafix-pu-topcoat\/#primaryimage\",\"inLanguage\":\"en-GB\",\"url\":\"https:\/\/yenerticaret.com.tr\/wp-content\/uploads\/2022\/03\/jotun-1.jpg\",\"contentUrl\":\"https:\/\/yenerticaret.com.tr\/wp-content\/uploads\/2022\/03\/jotun-1.jpg\",\"width\":596,\"height\":596},{\"@type\":\"WebPage\",\"@id\":\"https:\/\/yenerticaret.com.tr\/urun\/jotun-jotafix-pu-topcoat\/#webpage\",\"url\":\"https:\/\/yenerticaret.com.tr\/urun\/jotun-jotafix-pu-topcoat\/\",\"name\":\"Jotun Jotafix PU Topcoat | Yener Ticaret Ltd. \u015eti.\",\"isPartOf\":{\"@id\":\"https:\/\/yenerticaret.com.tr\/#website\"},\"primaryImageOfPage\":{\"@id\":\"https:\/\/yenerticaret.com.tr\/urun\/jotun-jotafix-pu-topcoat\/#primaryimage\"},\"datePublished\":\"2022-05-25T10:21:39+00:00\",\"dateModified\":\"2022-05-25T10:23:24+00:00\",\"breadcrumb\":{\"@id\":\"https:\/\/yenerticaret.com.tr\/urun\/jotun-jotafix-pu-topcoat\/#breadcrumb\"},\"inLanguage\":\"en-GB\",\"potentialAction\":[{\"@type\":\"ReadAction\",\"target\":[\"https:\/\/yenerticaret.com.tr\/urun\/jotun-jotafix-pu-topcoat\/\"]}]},{\"@type\":\"BreadcrumbList\",\"@id\":\"https:\/\/yenerticaret.com.tr\/urun\/jotun-jotafix-pu-topcoat\/#breadcrumb\",\"itemListElement\":[{\"@type\":\"ListItem\",\"position\":1,\"name\":\"Home\",\"item\":\"https:\/\/yenerticaret.com.tr\/\"},{\"@type\":\"ListItem\",\"position\":2,\"name\":\"Jotun Ma\u011faza\",\"item\":\"https:\/\/yenerticaret.com.tr\/jotun-magaza\/\"},{\"@type\":\"ListItem\",\"position\":3,\"name\":\"Jotun Jotafix PU Topcoat\"}]}]}<\/script>\n<!-- \/ Yoast SEO Premium plugin. -->","yoast_head_json":{"title":"Jotun Jotafix PU Topcoat | Yener Ticaret Ltd. \u015eti.","robots":{"index":"index","follow":"follow","max-snippet":"max-snippet:-1","max-image-preview":"max-image-preview:large","max-video-preview":"max-video-preview:-1"},"canonical":"https:\/\/yenerticaret.com.tr\/en\/product\/jotun-jotafix-pu-topcoat\/","og_locale":"en_GB","og_type":"article","og_title":"Jotun Jotafix PU Topcoat","og_description":"\u00c7ift bile\u015fenli, kimyasal k\u00fcrlenmeli, alifatik akrilik poli\u00fcretan esasl\u0131 bir boyad\u0131r. 'Parlak' bir sonkatt\u0131r ve parlakl\u0131k dayan\u0131m\u0131 iyidir. Kat\u0131 madde oran\u0131 y\u00fcksektir. Atmosferik ko\u015fullara maruz kalan yap\u0131larda son kat olarak kullan\u0131l\u0131r. \u00d6zellikle f\u0131r\u00e7a ve rulo uygulamas\u0131 i\u00e7in tasarlanm\u0131\u015ft\u0131r.  Onaylar ve sertifikalar:\u00a0Bu\u011fday sertifikas\u0131 (Newcastle Occupational Health)","og_url":"https:\/\/yenerticaret.com.tr\/en\/product\/jotun-jotafix-pu-topcoat\/","og_site_name":"Yener Ticaret Ltd. \u015eti.","article_modified_time":"2022-05-25T10:23:24+00:00","og_image":[{"width":596,"height":596,"url":"https:\/\/yenerticaret.com.tr\/wp-content\/uploads\/2022\/03\/jotun-1.jpg","type":"image\/jpeg"}],"twitter_card":"summary","twitter_misc":{"Estimated reading time":"1 minute"},"schema":{"@context":"https:\/\/schema.org","@graph":[{"@type":"WebSite","@id":"https:\/\/yenerticaret.com.tr\/#website","url":"https:\/\/yenerticaret.com.tr\/","name":"Yener Ticaret Ltd. \u015eti.","description":"Jotun Sanayi ve Marin Boyalar\u0131 Bayii","potentialAction":[{"@type":"SearchAction","target":{"@type":"EntryPoint","urlTemplate":"https:\/\/yenerticaret.com.tr\/?s={search_term_string}"},"query-input":"required name=search_term_string"}],"inLanguage":"en-GB"},{"@type":"ImageObject","@id":"https:\/\/yenerticaret.com.tr\/urun\/jotun-jotafix-pu-topcoat\/#primaryimage","inLanguage":"en-GB","url":"https:\/\/yenerticaret.com.tr\/wp-content\/uploads\/2022\/03\/jotun-1.jpg","contentUrl":"https:\/\/yenerticaret.com.tr\/wp-content\/uploads\/2022\/03\/jotun-1.jpg","width":596,"height":596},{"@type":"WebPage","@id":"https:\/\/yenerticaret.com.tr\/urun\/jotun-jotafix-pu-topcoat\/#webpage","url":"https:\/\/yenerticaret.com.tr\/urun\/jotun-jotafix-pu-topcoat\/","name":"Jotun Jotafix PU Topcoat | Yener Ticaret Ltd. \u015eti.","isPartOf":{"@id":"https:\/\/yenerticaret.com.tr\/#website"},"primaryImageOfPage":{"@id":"https:\/\/yenerticaret.com.tr\/urun\/jotun-jotafix-pu-topcoat\/#primaryimage"},"datePublished":"2022-05-25T10:21:39+00:00","dateModified":"2022-05-25T10:23:24+00:00","breadcrumb":{"@id":"https:\/\/yenerticaret.com.tr\/urun\/jotun-jotafix-pu-topcoat\/#breadcrumb"},"inLanguage":"en-GB","potentialAction":[{"@type":"ReadAction","target":["https:\/\/yenerticaret.com.tr\/urun\/jotun-jotafix-pu-topcoat\/"]}]},{"@type":"BreadcrumbList","@id":"https:\/\/yenerticaret.com.tr\/urun\/jotun-jotafix-pu-topcoat\/#breadcrumb","itemListElement":[{"@type":"ListItem","position":1,"name":"Home","item":"https:\/\/yenerticaret.com.tr\/"},{"@type":"ListItem","position":2,"name":"Jotun Ma\u011faza","item":"https:\/\/yenerticaret.com.tr\/jotun-magaza\/"},{"@type":"ListItem","position":3,"name":"Jotun Jotafix PU Topcoat"}]}]}},"jetpack-related-posts":[{"id":2762,"url":"https:\/\/yenerticaret.com.tr\/en\/product\/jotun-hardtop-smart-pack\/","url_meta":{"origin":2761,"position":0},"title":"Jotun Hardtop Smart Pack","date":"25 May 2022","format":false,"excerpt":"Kimyasal k\u00fcrlenmeli \u00e7ift bile\u015fenli modifiye akrilik son katt\u0131r. \u00dcr\u00fcn izosiyanat i\u00e7ermez ve ayr\u0131ca \u0131s\u0131l i\u015flem, kaynak veya yang\u0131n s\u0131ras\u0131nda diizosiyanat olu\u015fumuna neden olmaz. 'Parlak' bir sonkatt\u0131r ve parlakl\u0131k dayan\u0131m\u0131 iyidir. Do\u011frudan metale uygulanabilir. 1:1 kar\u0131\u015f\u0131m oran\u0131 ile daha kolay kullan\u0131m ve daha az kay\u0131p sa\u011flar. \u00d6zellikle f\u0131r\u00e7a ve rulo uygulamas\u0131\u2026","rel":"","context":"Similar post","img":{"alt_text":"","src":"https:\/\/i0.wp.com\/yenerticaret.com.tr\/wp-content\/uploads\/2022\/03\/jotun-1.jpg?resize=350%2C200&ssl=1","width":350,"height":200},"classes":[]},{"id":2750,"url":"https:\/\/yenerticaret.com.tr\/en\/product\/jotun-hardtop-xp\/","url_meta":{"origin":2761,"position":1},"title":"Jotun Hardtop XP","date":"25 May 2022","format":false,"excerpt":"\u00c7ift bile\u015fenli, kimyasal k\u00fcrlenmeli, alifatik akrilik poli\u00fcretan esasl\u0131 bir boyad\u0131r.Parlakl\u0131k dayan\u0131m\u0131 \u00e7ok iyi olan bir son kat \u00fcr\u00fcnd\u00fcr. Kat\u0131 madde oran\u0131 y\u00fcksektir. Tozuma seviyesi d\u00fc\u015f\u00fckt\u00fcr ve iyi uygulama \u00f6zelliklerine sahiptir. Atmosferik ko\u015fullara maruz kalan yap\u0131larda son kat olarak kullan\u0131l\u0131r.","rel":"","context":"Similar post","img":{"alt_text":"","src":"https:\/\/i0.wp.com\/yenerticaret.com.tr\/wp-content\/uploads\/2022\/03\/jotun-1.jpg?resize=350%2C200&ssl=1","width":350,"height":200},"classes":[]},{"id":2749,"url":"https:\/\/yenerticaret.com.tr\/en\/product\/jotun-futura-classic\/","url_meta":{"origin":2761,"position":2},"title":"Jotun Futura Classic","date":"25 May 2022","format":false,"excerpt":"\u00c7ift bile\u015fenli, kimyasal k\u00fcrlenmeli, alifatik akrilik poli\u00fcretan esasl\u0131 bir boyad\u0131r.'Parlak' bir sonkatt\u0131r ve parlakl\u0131k dayan\u0131m\u0131 iyidir. Kat\u0131 madde oran\u0131 y\u00fcksektir. Tozuma seviyesi d\u00fc\u015f\u00fckt\u00fcr ve iyi uygulama \u00f6zelliklerine sahiptir. Atmosferik ko\u015fullara maruz kalan yap\u0131larda son kat olarak kullan\u0131l\u0131r.","rel":"","context":"Similar post","img":{"alt_text":"","src":"https:\/\/i0.wp.com\/yenerticaret.com.tr\/wp-content\/uploads\/2022\/03\/jotun-1.jpg?resize=350%2C200&ssl=1","width":350,"height":200},"classes":[]},{"id":2721,"url":"https:\/\/yenerticaret.com.tr\/en\/product\/jotun-pilot-ii\/","url_meta":{"origin":2761,"position":3},"title":"Jotun Pilot II","date":"24 May 2022","format":false,"excerpt":"Tek bile\u015fenli, oksidasyon kurumal\u0131, alkid esasl\u0131 bir boyad\u0131r. 'Parlak' bir sonkatt\u0131r ve parlakl\u0131k dayan\u0131m\u0131 iyidir. Atmosferik ko\u015fullara maruz kalan yap\u0131larda son kat olarak kullan\u0131l\u0131r.","rel":"","context":"Similar post","img":{"alt_text":"","src":"https:\/\/i0.wp.com\/yenerticaret.com.tr\/wp-content\/uploads\/2022\/03\/jotun-1.jpg?resize=350%2C200&ssl=1","width":350,"height":200},"classes":[]},{"id":2741,"url":"https:\/\/yenerticaret.com.tr\/en\/product\/hardtop-ax\/","url_meta":{"origin":2761,"position":4},"title":"Hardtop AX","date":"25 May 2022","format":false,"excerpt":"\u00c7ift bile\u015fenli, kimyasal k\u00fcrlenmeli, alifatik akrilik poli\u00fcretan esasl\u0131 bir boyad\u0131r. Parlakl\u0131k seviyesi ve dayan\u0131m\u0131 \u00e7ok y\u00fcksektir. Kimyasal dayan\u0131m\u0131 iyidir. Kat\u0131 madde oran\u0131 y\u00fcksektir. Bu \u00fcr\u00fcn tehlikeli hava kirleticileri (HAPs) listesindeki solventlerden herhangi birini i\u00e7ermez. Baz\u0131 renklerin renklendirilmesiyle bu t\u00fcr \u00e7\u00f6z\u00fcc\u00fclerin k\u00fc\u00e7\u00fck miktarlar\u0131 ortaya \u00e7\u0131kabilir. Atmosferik ko\u015fullara maruz kalan yap\u0131larda son\u2026","rel":"","context":"Similar post","img":{"alt_text":"","src":"https:\/\/i0.wp.com\/yenerticaret.com.tr\/wp-content\/uploads\/2022\/03\/jotun-1.jpg?resize=350%2C200&ssl=1","width":350,"height":200},"classes":[]},{"id":2751,"url":"https:\/\/yenerticaret.com.tr\/en\/product\/jotun-hardtop-flexi\/","url_meta":{"origin":2761,"position":5},"title":"Jotun Hardtop Flexi","date":"25 May 2022","format":false,"excerpt":"\u00c7ift bile\u015fenli, kimyasal k\u00fcrlenmeli, alifatik akrilik poli\u00fcretan esasl\u0131 bir boyad\u0131r.Parlakl\u0131k dayan\u0131m\u0131 \u00e7ok iyi olan bir son kat \u00fcr\u00fcnd\u00fcr. Y\u00fcksek kat\u0131 maddeli ve y\u00fcksek yap\u0131l\u0131 bir \u00fcr\u00fcnd\u00fcr. H\u0131zl\u0131 kurumal\u0131d\u0131r. Do\u011frudan metale uygulanabilir. \u00dcr\u00fcn son derece esnek, y\u00fcksek darbe dayan\u0131ml\u0131 ve m\u00fckemmel yap\u0131\u015fma \u00f6zelliklerine sahiptir. Atmosferik ko\u015fullara maruz kalan yap\u0131larda son kat\u2026","rel":"","context":"Similar post","img":{"alt_text":"","src":"https:\/\/i0.wp.com\/yenerticaret.com.tr\/wp-content\/uploads\/2022\/03\/jotun-1.jpg?resize=350%2C200&ssl=1","width":350,"height":200},"classes":[]}],"_links":{"self":[{"href":"https:\/\/yenerticaret.com.tr\/en\/wp-json\/wp\/v2\/product\/2761"}],"collection":[{"href":"https:\/\/yenerticaret.com.tr\/en\/wp-json\/wp\/v2\/product"}],"about":[{"href":"https:\/\/yenerticaret.com.tr\/en\/wp-json\/wp\/v2\/types\/product"}],"wp:featuredmedia":[{"embeddable":true,"href":"https:\/\/yenerticaret.com.tr\/en\/wp-json\/wp\/v2\/media\/2715"}],"wp:attachment":[{"href":"https:\/\/yenerticaret.com.tr\/en\/wp-json\/wp\/v2\/media?parent=2761"}],"wp:term":[{"taxonomy":"product_cat","embeddable":true,"href":"https:\/\/yenerticaret.com.tr\/en\/wp-json\/wp\/v2\/product_cat?post=2761"},{"taxonomy":"product_tag","embeddable":true,"href":"https:\/\/yenerticaret.com.tr\/en\/wp-json\/wp\/v2\/product_tag?post=2761"}],"curies":[{"name":"wp","href":"https:\/\/api.w.org\/{rel}","templated":true}]}}