{"id":2769,"date":"2022-06-16T21:37:32","date_gmt":"2022-06-16T18:37:32","guid":{"rendered":"https:\/\/yenerticaret.com.tr\/?post_type=product&#038;p=2769"},"modified":"2022-06-16T21:39:58","modified_gmt":"2022-06-16T18:39:58","slug":"seaconomy-700","status":"publish","type":"product","link":"https:\/\/yenerticaret.com.tr\/en\/product\/seaconomy-700\/","title":{"rendered":"Seaconomy 700"},"content":{"rendered":"<section class=\"product__info-about list-wrap link-wrap\">\n<section class=\"product__info-about list-wrap link-wrap\">\n<section class=\"product__info-about list-wrap link-wrap\">\n<section class=\"product__info-about list-wrap link-wrap\">Y\u00f6n de\u011fi\u015fimi teknolojisi esasl\u0131 tek bile\u015fenli y\u00fcksek kat\u0131 maddeli hydrolysing antifouling boyad\u0131r. D\u00fc\u015f\u00fck maliyetli kirlenme dayan\u0131m\u0131 sa\u011flar. Self polishing \u00f6zelli\u011fi ile y\u00fczey karina p\u00fcr\u00fczl\u00fcl\u00fc\u011f\u00fcn\u00fc ve h\u0131z kayb\u0131n\u0131 azalt\u0131r. Sadece su alt\u0131 sistemlerde son kat olarak kullan\u0131labilir. Karbon \u00e7elik ve aluminyum y\u00fczeylerde, onayl\u0131 astar ve tie-coat boyalar \u00fczerine uygundur. S\u0131f\u0131r\u0131n alt\u0131ndaki y\u00fczey s\u0131cakl\u0131klar\u0131nda da uygulanabilir.<br \/>\n<b><br \/>\nKullan\u0131m alanlar\u0131<\/b><\/p>\n<p>Deniz: Gemi tamir havuzunda su alt\u0131nda kalan g\u00f6vde i\u00e7in tavsiye edilir. Belirli bir h\u0131z ve seyir aktivitesi aral\u0131\u011f\u0131nda \u00e7al\u0131\u015fan gemiler i\u00e7in tasarlanm\u0131\u015ft\u0131r. \u00dcr\u00fcn t\u00fcm kaplama sisteminin bir par\u00e7as\u0131 olarak 36 aya kadar uzun servis periyotlar\u0131nda kullan\u0131labilir. Standart ticaretd\u00fcnya \u00e7ap\u0131nda, derin deniz ticareti i\u00e7in \u00f6nerilir.<\/section>\n<\/section>\n<section class=\"product__info-benefits list-wrap link-wrap\"><\/section>\n<\/section>\n<section class=\"product__info-benefits list-wrap link-wrap\"><\/section>\n<\/section>\n<section class=\"product__info-benefits list-wrap link-wrap\"><\/section>\n<p><a href=\"http:\/\/jotun-spb.ru\/sites\/default\/files\/tds_-_seaconomy_700_-_english_uk_-_issued.09.12.2011.pdf\"><img loading=\"lazy\" class=\"wp-image-2712 alignnone\" src=\"https:\/\/yenerticaret.com.tr\/wp-content\/uploads\/2022\/03\/technical-pecs.png\" alt=\"\" width=\"474\" height=\"46\" srcset=\"https:\/\/yenerticaret.com.tr\/wp-content\/uploads\/2022\/03\/technical-pecs-400x39.png 400w, https:\/\/yenerticaret.com.tr\/wp-content\/uploads\/2022\/03\/technical-pecs-367x36.png 367w\" sizes=\"(max-width: 474px) 100vw, 474px\" \/><\/a><\/p>","protected":false},"excerpt":{"rendered":"<section class=\"product__info-about list-wrap link-wrap\">SeaConomy 700, y\u00fcksek kat\u0131 maddeli, hidrolize edici, kendi kendine parlatan bir zehirli boyad\u0131r. IMO Kirlenme \u00d6nleyici Sistem S\u00f6zle\u015fmesi ile uyumlu (AFS\/CONF\/26).<\/section>\n<section class=\"product__info-benefits list-wrap link-wrap\"><\/section>","protected":false},"featured_media":2715,"template":"","meta":{"_mi_skip_tracking":false,"jetpack_publicize_message":"","jetpack_is_tweetstorm":false,"jetpack_publicize_feature_enabled":true},"product_cat":[108],"product_tag":[],"jetpack_publicize_connections":[],"yoast_head":"<!-- This site is optimized with the Yoast SEO Premium plugin v17.7 (Yoast SEO v18.5.1) - https:\/\/yoast.com\/wordpress\/plugins\/seo\/ -->\n<title>Seaconomy 700 | Yener Ticaret Ltd. \u015eti.<\/title>\n<meta name=\"robots\" content=\"index, follow, max-snippet:-1, max-image-preview:large, max-video-preview:-1\" \/>\n<link rel=\"canonical\" href=\"https:\/\/yenerticaret.com.tr\/en\/product\/seaconomy-700\/\" \/>\n<meta property=\"og:locale\" content=\"en_GB\" \/>\n<meta property=\"og:type\" content=\"article\" \/>\n<meta property=\"og:title\" content=\"Seaconomy 700\" \/>\n<meta property=\"og:description\" content=\"SeaConomy 700, y\u00fcksek kat\u0131 maddeli, hidrolize edici, kendi kendine parlatan bir zehirli boyad\u0131r. IMO Kirlenme \u00d6nleyici Sistem S\u00f6zle\u015fmesi ile uyumlu (AFS\/CONF\/26).\" \/>\n<meta property=\"og:url\" content=\"https:\/\/yenerticaret.com.tr\/en\/product\/seaconomy-700\/\" \/>\n<meta property=\"og:site_name\" content=\"Yener Ticaret Ltd. \u015eti.\" \/>\n<meta property=\"article:modified_time\" content=\"2022-06-16T18:39:58+00:00\" \/>\n<meta property=\"og:image\" content=\"https:\/\/yenerticaret.com.tr\/wp-content\/uploads\/2022\/03\/jotun-1.jpg\" \/>\n\t<meta property=\"og:image:width\" content=\"596\" \/>\n\t<meta property=\"og:image:height\" content=\"596\" \/>\n\t<meta property=\"og:image:type\" content=\"image\/jpeg\" \/>\n<meta name=\"twitter:card\" content=\"summary\" \/>\n<meta name=\"twitter:label1\" content=\"Estimated reading time\" \/>\n\t<meta name=\"twitter:data1\" content=\"1 minute\" \/>\n<script type=\"application\/ld+json\" class=\"yoast-schema-graph\">{\"@context\":\"https:\/\/schema.org\",\"@graph\":[{\"@type\":\"WebSite\",\"@id\":\"https:\/\/yenerticaret.com.tr\/#website\",\"url\":\"https:\/\/yenerticaret.com.tr\/\",\"name\":\"Yener Ticaret Ltd. \u015eti.\",\"description\":\"Jotun Sanayi ve Marin Boyalar\u0131 Bayii\",\"potentialAction\":[{\"@type\":\"SearchAction\",\"target\":{\"@type\":\"EntryPoint\",\"urlTemplate\":\"https:\/\/yenerticaret.com.tr\/?s={search_term_string}\"},\"query-input\":\"required name=search_term_string\"}],\"inLanguage\":\"en-GB\"},{\"@type\":\"ImageObject\",\"@id\":\"https:\/\/yenerticaret.com.tr\/urun\/seaconomy-700\/#primaryimage\",\"inLanguage\":\"en-GB\",\"url\":\"https:\/\/yenerticaret.com.tr\/wp-content\/uploads\/2022\/03\/jotun-1.jpg\",\"contentUrl\":\"https:\/\/yenerticaret.com.tr\/wp-content\/uploads\/2022\/03\/jotun-1.jpg\",\"width\":596,\"height\":596},{\"@type\":\"WebPage\",\"@id\":\"https:\/\/yenerticaret.com.tr\/urun\/seaconomy-700\/#webpage\",\"url\":\"https:\/\/yenerticaret.com.tr\/urun\/seaconomy-700\/\",\"name\":\"Seaconomy 700 | Yener Ticaret Ltd. \u015eti.\",\"isPartOf\":{\"@id\":\"https:\/\/yenerticaret.com.tr\/#website\"},\"primaryImageOfPage\":{\"@id\":\"https:\/\/yenerticaret.com.tr\/urun\/seaconomy-700\/#primaryimage\"},\"datePublished\":\"2022-06-16T18:37:32+00:00\",\"dateModified\":\"2022-06-16T18:39:58+00:00\",\"breadcrumb\":{\"@id\":\"https:\/\/yenerticaret.com.tr\/urun\/seaconomy-700\/#breadcrumb\"},\"inLanguage\":\"en-GB\",\"potentialAction\":[{\"@type\":\"ReadAction\",\"target\":[\"https:\/\/yenerticaret.com.tr\/urun\/seaconomy-700\/\"]}]},{\"@type\":\"BreadcrumbList\",\"@id\":\"https:\/\/yenerticaret.com.tr\/urun\/seaconomy-700\/#breadcrumb\",\"itemListElement\":[{\"@type\":\"ListItem\",\"position\":1,\"name\":\"Home\",\"item\":\"https:\/\/yenerticaret.com.tr\/\"},{\"@type\":\"ListItem\",\"position\":2,\"name\":\"Jotun Ma\u011faza\",\"item\":\"https:\/\/yenerticaret.com.tr\/jotun-magaza\/\"},{\"@type\":\"ListItem\",\"position\":3,\"name\":\"Seaconomy 700\"}]}]}<\/script>\n<!-- \/ Yoast SEO Premium plugin. -->","yoast_head_json":{"title":"Seaconomy 700 | Yener Ticaret Ltd. \u015eti.","robots":{"index":"index","follow":"follow","max-snippet":"max-snippet:-1","max-image-preview":"max-image-preview:large","max-video-preview":"max-video-preview:-1"},"canonical":"https:\/\/yenerticaret.com.tr\/en\/product\/seaconomy-700\/","og_locale":"en_GB","og_type":"article","og_title":"Seaconomy 700","og_description":"SeaConomy 700, y\u00fcksek kat\u0131 maddeli, hidrolize edici, kendi kendine parlatan bir zehirli boyad\u0131r. IMO Kirlenme \u00d6nleyici Sistem S\u00f6zle\u015fmesi ile uyumlu (AFS\/CONF\/26).","og_url":"https:\/\/yenerticaret.com.tr\/en\/product\/seaconomy-700\/","og_site_name":"Yener Ticaret Ltd. \u015eti.","article_modified_time":"2022-06-16T18:39:58+00:00","og_image":[{"width":596,"height":596,"url":"https:\/\/yenerticaret.com.tr\/wp-content\/uploads\/2022\/03\/jotun-1.jpg","type":"image\/jpeg"}],"twitter_card":"summary","twitter_misc":{"Estimated reading time":"1 minute"},"schema":{"@context":"https:\/\/schema.org","@graph":[{"@type":"WebSite","@id":"https:\/\/yenerticaret.com.tr\/#website","url":"https:\/\/yenerticaret.com.tr\/","name":"Yener Ticaret Ltd. \u015eti.","description":"Jotun Sanayi ve Marin Boyalar\u0131 Bayii","potentialAction":[{"@type":"SearchAction","target":{"@type":"EntryPoint","urlTemplate":"https:\/\/yenerticaret.com.tr\/?s={search_term_string}"},"query-input":"required name=search_term_string"}],"inLanguage":"en-GB"},{"@type":"ImageObject","@id":"https:\/\/yenerticaret.com.tr\/urun\/seaconomy-700\/#primaryimage","inLanguage":"en-GB","url":"https:\/\/yenerticaret.com.tr\/wp-content\/uploads\/2022\/03\/jotun-1.jpg","contentUrl":"https:\/\/yenerticaret.com.tr\/wp-content\/uploads\/2022\/03\/jotun-1.jpg","width":596,"height":596},{"@type":"WebPage","@id":"https:\/\/yenerticaret.com.tr\/urun\/seaconomy-700\/#webpage","url":"https:\/\/yenerticaret.com.tr\/urun\/seaconomy-700\/","name":"Seaconomy 700 | Yener Ticaret Ltd. \u015eti.","isPartOf":{"@id":"https:\/\/yenerticaret.com.tr\/#website"},"primaryImageOfPage":{"@id":"https:\/\/yenerticaret.com.tr\/urun\/seaconomy-700\/#primaryimage"},"datePublished":"2022-06-16T18:37:32+00:00","dateModified":"2022-06-16T18:39:58+00:00","breadcrumb":{"@id":"https:\/\/yenerticaret.com.tr\/urun\/seaconomy-700\/#breadcrumb"},"inLanguage":"en-GB","potentialAction":[{"@type":"ReadAction","target":["https:\/\/yenerticaret.com.tr\/urun\/seaconomy-700\/"]}]},{"@type":"BreadcrumbList","@id":"https:\/\/yenerticaret.com.tr\/urun\/seaconomy-700\/#breadcrumb","itemListElement":[{"@type":"ListItem","position":1,"name":"Home","item":"https:\/\/yenerticaret.com.tr\/"},{"@type":"ListItem","position":2,"name":"Jotun Ma\u011faza","item":"https:\/\/yenerticaret.com.tr\/jotun-magaza\/"},{"@type":"ListItem","position":3,"name":"Seaconomy 700"}]}]}},"jetpack-related-posts":[{"id":2773,"url":"https:\/\/yenerticaret.com.tr\/en\/product\/seaforce-90\/","url_meta":{"origin":2769,"position":0},"title":"SeaForce 90","date":"16 June 2022","format":false,"excerpt":"SeaForce 90, Polimerik Plastifiyan Teknolojisine (patentli) dayal\u0131, y\u00fcksek kat\u0131 maddeli, hidrolize edici, kendinden cilal\u0131 bir zehirli boyad\u0131r. SeaForce 90'\u0131n performans\u0131, benzersiz sentetik polimerlerin bir kombinasyonu ile elde edilir. IMO Kirlenme \u00d6nleyici Sistem S\u00f6zle\u015fmesi ile uyumlu (AFS\/CONF\/26).","rel":"","context":"Similar post","img":{"alt_text":"","src":"https:\/\/i0.wp.com\/yenerticaret.com.tr\/wp-content\/uploads\/2022\/03\/jotun-1.jpg?resize=350%2C200&ssl=1","width":350,"height":200},"classes":[]},{"id":2771,"url":"https:\/\/yenerticaret.com.tr\/en\/product\/seaforce-30\/","url_meta":{"origin":2769,"position":1},"title":"Seaforce 30","date":"16 June 2022","format":false,"excerpt":"36 ayl\u0131k y\u00fcksek koruma SeaForce 30 etkin biyosit sal\u0131n\u0131m\u0131 ve sabit polishing oran\u0131 sayesinde y\u00fcksek performansl\u0131 karina boyas\u0131d\u0131r. Maliyet optimizasyonu SeaForce 30, armat\u00f6rlere ve operasyon m\u00fcd\u00fcrlerine kaliteden \u00f6d\u00fcn vermeden su alt\u0131 boyalar\u0131 b\u00fct\u00e7esinde avantaj sa\u011flar. Yo\u011fun deneyim 15.000 den fazla gemide, 30 milyon litreye yak\u0131n Sea Force kullan\u0131lm\u0131\u015ft\u0131r. SeaForce 30\u2026","rel":"","context":"Similar post","img":{"alt_text":"","src":"https:\/\/i0.wp.com\/yenerticaret.com.tr\/wp-content\/uploads\/2022\/03\/jotun-1.jpg?resize=350%2C200&ssl=1","width":350,"height":200},"classes":[]},{"id":2779,"url":"https:\/\/yenerticaret.com.tr\/en\/product\/seaquantum-spectrum\/","url_meta":{"origin":2769,"position":2},"title":"SeaQuantum Spectrum","date":"16 June 2022","format":false,"excerpt":"Bu, tek bile\u015fenli, kimyasal olarak hidrolize edici silil akrilat zehirli boya kaplamas\u0131d\u0131r. M\u00fckemmel kirlenme korumas\u0131 ve e\u015fsiz g\u00f6vde performans\u0131 sa\u011flar. Bu, g\u00f6vde bozulmas\u0131n\u0131, s\u00fcrt\u00fcnmeyi ve h\u0131z kayb\u0131n\u0131 azaltan olduk\u00e7a \u00f6ng\u00f6r\u00fclebilir ve kararl\u0131 kendi kendini parlatma \u00f6zellikleri ile elde edilir. Sadece dald\u0131r\u0131lm\u0131\u015f ortamlarda son kat olarak kullan\u0131lmal\u0131d\u0131r. Al\u00fcminyum ve karbon \u00e7eli\u011fi\u2026","rel":"","context":"Similar post","img":{"alt_text":"","src":"https:\/\/i0.wp.com\/yenerticaret.com.tr\/wp-content\/uploads\/2022\/03\/jotun-1.jpg?resize=350%2C200&ssl=1","width":350,"height":200},"classes":[]},{"id":2760,"url":"https:\/\/yenerticaret.com.tr\/en\/product\/jotun-jotamastic-87\/","url_meta":{"origin":2769,"position":3},"title":"Jotun Jotamastic 87","date":"25 May 2022","format":false,"excerpt":"\u00c7ift bile\u015fenli poliamin k\u00fcrlenmeli mastik epoksi esasl\u0131 bir boyad\u0131r. Y\u00fczey toleransl\u0131, y\u00fcksek kat\u0131 maddeli, y\u00fcksek yap\u0131l\u0131 bir \u00fcr\u00fcnd\u00fcr. Optimum y\u00fczey haz\u0131rl\u0131\u011f\u0131n\u0131n sa\u011flanamad\u0131\u011f\u0131 veya istenmedi\u011fi y\u00fczeyler i\u00e7in \u00f6zel olarak geli\u015ftirilmi\u015ftir. Y\u00fcksek korozif ortamlarda uzun s\u00fcreli koruma sa\u011flar. Atmosferik ko\u015fullara maruz kalan yap\u0131larda ve su alt\u0131 alanlar\u0131nda ara kat veya son kat,\u2026","rel":"","context":"Similar post","img":{"alt_text":"","src":"https:\/\/i0.wp.com\/yenerticaret.com.tr\/wp-content\/uploads\/2022\/03\/jotun-1.jpg?resize=350%2C200&ssl=1","width":350,"height":200},"classes":[]},{"id":2736,"url":"https:\/\/yenerticaret.com.tr\/en\/product\/jotun-jotamastic-80\/","url_meta":{"origin":2769,"position":4},"title":"Jotun Jotamastic 80","date":"25 May 2022","format":false,"excerpt":"\u00c7ift bile\u015fenli poliamin k\u00fcrlenmeli mastik epoksi esasl\u0131 bir boyad\u0131r. Y\u00fczey toleransl\u0131, y\u00fcksek kat\u0131 maddeli bir \u00fcr\u00fcnd\u00fcr. Optimum y\u00fczey haz\u0131rl\u0131\u011f\u0131n\u0131n sa\u011flanamad\u0131\u011f\u0131 veya istenmedi\u011fi y\u00fczeyler i\u00e7in \u00f6zel olarak geli\u015ftirilmi\u015ftir. Atmosferik ortamlarda astar, ara kat ve son kat veya tek katl\u0131 sistem olarak kullan\u0131labilir. D\u00fczg\u00fcn bir \u015fekilde haz\u0131rlanm\u0131\u015f karbon \u00e7elik y\u00fczeyler ve eski\u2026","rel":"","context":"Similar post","img":{"alt_text":"","src":"https:\/\/i0.wp.com\/yenerticaret.com.tr\/wp-content\/uploads\/2022\/03\/jotun-1.jpg?resize=350%2C200&ssl=1","width":350,"height":200},"classes":[]},{"id":2732,"url":"https:\/\/yenerticaret.com.tr\/en\/product\/penguard-ekspres-zp\/","url_meta":{"origin":2769,"position":5},"title":"Penguard Ekspres ZP","date":"25 May 2022","format":false,"excerpt":"\u00c7ift bile\u015fenli, amin k\u00fcrlenmeli epoksi esasl\u0131 bir boyad\u0131r. H\u0131zl\u0131 kuruyan, y\u00fcksek kat\u0131 maddeli ve y\u00fcksek yap\u0131l\u0131 bir \u00fcr\u00fcnd\u00fcr. \u00d6zellikle h\u0131zl\u0131 kat boyas\u0131 uygulamalar\u0131 ve h\u0131zl\u0131 malzeme transferi gerektiren yeni in\u015falara y\u00f6nelik tasarlanm\u0131\u015ft\u0131r. Atmosferik ortamlarda astar, ara kat ve son kat veya tek katl\u0131 sistem olarak kullan\u0131labilir. Uygun \u015fekilde haz\u0131rlanm\u0131\u015f karbon\u2026","rel":"","context":"Similar post","img":{"alt_text":"","src":"https:\/\/i0.wp.com\/yenerticaret.com.tr\/wp-content\/uploads\/2022\/03\/jotun-1.jpg?resize=350%2C200&ssl=1","width":350,"height":200},"classes":[]}],"_links":{"self":[{"href":"https:\/\/yenerticaret.com.tr\/en\/wp-json\/wp\/v2\/product\/2769"}],"collection":[{"href":"https:\/\/yenerticaret.com.tr\/en\/wp-json\/wp\/v2\/product"}],"about":[{"href":"https:\/\/yenerticaret.com.tr\/en\/wp-json\/wp\/v2\/types\/product"}],"wp:featuredmedia":[{"embeddable":true,"href":"https:\/\/yenerticaret.com.tr\/en\/wp-json\/wp\/v2\/media\/2715"}],"wp:attachment":[{"href":"https:\/\/yenerticaret.com.tr\/en\/wp-json\/wp\/v2\/media?parent=2769"}],"wp:term":[{"taxonomy":"product_cat","embeddable":true,"href":"https:\/\/yenerticaret.com.tr\/en\/wp-json\/wp\/v2\/product_cat?post=2769"},{"taxonomy":"product_tag","embeddable":true,"href":"https:\/\/yenerticaret.com.tr\/en\/wp-json\/wp\/v2\/product_tag?post=2769"}],"curies":[{"name":"wp","href":"https:\/\/api.w.org\/{rel}","templated":true}]}}