{"id":2781,"date":"2022-06-16T22:18:46","date_gmt":"2022-06-16T19:18:46","guid":{"rendered":"https:\/\/yenerticaret.com.tr\/?post_type=product&#038;p=2781"},"modified":"2022-06-16T22:20:58","modified_gmt":"2022-06-16T19:20:58","slug":"seamate-m","status":"publish","type":"product","link":"https:\/\/yenerticaret.com.tr\/en\/product\/seamate-m\/","title":{"rendered":"SeaMate M"},"content":{"rendered":"<section class=\"product__info-about list-wrap link-wrap\">\n<section class=\"product__info-about list-wrap link-wrap\">\n<section class=\"product__info-about list-wrap link-wrap\">\n<section class=\"product__info-about list-wrap link-wrap\">\n<section class=\"product__info-about list-wrap link-wrap\">\n<section class=\"product__info-about list-wrap link-wrap\">\n<section class=\"product__info-about list-wrap link-wrap\">\n<section class=\"product__info-about list-wrap link-wrap\">\n<section class=\"product__info-about list-wrap link-wrap\">\n<p class=\"p1\"><span>SeaMate M&#8217;deki g\u00fcvenilir silil form\u00fclasyonu, optimal, \u00fc\u00e7l\u00fc biyosit paketi ile birle\u015fti\u011finde, g\u00fcvenilir uzun vadeli kirlenme korumas\u0131 ve tutarl\u0131 21 bo\u015f g\u00fcn yetene\u011fi ile g\u00f6vdenin enerji verimlili\u011fi sa\u011flar.<\/span><span class=\"Apple-converted-space\">\u00a0<\/span><\/p>\n<p class=\"p1\"><span>SeaMate M tributiltin i\u00e7ermez ve sibutrin i\u00e7ermez ve IMO Zehirli Boya Sistemi S\u00f6zle\u015fmesine (AFS\/CONF\/26) uygundur.<\/span><span class=\"Apple-converted-space\">\u00a0<\/span><\/p>\n<p class=\"p1\"><span>SeaMate, silil kirlenme \u00f6nleyici kaplamalar yelpazesinde g\u00fcvenilir marka olmu\u015ftur ve son on y\u0131lda 9.000&#8217;den fazla uygulaman\u0131n tercihi olmu\u015ftur.<\/span><\/p>\n<\/section>\n<section class=\"product__info-benefits list-wrap link-wrap\">\n<h2 class=\"product__info-heading title-24-reg\"><span>Ana \u00d6zellikler<\/span><\/h2>\n<ul>\n<li><span>Tahmini ortalama %4.0 h\u0131z kayb\u0131<\/span><\/li>\n<li><span>%5,7&#8217;ye varan yak\u0131t tasarrufu<\/span><\/li>\n<li><span>Geni\u015f aktivite yelpazesi i\u00e7in uygun<\/span><\/li>\n<li><span>Tutarl\u0131 21 bo\u015f g\u00fcn korumas\u0131<\/span><\/li>\n<li><span>Optimum \u00fc\u00e7l\u00fc biyosit paketi<\/span><\/li>\n<li><span>Kuru havuzlar i\u00e7in \u00f6zel yap\u0131m<\/span><\/li>\n<li><span>90 aya kadar kuru havuzlama aral\u0131klar\u0131<\/span><\/li>\n<\/ul>\n<\/section>\n<\/section>\n<section class=\"product__info-benefits list-wrap link-wrap\">\u00a0<\/section>\n<\/section>\n<\/section>\n<\/section>\n<\/section>\n<\/section>\n<section class=\"product__info-benefits list-wrap link-wrap\"><\/section>\n<\/section>\n<section class=\"product__info-benefits list-wrap link-wrap\"><\/section>\n<\/section>\n<section class=\"product__info-benefits list-wrap link-wrap\"><\/section>\n<p><a href=\"https:\/\/jotundatasheetsprod.blob.core.windows.net\/tds\/TDS%C2%A428901%C2%A4SeaMate%20M%C2%A4tr-TR%C2%A4TR.pdf\"><img loading=\"lazy\" class=\"wp-image-2712 alignnone\" src=\"https:\/\/yenerticaret.com.tr\/wp-content\/uploads\/2022\/03\/technical-pecs.png\" alt=\"\" width=\"474\" height=\"46\" srcset=\"https:\/\/yenerticaret.com.tr\/wp-content\/uploads\/2022\/03\/technical-pecs-400x39.png 400w, https:\/\/yenerticaret.com.tr\/wp-content\/uploads\/2022\/03\/technical-pecs-367x36.png 367w\" sizes=\"(max-width: 474px) 100vw, 474px\" \/><\/a><\/p>","protected":false},"excerpt":{"rendered":"<p><span>SeaMate M, k\u00fcresel ve k\u0131y\u0131 ticaretinde t\u00fcm gemi tiplerinde azalt\u0131lm\u0131\u015f li\u00e7 tabakas\u0131 kal\u0131nl\u0131\u011f\u0131 ve do\u011frulanabilir %4.0 h\u0131z kayb\u0131 ile hem m\u00fckemmel kirlenme korumas\u0131 hem de iyi g\u00f6vde performans\u0131 sa\u011flayan patentli tek bile\u015fenli hidrolize silil akrilat ba\u011flay\u0131c\u0131 sistemine dayanmaktad\u0131r.<\/span><span class=\"Apple-converted-space\">\u00a0<\/span><\/p>\n<p class=\"p1\"><span>Bu, yak\u0131t t\u00fcketimini ve karbon emisyonlar\u0131n\u0131 %5,7&#8217;ye kadar azaltabilir ve ba\u015far\u0131l\u0131, g\u00fcvenilir ve uzun s\u00fcreli koruma sa\u011flayarak su alt\u0131 g\u00f6vdesinde d\u00fc\u015f\u00fck s\u00fcrt\u00fcnme direnci sa\u011flayarak m\u00fc\u015fterilerin 90 aya kadar uzat\u0131lm\u0131\u015f yana\u015fma aral\u0131\u011f\u0131 ile h\u0131z ve program\u0131 korumalar\u0131na yard\u0131mc\u0131 olur.\u00a0Sadece kuru havuzlarda su alt\u0131 tekne uygulamalar\u0131 i\u00e7in tavsiye edilir.<\/span><span class=\"Apple-converted-space\">\u00a0<\/span><\/p>","protected":false},"featured_media":2715,"template":"","meta":{"_mi_skip_tracking":false,"jetpack_publicize_message":"","jetpack_is_tweetstorm":false,"jetpack_publicize_feature_enabled":true},"product_cat":[108],"product_tag":[],"jetpack_publicize_connections":[],"yoast_head":"<!-- This site is optimized with the Yoast SEO Premium plugin v17.7 (Yoast SEO v18.5.1) - https:\/\/yoast.com\/wordpress\/plugins\/seo\/ -->\n<title>SeaMate M | Yener Ticaret Ltd. \u015eti.<\/title>\n<meta name=\"robots\" content=\"index, follow, max-snippet:-1, max-image-preview:large, max-video-preview:-1\" \/>\n<link rel=\"canonical\" href=\"https:\/\/yenerticaret.com.tr\/en\/product\/seamate-m\/\" \/>\n<meta property=\"og:locale\" content=\"en_GB\" \/>\n<meta property=\"og:type\" content=\"article\" \/>\n<meta property=\"og:title\" content=\"SeaMate M\" \/>\n<meta property=\"og:description\" content=\"SeaMate M, k\u00fcresel ve k\u0131y\u0131 ticaretinde t\u00fcm gemi tiplerinde azalt\u0131lm\u0131\u015f li\u00e7 tabakas\u0131 kal\u0131nl\u0131\u011f\u0131 ve do\u011frulanabilir %4.0 h\u0131z kayb\u0131 ile hem m\u00fckemmel kirlenme korumas\u0131 hem de iyi g\u00f6vde performans\u0131 sa\u011flayan patentli tek bile\u015fenli hidrolize silil akrilat ba\u011flay\u0131c\u0131 sistemine dayanmaktad\u0131r.\u00a0 Bu, yak\u0131t t\u00fcketimini ve karbon emisyonlar\u0131n\u0131 %5,7&#039;ye kadar azaltabilir ve ba\u015far\u0131l\u0131, g\u00fcvenilir ve uzun s\u00fcreli koruma sa\u011flayarak su alt\u0131 g\u00f6vdesinde d\u00fc\u015f\u00fck s\u00fcrt\u00fcnme direnci sa\u011flayarak m\u00fc\u015fterilerin 90 aya kadar uzat\u0131lm\u0131\u015f yana\u015fma aral\u0131\u011f\u0131 ile h\u0131z ve program\u0131 korumalar\u0131na yard\u0131mc\u0131 olur.\u00a0Sadece kuru havuzlarda su alt\u0131 tekne uygulamalar\u0131 i\u00e7in tavsiye edilir.\u00a0\" \/>\n<meta property=\"og:url\" content=\"https:\/\/yenerticaret.com.tr\/en\/product\/seamate-m\/\" \/>\n<meta property=\"og:site_name\" content=\"Yener Ticaret Ltd. \u015eti.\" \/>\n<meta property=\"article:modified_time\" content=\"2022-06-16T19:20:58+00:00\" \/>\n<meta property=\"og:image\" content=\"https:\/\/yenerticaret.com.tr\/wp-content\/uploads\/2022\/03\/jotun-1.jpg\" \/>\n\t<meta property=\"og:image:width\" content=\"596\" \/>\n\t<meta property=\"og:image:height\" content=\"596\" \/>\n\t<meta property=\"og:image:type\" content=\"image\/jpeg\" \/>\n<meta name=\"twitter:card\" content=\"summary\" \/>\n<meta name=\"twitter:label1\" content=\"Estimated reading time\" \/>\n\t<meta name=\"twitter:data1\" content=\"1 minute\" \/>\n<script type=\"application\/ld+json\" class=\"yoast-schema-graph\">{\"@context\":\"https:\/\/schema.org\",\"@graph\":[{\"@type\":\"WebSite\",\"@id\":\"https:\/\/yenerticaret.com.tr\/#website\",\"url\":\"https:\/\/yenerticaret.com.tr\/\",\"name\":\"Yener Ticaret Ltd. \u015eti.\",\"description\":\"Jotun Sanayi ve Marin Boyalar\u0131 Bayii\",\"potentialAction\":[{\"@type\":\"SearchAction\",\"target\":{\"@type\":\"EntryPoint\",\"urlTemplate\":\"https:\/\/yenerticaret.com.tr\/?s={search_term_string}\"},\"query-input\":\"required name=search_term_string\"}],\"inLanguage\":\"en-GB\"},{\"@type\":\"ImageObject\",\"@id\":\"https:\/\/yenerticaret.com.tr\/urun\/seamate-m\/#primaryimage\",\"inLanguage\":\"en-GB\",\"url\":\"https:\/\/yenerticaret.com.tr\/wp-content\/uploads\/2022\/03\/jotun-1.jpg\",\"contentUrl\":\"https:\/\/yenerticaret.com.tr\/wp-content\/uploads\/2022\/03\/jotun-1.jpg\",\"width\":596,\"height\":596},{\"@type\":\"WebPage\",\"@id\":\"https:\/\/yenerticaret.com.tr\/urun\/seamate-m\/#webpage\",\"url\":\"https:\/\/yenerticaret.com.tr\/urun\/seamate-m\/\",\"name\":\"SeaMate M | Yener Ticaret Ltd. \u015eti.\",\"isPartOf\":{\"@id\":\"https:\/\/yenerticaret.com.tr\/#website\"},\"primaryImageOfPage\":{\"@id\":\"https:\/\/yenerticaret.com.tr\/urun\/seamate-m\/#primaryimage\"},\"datePublished\":\"2022-06-16T19:18:46+00:00\",\"dateModified\":\"2022-06-16T19:20:58+00:00\",\"breadcrumb\":{\"@id\":\"https:\/\/yenerticaret.com.tr\/urun\/seamate-m\/#breadcrumb\"},\"inLanguage\":\"en-GB\",\"potentialAction\":[{\"@type\":\"ReadAction\",\"target\":[\"https:\/\/yenerticaret.com.tr\/urun\/seamate-m\/\"]}]},{\"@type\":\"BreadcrumbList\",\"@id\":\"https:\/\/yenerticaret.com.tr\/urun\/seamate-m\/#breadcrumb\",\"itemListElement\":[{\"@type\":\"ListItem\",\"position\":1,\"name\":\"Home\",\"item\":\"https:\/\/yenerticaret.com.tr\/\"},{\"@type\":\"ListItem\",\"position\":2,\"name\":\"Jotun Ma\u011faza\",\"item\":\"https:\/\/yenerticaret.com.tr\/jotun-magaza\/\"},{\"@type\":\"ListItem\",\"position\":3,\"name\":\"SeaMate M\"}]}]}<\/script>\n<!-- \/ Yoast SEO Premium plugin. -->","yoast_head_json":{"title":"SeaMate M | Yener Ticaret Ltd. \u015eti.","robots":{"index":"index","follow":"follow","max-snippet":"max-snippet:-1","max-image-preview":"max-image-preview:large","max-video-preview":"max-video-preview:-1"},"canonical":"https:\/\/yenerticaret.com.tr\/en\/product\/seamate-m\/","og_locale":"en_GB","og_type":"article","og_title":"SeaMate M","og_description":"SeaMate M, k\u00fcresel ve k\u0131y\u0131 ticaretinde t\u00fcm gemi tiplerinde azalt\u0131lm\u0131\u015f li\u00e7 tabakas\u0131 kal\u0131nl\u0131\u011f\u0131 ve do\u011frulanabilir %4.0 h\u0131z kayb\u0131 ile hem m\u00fckemmel kirlenme korumas\u0131 hem de iyi g\u00f6vde performans\u0131 sa\u011flayan patentli tek bile\u015fenli hidrolize silil akrilat ba\u011flay\u0131c\u0131 sistemine dayanmaktad\u0131r.\u00a0 Bu, yak\u0131t t\u00fcketimini ve karbon emisyonlar\u0131n\u0131 %5,7'ye kadar azaltabilir ve ba\u015far\u0131l\u0131, g\u00fcvenilir ve uzun s\u00fcreli koruma sa\u011flayarak su alt\u0131 g\u00f6vdesinde d\u00fc\u015f\u00fck s\u00fcrt\u00fcnme direnci sa\u011flayarak m\u00fc\u015fterilerin 90 aya kadar uzat\u0131lm\u0131\u015f yana\u015fma aral\u0131\u011f\u0131 ile h\u0131z ve program\u0131 korumalar\u0131na yard\u0131mc\u0131 olur.\u00a0Sadece kuru havuzlarda su alt\u0131 tekne uygulamalar\u0131 i\u00e7in tavsiye edilir.\u00a0","og_url":"https:\/\/yenerticaret.com.tr\/en\/product\/seamate-m\/","og_site_name":"Yener Ticaret Ltd. \u015eti.","article_modified_time":"2022-06-16T19:20:58+00:00","og_image":[{"width":596,"height":596,"url":"https:\/\/yenerticaret.com.tr\/wp-content\/uploads\/2022\/03\/jotun-1.jpg","type":"image\/jpeg"}],"twitter_card":"summary","twitter_misc":{"Estimated reading time":"1 minute"},"schema":{"@context":"https:\/\/schema.org","@graph":[{"@type":"WebSite","@id":"https:\/\/yenerticaret.com.tr\/#website","url":"https:\/\/yenerticaret.com.tr\/","name":"Yener Ticaret Ltd. \u015eti.","description":"Jotun Sanayi ve Marin Boyalar\u0131 Bayii","potentialAction":[{"@type":"SearchAction","target":{"@type":"EntryPoint","urlTemplate":"https:\/\/yenerticaret.com.tr\/?s={search_term_string}"},"query-input":"required name=search_term_string"}],"inLanguage":"en-GB"},{"@type":"ImageObject","@id":"https:\/\/yenerticaret.com.tr\/urun\/seamate-m\/#primaryimage","inLanguage":"en-GB","url":"https:\/\/yenerticaret.com.tr\/wp-content\/uploads\/2022\/03\/jotun-1.jpg","contentUrl":"https:\/\/yenerticaret.com.tr\/wp-content\/uploads\/2022\/03\/jotun-1.jpg","width":596,"height":596},{"@type":"WebPage","@id":"https:\/\/yenerticaret.com.tr\/urun\/seamate-m\/#webpage","url":"https:\/\/yenerticaret.com.tr\/urun\/seamate-m\/","name":"SeaMate M | Yener Ticaret Ltd. \u015eti.","isPartOf":{"@id":"https:\/\/yenerticaret.com.tr\/#website"},"primaryImageOfPage":{"@id":"https:\/\/yenerticaret.com.tr\/urun\/seamate-m\/#primaryimage"},"datePublished":"2022-06-16T19:18:46+00:00","dateModified":"2022-06-16T19:20:58+00:00","breadcrumb":{"@id":"https:\/\/yenerticaret.com.tr\/urun\/seamate-m\/#breadcrumb"},"inLanguage":"en-GB","potentialAction":[{"@type":"ReadAction","target":["https:\/\/yenerticaret.com.tr\/urun\/seamate-m\/"]}]},{"@type":"BreadcrumbList","@id":"https:\/\/yenerticaret.com.tr\/urun\/seamate-m\/#breadcrumb","itemListElement":[{"@type":"ListItem","position":1,"name":"Home","item":"https:\/\/yenerticaret.com.tr\/"},{"@type":"ListItem","position":2,"name":"Jotun Ma\u011faza","item":"https:\/\/yenerticaret.com.tr\/jotun-magaza\/"},{"@type":"ListItem","position":3,"name":"SeaMate M"}]}]}},"jetpack-related-posts":[{"id":2782,"url":"https:\/\/yenerticaret.com.tr\/en\/product\/seamate-nb\/","url_meta":{"origin":2781,"position":0},"title":"SeaMate NB","date":"16 June 2022","format":false,"excerpt":"SeaMate NB, donat\u0131m s\u0131ras\u0131nda hem deniz hem de tatl\u0131 suya maruz kalarak hem m\u00fckemmel kirlenme korumas\u0131 hem de iyi g\u00f6vde performans\u0131 sa\u011flayan patentli, tek bile\u015fenli hidrolize edici silil akrilat ba\u011flay\u0131c\u0131 sistemine dayanmaktad\u0131r.\u00a0 SeaMate NB, boya t\u00fcketimini ve uygulama s\u00fcresini azaltarak, VOC emisyonlar\u0131n\u0131 d\u00fc\u015f\u00fcrerek artan \u00fcretkenlik avantaj\u0131 sunar.\u00a0Bu faydalar\u0131 m\u00fckemmel donan\u0131m\u2026","rel":"","context":"Similar post","img":{"alt_text":"","src":"https:\/\/i0.wp.com\/yenerticaret.com.tr\/wp-content\/uploads\/2022\/03\/jotun-1.jpg?resize=350%2C200&ssl=1","width":350,"height":200},"classes":[]},{"id":2778,"url":"https:\/\/yenerticaret.com.tr\/en\/product\/seaquantum-pro-u\/","url_meta":{"origin":2781,"position":1},"title":"SeaQuantum Pro U","date":"16 June 2022","format":false,"excerpt":"SeaQuantum Pro U, tahminen %3,5'lik bir h\u0131z kayb\u0131yla, geni\u015f bir gemi faaliyeti yelpazesine uyacak \u015fekilde tasarlanm\u0131\u015f, kendi kendini parlatan silil akrilat zehirli boya kaplamad\u0131r.\u00a0 Bu, yak\u0131t t\u00fcketimini ve karbon emisyonlar\u0131n\u0131 %7,2'ye* kadar azaltabilir ve son derece etkili biyolojik kirlilik kontrol\u00fc ve p\u00fcr\u00fczs\u00fcz, kendi kendini parlatan bir y\u00fczey profili sayesinde su\u2026","rel":"","context":"Similar post","img":{"alt_text":"","src":"https:\/\/i0.wp.com\/yenerticaret.com.tr\/wp-content\/uploads\/2022\/03\/jotun-1.jpg?resize=350%2C200&ssl=1","width":350,"height":200},"classes":[]},{"id":2775,"url":"https:\/\/yenerticaret.com.tr\/en\/product\/seaquantum-plus-s\/","url_meta":{"origin":2781,"position":2},"title":"SeaQuantum Plus S","date":"16 June 2022","format":false,"excerpt":"SeaQuantum Plus S, y\u00fcksek aktiviteli gemiler, \u00f6zellikle konteyner gemileri, gaz gemileri ve ara\u00e7 gemileri i\u00e7in do\u011frulanabilir %2,5 h\u0131z kayb\u0131na* sahip, ki\u015fiye \u00f6zel, daha yava\u015f parlatan silil akrilat zehirli boyad\u0131r.\u00a0 Bu, yak\u0131t t\u00fcketimini ve karbon emisyonlar\u0131n\u0131 %10,2'ye* kadar azaltabilir ve son derece etkili biyolojik kirlilik kontrol\u00fc ve p\u00fcr\u00fczs\u00fcz, kendi kendini parlatan\u2026","rel":"","context":"Similar post","img":{"alt_text":"","src":"https:\/\/i0.wp.com\/yenerticaret.com.tr\/wp-content\/uploads\/2022\/03\/jotun-1.jpg?resize=350%2C200&ssl=1","width":350,"height":200},"classes":[]},{"id":2774,"url":"https:\/\/yenerticaret.com.tr\/en\/product\/seaquantum-classic-s\/","url_meta":{"origin":2781,"position":3},"title":"SeaQuantum Classic S","date":"16 June 2022","format":false,"excerpt":"SeaQuantum Classic S, \u00e7o\u011fu kargo ve yolcu gemisi t\u00fcr\u00fcn\u00fc i\u00e7eren orta aktivite gemileri i\u00e7in do\u011frulanabilir %2,5* h\u0131z kayb\u0131na sahip, \u00f6zel yap\u0131m, kendi kendini parlatan silil akrilat zehirli boyad\u0131r.\u00a0 Bu, yak\u0131t t\u00fcketimini ve karbon emisyonlar\u0131n\u0131 %10,2'ye* kadar azaltabilir ve son derece etkili biyolojik kirlilik kontrol\u00fc ve p\u00fcr\u00fczs\u00fcz, kendi kendini parlatan bir\u2026","rel":"","context":"Similar post","img":{"alt_text":"","src":"https:\/\/i0.wp.com\/yenerticaret.com.tr\/wp-content\/uploads\/2022\/03\/jotun-1.jpg?resize=350%2C200&ssl=1","width":350,"height":200},"classes":[]},{"id":2777,"url":"https:\/\/yenerticaret.com.tr\/en\/product\/seaquantum-ultra-s\/","url_meta":{"origin":2781,"position":4},"title":"SeaQuantum Ultra S","date":"16 June 2022","format":false,"excerpt":"SeaQuantum Ultra S, d\u00f6kme y\u00fck gemileri, tankerler ve yava\u015f buharla \u00e7al\u0131\u015fan gemiler dahil olmak \u00fczere d\u00fc\u015f\u00fck ila orta aktiviteli gemiler i\u00e7in do\u011frulanabilir %2,5* h\u0131z kayb\u0131na sahip, ki\u015fiye \u00f6zel, daha h\u0131zl\u0131 parlat\u0131c\u0131 silil akrilat zehirli boyad\u0131r.\u00a0 Bu, yak\u0131t t\u00fcketimini ve karbon emisyonlar\u0131n\u0131 %11,7'ye* kadar azaltabilir ve son derece etkili biyolojik kirlilik\u2026","rel":"","context":"Similar post","img":{"alt_text":"","src":"https:\/\/i0.wp.com\/yenerticaret.com.tr\/wp-content\/uploads\/2022\/03\/jotun-1.jpg?resize=350%2C200&ssl=1","width":350,"height":200},"classes":[]},{"id":2779,"url":"https:\/\/yenerticaret.com.tr\/en\/product\/seaquantum-spectrum\/","url_meta":{"origin":2781,"position":5},"title":"SeaQuantum Spectrum","date":"16 June 2022","format":false,"excerpt":"Bu, tek bile\u015fenli, kimyasal olarak hidrolize edici silil akrilat zehirli boya kaplamas\u0131d\u0131r. M\u00fckemmel kirlenme korumas\u0131 ve e\u015fsiz g\u00f6vde performans\u0131 sa\u011flar. Bu, g\u00f6vde bozulmas\u0131n\u0131, s\u00fcrt\u00fcnmeyi ve h\u0131z kayb\u0131n\u0131 azaltan olduk\u00e7a \u00f6ng\u00f6r\u00fclebilir ve kararl\u0131 kendi kendini parlatma \u00f6zellikleri ile elde edilir. Sadece dald\u0131r\u0131lm\u0131\u015f ortamlarda son kat olarak kullan\u0131lmal\u0131d\u0131r. Al\u00fcminyum ve karbon \u00e7eli\u011fi\u2026","rel":"","context":"Similar post","img":{"alt_text":"","src":"https:\/\/i0.wp.com\/yenerticaret.com.tr\/wp-content\/uploads\/2022\/03\/jotun-1.jpg?resize=350%2C200&ssl=1","width":350,"height":200},"classes":[]}],"_links":{"self":[{"href":"https:\/\/yenerticaret.com.tr\/en\/wp-json\/wp\/v2\/product\/2781"}],"collection":[{"href":"https:\/\/yenerticaret.com.tr\/en\/wp-json\/wp\/v2\/product"}],"about":[{"href":"https:\/\/yenerticaret.com.tr\/en\/wp-json\/wp\/v2\/types\/product"}],"wp:featuredmedia":[{"embeddable":true,"href":"https:\/\/yenerticaret.com.tr\/en\/wp-json\/wp\/v2\/media\/2715"}],"wp:attachment":[{"href":"https:\/\/yenerticaret.com.tr\/en\/wp-json\/wp\/v2\/media?parent=2781"}],"wp:term":[{"taxonomy":"product_cat","embeddable":true,"href":"https:\/\/yenerticaret.com.tr\/en\/wp-json\/wp\/v2\/product_cat?post=2781"},{"taxonomy":"product_tag","embeddable":true,"href":"https:\/\/yenerticaret.com.tr\/en\/wp-json\/wp\/v2\/product_tag?post=2781"}],"curies":[{"name":"wp","href":"https:\/\/api.w.org\/{rel}","templated":true}]}}