{"id":2783,"date":"2022-06-16T22:23:44","date_gmt":"2022-06-16T19:23:44","guid":{"rendered":"https:\/\/yenerticaret.com.tr\/?post_type=product&#038;p=2783"},"modified":"2022-06-16T22:26:02","modified_gmt":"2022-06-16T19:26:02","slug":"seaquest","status":"publish","type":"product","link":"https:\/\/yenerticaret.com.tr\/en\/product\/seaquest\/","title":{"rendered":"SeaQuest"},"content":{"rendered":"<section class=\"product__info-about list-wrap link-wrap\">\n<section class=\"product__info-about list-wrap link-wrap\">\n<section class=\"product__info-about list-wrap link-wrap\">\n<section class=\"product__info-about list-wrap link-wrap\">\n<section class=\"product__info-about list-wrap link-wrap\">\n<section class=\"product__info-about list-wrap link-wrap\">\n<section class=\"product__info-about list-wrap link-wrap\">\n<section class=\"product__info-about list-wrap link-wrap\">\n<section class=\"product__info-about list-wrap link-wrap\">\n<section class=\"product__info-about list-wrap link-wrap\"><strong>Deniz:<\/strong><br \/>\nYeni in\u015fa ve havuzlamada su alt\u0131 g\u00f6vdesi i\u00e7in \u00f6nerilir. Orta ila y\u00fcksek h\u0131zda veya aktivitede ticaret yapan gemiler i\u00e7in birinci s\u0131n\u0131f bir \u00e7\u00f6z\u00fcm olarak \u00f6zel olarak tasarlanm\u0131\u015ft\u0131r. Uzun s\u00fcreli estetik g\u00f6r\u00fcn\u00fcm sa\u011flayan y\u00fcksek parlakl\u0131k ve m\u00fckemmel renk stabilitesine sahiptir. Uzun vadeli g\u00f6vde korumas\u0131na odaklan\u0131lan belirli i\u015flemler i\u00e7in \u00f6zellikle uygundur. \u00dcr\u00fcn uzun servis periyotlar\u0131na uygundur ve komple bir kaplama sisteminin par\u00e7as\u0131 olarak 60 aya kadar kullan\u0131labilir.<\/p>\n<p><strong>Koruyucu:<\/strong><br \/>\nA\u00e7\u0131k deniz in\u015faatlar\u0131 ve statik kurulumlar i\u00e7in d\u0131\u015f g\u00f6vde i\u00e7in \u00f6zel olarak tasarlanm\u0131\u015ft\u0131r.<\/p>\n<p><strong>Tipik ticaret<\/strong><br \/>\nHem k\u00fcresel hem de k\u0131y\u0131 ticareti i\u00e7in tasarlanm\u0131\u015ft\u0131r.<\/p>\n<\/section>\n<\/section>\n<\/section>\n<section class=\"product__info-benefits list-wrap link-wrap\">\u00a0<\/section>\n<\/section>\n<\/section>\n<\/section>\n<\/section>\n<\/section>\n<section class=\"product__info-benefits list-wrap link-wrap\"><\/section>\n<\/section>\n<section class=\"product__info-benefits list-wrap link-wrap\"><\/section>\n<\/section>\n<section class=\"product__info-benefits list-wrap link-wrap\"><\/section>\n<p><a href=\"https:\/\/www.jotun.com\/Datasheets\/Download?url=%2FTDS%2FTDS__40782__SeaQuest__Euk__GB.pdf\"><img loading=\"lazy\" class=\"wp-image-2712 alignnone\" src=\"https:\/\/yenerticaret.com.tr\/wp-content\/uploads\/2022\/03\/technical-pecs.png\" alt=\"\" width=\"474\" height=\"46\" srcset=\"https:\/\/yenerticaret.com.tr\/wp-content\/uploads\/2022\/03\/technical-pecs-400x39.png 400w, https:\/\/yenerticaret.com.tr\/wp-content\/uploads\/2022\/03\/technical-pecs-367x36.png 367w\" sizes=\"(max-width: 474px) 100vw, 474px\" \/><\/a><\/p>","protected":false},"excerpt":{"rendered":"<p>Bu, elastotain teknolojisine dayal\u0131 \u00fc\u00e7 bile\u015fenli bir kirlilik \u00f6nleyici kaplamad\u0131r. Biyosit i\u00e7ermez ve m\u00fckemmel kirlenme korumas\u0131 ve g\u00f6vde performans\u0131 sa\u011flar. Bu, g\u00f6vde bozulmas\u0131n\u0131 ve h\u0131z kayb\u0131n\u0131 azaltan p\u00fcr\u00fczs\u00fcz, d\u00fc\u015f\u00fck s\u00fcrt\u00fcnmeli bir y\u00fczey ile sa\u011flan\u0131r. Suya dald\u0131r\u0131lm\u0131\u015f ortamlarda son kat olarak kullan\u0131l\u0131r. Yaln\u0131zca onayl\u0131 Jotun FRC ba\u011f katlar\u0131 i\u00e7in uygundur.<\/p>","protected":false},"featured_media":2715,"template":"","meta":{"_mi_skip_tracking":false,"jetpack_publicize_message":"","jetpack_is_tweetstorm":false,"jetpack_publicize_feature_enabled":true},"product_cat":[108],"product_tag":[],"jetpack_publicize_connections":[],"yoast_head":"<!-- This site is optimized with the Yoast SEO Premium plugin v17.7 (Yoast SEO v18.5.1) - https:\/\/yoast.com\/wordpress\/plugins\/seo\/ -->\n<title>SeaQuest | Yener Ticaret Ltd. \u015eti.<\/title>\n<meta name=\"robots\" content=\"index, follow, max-snippet:-1, max-image-preview:large, max-video-preview:-1\" \/>\n<link rel=\"canonical\" href=\"https:\/\/yenerticaret.com.tr\/en\/product\/seaquest\/\" \/>\n<meta property=\"og:locale\" content=\"en_GB\" \/>\n<meta property=\"og:type\" content=\"article\" \/>\n<meta property=\"og:title\" content=\"SeaQuest\" \/>\n<meta property=\"og:description\" content=\"Bu, elastotain teknolojisine dayal\u0131 \u00fc\u00e7 bile\u015fenli bir kirlilik \u00f6nleyici kaplamad\u0131r. Biyosit i\u00e7ermez ve m\u00fckemmel kirlenme korumas\u0131 ve g\u00f6vde performans\u0131 sa\u011flar. Bu, g\u00f6vde bozulmas\u0131n\u0131 ve h\u0131z kayb\u0131n\u0131 azaltan p\u00fcr\u00fczs\u00fcz, d\u00fc\u015f\u00fck s\u00fcrt\u00fcnmeli bir y\u00fczey ile sa\u011flan\u0131r. Suya dald\u0131r\u0131lm\u0131\u015f ortamlarda son kat olarak kullan\u0131l\u0131r. Yaln\u0131zca onayl\u0131 Jotun FRC ba\u011f katlar\u0131 i\u00e7in uygundur.\" \/>\n<meta property=\"og:url\" content=\"https:\/\/yenerticaret.com.tr\/en\/product\/seaquest\/\" \/>\n<meta property=\"og:site_name\" content=\"Yener Ticaret Ltd. \u015eti.\" \/>\n<meta property=\"article:modified_time\" content=\"2022-06-16T19:26:02+00:00\" \/>\n<meta property=\"og:image\" content=\"https:\/\/yenerticaret.com.tr\/wp-content\/uploads\/2022\/03\/jotun-1.jpg\" \/>\n\t<meta property=\"og:image:width\" content=\"596\" \/>\n\t<meta property=\"og:image:height\" content=\"596\" \/>\n\t<meta property=\"og:image:type\" content=\"image\/jpeg\" \/>\n<meta name=\"twitter:card\" content=\"summary\" \/>\n<meta name=\"twitter:label1\" content=\"Estimated reading time\" \/>\n\t<meta name=\"twitter:data1\" content=\"1 minute\" \/>\n<script type=\"application\/ld+json\" class=\"yoast-schema-graph\">{\"@context\":\"https:\/\/schema.org\",\"@graph\":[{\"@type\":\"WebSite\",\"@id\":\"https:\/\/yenerticaret.com.tr\/#website\",\"url\":\"https:\/\/yenerticaret.com.tr\/\",\"name\":\"Yener Ticaret Ltd. \u015eti.\",\"description\":\"Jotun Sanayi ve Marin Boyalar\u0131 Bayii\",\"potentialAction\":[{\"@type\":\"SearchAction\",\"target\":{\"@type\":\"EntryPoint\",\"urlTemplate\":\"https:\/\/yenerticaret.com.tr\/?s={search_term_string}\"},\"query-input\":\"required name=search_term_string\"}],\"inLanguage\":\"en-GB\"},{\"@type\":\"ImageObject\",\"@id\":\"https:\/\/yenerticaret.com.tr\/urun\/seaquest\/#primaryimage\",\"inLanguage\":\"en-GB\",\"url\":\"https:\/\/yenerticaret.com.tr\/wp-content\/uploads\/2022\/03\/jotun-1.jpg\",\"contentUrl\":\"https:\/\/yenerticaret.com.tr\/wp-content\/uploads\/2022\/03\/jotun-1.jpg\",\"width\":596,\"height\":596},{\"@type\":\"WebPage\",\"@id\":\"https:\/\/yenerticaret.com.tr\/urun\/seaquest\/#webpage\",\"url\":\"https:\/\/yenerticaret.com.tr\/urun\/seaquest\/\",\"name\":\"SeaQuest | Yener Ticaret Ltd. \u015eti.\",\"isPartOf\":{\"@id\":\"https:\/\/yenerticaret.com.tr\/#website\"},\"primaryImageOfPage\":{\"@id\":\"https:\/\/yenerticaret.com.tr\/urun\/seaquest\/#primaryimage\"},\"datePublished\":\"2022-06-16T19:23:44+00:00\",\"dateModified\":\"2022-06-16T19:26:02+00:00\",\"breadcrumb\":{\"@id\":\"https:\/\/yenerticaret.com.tr\/urun\/seaquest\/#breadcrumb\"},\"inLanguage\":\"en-GB\",\"potentialAction\":[{\"@type\":\"ReadAction\",\"target\":[\"https:\/\/yenerticaret.com.tr\/urun\/seaquest\/\"]}]},{\"@type\":\"BreadcrumbList\",\"@id\":\"https:\/\/yenerticaret.com.tr\/urun\/seaquest\/#breadcrumb\",\"itemListElement\":[{\"@type\":\"ListItem\",\"position\":1,\"name\":\"Home\",\"item\":\"https:\/\/yenerticaret.com.tr\/\"},{\"@type\":\"ListItem\",\"position\":2,\"name\":\"Jotun Ma\u011faza\",\"item\":\"https:\/\/yenerticaret.com.tr\/jotun-magaza\/\"},{\"@type\":\"ListItem\",\"position\":3,\"name\":\"SeaQuest\"}]}]}<\/script>\n<!-- \/ Yoast SEO Premium plugin. -->","yoast_head_json":{"title":"SeaQuest | Yener Ticaret Ltd. \u015eti.","robots":{"index":"index","follow":"follow","max-snippet":"max-snippet:-1","max-image-preview":"max-image-preview:large","max-video-preview":"max-video-preview:-1"},"canonical":"https:\/\/yenerticaret.com.tr\/en\/product\/seaquest\/","og_locale":"en_GB","og_type":"article","og_title":"SeaQuest","og_description":"Bu, elastotain teknolojisine dayal\u0131 \u00fc\u00e7 bile\u015fenli bir kirlilik \u00f6nleyici kaplamad\u0131r. Biyosit i\u00e7ermez ve m\u00fckemmel kirlenme korumas\u0131 ve g\u00f6vde performans\u0131 sa\u011flar. Bu, g\u00f6vde bozulmas\u0131n\u0131 ve h\u0131z kayb\u0131n\u0131 azaltan p\u00fcr\u00fczs\u00fcz, d\u00fc\u015f\u00fck s\u00fcrt\u00fcnmeli bir y\u00fczey ile sa\u011flan\u0131r. Suya dald\u0131r\u0131lm\u0131\u015f ortamlarda son kat olarak kullan\u0131l\u0131r. Yaln\u0131zca onayl\u0131 Jotun FRC ba\u011f katlar\u0131 i\u00e7in uygundur.","og_url":"https:\/\/yenerticaret.com.tr\/en\/product\/seaquest\/","og_site_name":"Yener Ticaret Ltd. \u015eti.","article_modified_time":"2022-06-16T19:26:02+00:00","og_image":[{"width":596,"height":596,"url":"https:\/\/yenerticaret.com.tr\/wp-content\/uploads\/2022\/03\/jotun-1.jpg","type":"image\/jpeg"}],"twitter_card":"summary","twitter_misc":{"Estimated reading time":"1 minute"},"schema":{"@context":"https:\/\/schema.org","@graph":[{"@type":"WebSite","@id":"https:\/\/yenerticaret.com.tr\/#website","url":"https:\/\/yenerticaret.com.tr\/","name":"Yener Ticaret Ltd. \u015eti.","description":"Jotun Sanayi ve Marin Boyalar\u0131 Bayii","potentialAction":[{"@type":"SearchAction","target":{"@type":"EntryPoint","urlTemplate":"https:\/\/yenerticaret.com.tr\/?s={search_term_string}"},"query-input":"required name=search_term_string"}],"inLanguage":"en-GB"},{"@type":"ImageObject","@id":"https:\/\/yenerticaret.com.tr\/urun\/seaquest\/#primaryimage","inLanguage":"en-GB","url":"https:\/\/yenerticaret.com.tr\/wp-content\/uploads\/2022\/03\/jotun-1.jpg","contentUrl":"https:\/\/yenerticaret.com.tr\/wp-content\/uploads\/2022\/03\/jotun-1.jpg","width":596,"height":596},{"@type":"WebPage","@id":"https:\/\/yenerticaret.com.tr\/urun\/seaquest\/#webpage","url":"https:\/\/yenerticaret.com.tr\/urun\/seaquest\/","name":"SeaQuest | Yener Ticaret Ltd. \u015eti.","isPartOf":{"@id":"https:\/\/yenerticaret.com.tr\/#website"},"primaryImageOfPage":{"@id":"https:\/\/yenerticaret.com.tr\/urun\/seaquest\/#primaryimage"},"datePublished":"2022-06-16T19:23:44+00:00","dateModified":"2022-06-16T19:26:02+00:00","breadcrumb":{"@id":"https:\/\/yenerticaret.com.tr\/urun\/seaquest\/#breadcrumb"},"inLanguage":"en-GB","potentialAction":[{"@type":"ReadAction","target":["https:\/\/yenerticaret.com.tr\/urun\/seaquest\/"]}]},{"@type":"BreadcrumbList","@id":"https:\/\/yenerticaret.com.tr\/urun\/seaquest\/#breadcrumb","itemListElement":[{"@type":"ListItem","position":1,"name":"Home","item":"https:\/\/yenerticaret.com.tr\/"},{"@type":"ListItem","position":2,"name":"Jotun Ma\u011faza","item":"https:\/\/yenerticaret.com.tr\/jotun-magaza\/"},{"@type":"ListItem","position":3,"name":"SeaQuest"}]}]}},"jetpack-related-posts":[{"id":2771,"url":"https:\/\/yenerticaret.com.tr\/en\/product\/seaforce-30\/","url_meta":{"origin":2783,"position":0},"title":"Seaforce 30","date":"16 June 2022","format":false,"excerpt":"36 ayl\u0131k y\u00fcksek koruma SeaForce 30 etkin biyosit sal\u0131n\u0131m\u0131 ve sabit polishing oran\u0131 sayesinde y\u00fcksek performansl\u0131 karina boyas\u0131d\u0131r. Maliyet optimizasyonu SeaForce 30, armat\u00f6rlere ve operasyon m\u00fcd\u00fcrlerine kaliteden \u00f6d\u00fcn vermeden su alt\u0131 boyalar\u0131 b\u00fct\u00e7esinde avantaj sa\u011flar. Yo\u011fun deneyim 15.000 den fazla gemide, 30 milyon litreye yak\u0131n Sea Force kullan\u0131lm\u0131\u015ft\u0131r. SeaForce 30\u2026","rel":"","context":"Similar post","img":{"alt_text":"","src":"https:\/\/i0.wp.com\/yenerticaret.com.tr\/wp-content\/uploads\/2022\/03\/jotun-1.jpg?resize=350%2C200&ssl=1","width":350,"height":200},"classes":[]},{"id":2779,"url":"https:\/\/yenerticaret.com.tr\/en\/product\/seaquantum-spectrum\/","url_meta":{"origin":2783,"position":1},"title":"SeaQuantum Spectrum","date":"16 June 2022","format":false,"excerpt":"Bu, tek bile\u015fenli, kimyasal olarak hidrolize edici silil akrilat zehirli boya kaplamas\u0131d\u0131r. M\u00fckemmel kirlenme korumas\u0131 ve e\u015fsiz g\u00f6vde performans\u0131 sa\u011flar. Bu, g\u00f6vde bozulmas\u0131n\u0131, s\u00fcrt\u00fcnmeyi ve h\u0131z kayb\u0131n\u0131 azaltan olduk\u00e7a \u00f6ng\u00f6r\u00fclebilir ve kararl\u0131 kendi kendini parlatma \u00f6zellikleri ile elde edilir. Sadece dald\u0131r\u0131lm\u0131\u015f ortamlarda son kat olarak kullan\u0131lmal\u0131d\u0131r. Al\u00fcminyum ve karbon \u00e7eli\u011fi\u2026","rel":"","context":"Similar post","img":{"alt_text":"","src":"https:\/\/i0.wp.com\/yenerticaret.com.tr\/wp-content\/uploads\/2022\/03\/jotun-1.jpg?resize=350%2C200&ssl=1","width":350,"height":200},"classes":[]},{"id":2769,"url":"https:\/\/yenerticaret.com.tr\/en\/product\/seaconomy-700\/","url_meta":{"origin":2783,"position":2},"title":"Seaconomy 700","date":"16 June 2022","format":false,"excerpt":"SeaConomy 700, y\u00fcksek kat\u0131 maddeli, hidrolize edici, kendi kendine parlatan bir zehirli boyad\u0131r. IMO Kirlenme \u00d6nleyici Sistem S\u00f6zle\u015fmesi ile uyumlu (AFS\/CONF\/26).","rel":"","context":"Similar post","img":{"alt_text":"","src":"https:\/\/i0.wp.com\/yenerticaret.com.tr\/wp-content\/uploads\/2022\/03\/jotun-1.jpg?resize=350%2C200&ssl=1","width":350,"height":200},"classes":[]},{"id":2781,"url":"https:\/\/yenerticaret.com.tr\/en\/product\/seamate-m\/","url_meta":{"origin":2783,"position":3},"title":"SeaMate M","date":"16 June 2022","format":false,"excerpt":"SeaMate M, k\u00fcresel ve k\u0131y\u0131 ticaretinde t\u00fcm gemi tiplerinde azalt\u0131lm\u0131\u015f li\u00e7 tabakas\u0131 kal\u0131nl\u0131\u011f\u0131 ve do\u011frulanabilir %4.0 h\u0131z kayb\u0131 ile hem m\u00fckemmel kirlenme korumas\u0131 hem de iyi g\u00f6vde performans\u0131 sa\u011flayan patentli tek bile\u015fenli hidrolize silil akrilat ba\u011flay\u0131c\u0131 sistemine dayanmaktad\u0131r.\u00a0 Bu, yak\u0131t t\u00fcketimini ve karbon emisyonlar\u0131n\u0131 %5,7'ye kadar azaltabilir ve ba\u015far\u0131l\u0131, g\u00fcvenilir\u2026","rel":"","context":"Similar post","img":{"alt_text":"","src":"https:\/\/i0.wp.com\/yenerticaret.com.tr\/wp-content\/uploads\/2022\/03\/jotun-1.jpg?resize=350%2C200&ssl=1","width":350,"height":200},"classes":[]},{"id":2782,"url":"https:\/\/yenerticaret.com.tr\/en\/product\/seamate-nb\/","url_meta":{"origin":2783,"position":4},"title":"SeaMate NB","date":"16 June 2022","format":false,"excerpt":"SeaMate NB, donat\u0131m s\u0131ras\u0131nda hem deniz hem de tatl\u0131 suya maruz kalarak hem m\u00fckemmel kirlenme korumas\u0131 hem de iyi g\u00f6vde performans\u0131 sa\u011flayan patentli, tek bile\u015fenli hidrolize edici silil akrilat ba\u011flay\u0131c\u0131 sistemine dayanmaktad\u0131r.\u00a0 SeaMate NB, boya t\u00fcketimini ve uygulama s\u00fcresini azaltarak, VOC emisyonlar\u0131n\u0131 d\u00fc\u015f\u00fcrerek artan \u00fcretkenlik avantaj\u0131 sunar.\u00a0Bu faydalar\u0131 m\u00fckemmel donan\u0131m\u2026","rel":"","context":"Similar post","img":{"alt_text":"","src":"https:\/\/i0.wp.com\/yenerticaret.com.tr\/wp-content\/uploads\/2022\/03\/jotun-1.jpg?resize=350%2C200&ssl=1","width":350,"height":200},"classes":[]},{"id":2760,"url":"https:\/\/yenerticaret.com.tr\/en\/product\/jotun-jotamastic-87\/","url_meta":{"origin":2783,"position":5},"title":"Jotun Jotamastic 87","date":"25 May 2022","format":false,"excerpt":"\u00c7ift bile\u015fenli poliamin k\u00fcrlenmeli mastik epoksi esasl\u0131 bir boyad\u0131r. Y\u00fczey toleransl\u0131, y\u00fcksek kat\u0131 maddeli, y\u00fcksek yap\u0131l\u0131 bir \u00fcr\u00fcnd\u00fcr. Optimum y\u00fczey haz\u0131rl\u0131\u011f\u0131n\u0131n sa\u011flanamad\u0131\u011f\u0131 veya istenmedi\u011fi y\u00fczeyler i\u00e7in \u00f6zel olarak geli\u015ftirilmi\u015ftir. Y\u00fcksek korozif ortamlarda uzun s\u00fcreli koruma sa\u011flar. Atmosferik ko\u015fullara maruz kalan yap\u0131larda ve su alt\u0131 alanlar\u0131nda ara kat veya son kat,\u2026","rel":"","context":"Similar post","img":{"alt_text":"","src":"https:\/\/i0.wp.com\/yenerticaret.com.tr\/wp-content\/uploads\/2022\/03\/jotun-1.jpg?resize=350%2C200&ssl=1","width":350,"height":200},"classes":[]}],"_links":{"self":[{"href":"https:\/\/yenerticaret.com.tr\/en\/wp-json\/wp\/v2\/product\/2783"}],"collection":[{"href":"https:\/\/yenerticaret.com.tr\/en\/wp-json\/wp\/v2\/product"}],"about":[{"href":"https:\/\/yenerticaret.com.tr\/en\/wp-json\/wp\/v2\/types\/product"}],"wp:featuredmedia":[{"embeddable":true,"href":"https:\/\/yenerticaret.com.tr\/en\/wp-json\/wp\/v2\/media\/2715"}],"wp:attachment":[{"href":"https:\/\/yenerticaret.com.tr\/en\/wp-json\/wp\/v2\/media?parent=2783"}],"wp:term":[{"taxonomy":"product_cat","embeddable":true,"href":"https:\/\/yenerticaret.com.tr\/en\/wp-json\/wp\/v2\/product_cat?post=2783"},{"taxonomy":"product_tag","embeddable":true,"href":"https:\/\/yenerticaret.com.tr\/en\/wp-json\/wp\/v2\/product_tag?post=2783"}],"curies":[{"name":"wp","href":"https:\/\/api.w.org\/{rel}","templated":true}]}}