{"id":2296,"date":"2021-05-22T20:12:49","date_gmt":"2021-05-22T17:12:49","guid":{"rendered":"http:\/\/yenerticaret.com.tr\/tr\/?page_id=2296"},"modified":"2021-09-28T10:16:36","modified_gmt":"2021-09-28T07:16:36","slug":"polisan-endustriyel-ve-deniz-grubu-boya-urunleri-katalogu","status":"publish","type":"page","link":"https:\/\/yenerticaret.com.tr\/ru\/polisan-endustriyel-ve-deniz-grubu-boya-urunleri-katalogu\/","title":{"rendered":"Polisan End\u00fcstriyel ve Deniz Grubu Boya \u00dcr\u00fcnleri Katalo\u011fu"},"content":{"rendered":"<div class=\"vc_row wpb_row vc_custom_1621683374538 porto-inner-container\"><div class=\"porto-wrap-container container\"><div class=\"row\"><div class=\"vc_column_container col-md-12\"><div class=\"wpb_wrapper vc_column-inner\">\n\t<div class=\"wpb_text_column wpb_content_element\" >\n\t\t<div class=\"wpb_wrapper\">\n\t\t\t<div class=\"_df_book df-lite\" id=\"df_2285\"  _slug=\"polisan-endustriyel-ve-deniz-grubu-boya-urunleri-katalogu\" data-title=\"polisan-endustriyel-ve-deniz-grubu-boya-urunleri-katalogu\" wpoptions=\"true\" thumbtype=\"\" ><\/div><script class=\"df-shortcode-script\" nowprocket type=\"application\/javascript\">window.option_df_2285 = {\"outline\":[],\"autoEnableOutline\":\"false\",\"autoEnableThumbnail\":\"false\",\"overwritePDFOutline\":\"false\",\"direction\":\"1\",\"pageSize\":\"0\",\"source\":\"http:\\\/\\\/yenerticaret.com.tr\\\/wp-content\\\/uploads\\\/2021\\\/05\\\/Yener-Ticaret-Polisan-Katalog.pdf\",\"wpOptions\":\"true\"}; if(window.DFLIP && window.DFLIP.parseBooks){window.DFLIP.parseBooks();}<\/script>\n\n\t\t<\/div>\n\t<\/div>\n<\/div><\/div><\/div><\/div><\/div><div class=\"vc_row wpb_row row\"><div class=\"vc_column_container col-md-12\"><div class=\"wpb_wrapper vc_column-inner\">\n\t<div class=\"wpb_text_column wpb_content_element\" >\n\t\t<div class=\"wpb_wrapper\">\n\t\t\t\n\t\t<\/div>\n\t<\/div>\n<\/div><\/div><\/div><div class=\"vc_row wpb_row porto-inner-container\"><div class=\"porto-wrap-container container\"><div class=\"row\"><div class=\"vc_column_container col-md-12\"><div class=\"wpb_wrapper vc_column-inner\">\n\t<div class=\"wpb_text_column wpb_content_element\" >\n\t\t<div class=\"wpb_wrapper\">\n\t\t\t<h2><strong>\u00dcr\u00fcnlerimizi online inceleyin<\/strong><\/h2>\n<p>A\u015fa\u011f\u0131daki kataloglar\u0131 Page Flip uygulamas\u0131 ile online olarak sayfa sayfa inceleyebilirsiniz. Linke t\u0131klad\u0131ktan sonra a\u00e7\u0131lan uygulamadaki Download butonuna t\u0131klayarak kataloglar\u0131 PDF format\u0131nda kaydedebilirsiniz.<\/p>\n\n\t\t<\/div>\n\t<\/div>\n<\/div><\/div><\/div><\/div><\/div><div class=\"vc_row wpb_row vc_custom_1621705828767 porto-inner-container\"><div class=\"porto-wrap-container container\"><div class=\"row\"><div class=\"vc_column_container col-md-12\"><div class=\"wpb_wrapper vc_column-inner\">\n\t<div class=\"wpb_single_image wpb_content_element vc_align_left\">\n\t\t<div class=\"wpb_wrapper\">\n\t\t\t\n\t\t\t<a href=\"https:\/\/wa.me\/905326678531\" target=\"_blank\"><div class=\"vc_single_image-wrapper   vc_box_border_grey\"><img width=\"1000\" height=\"143\" src=\"https:\/\/yenerticaret.com.tr\/wp-content\/uploads\/2021\/12\/ask-for-price.png\" class=\"vc_single_image-img attachment-full\" alt=\"\" loading=\"lazy\" srcset=\"https:\/\/yenerticaret.com.tr\/wp-content\/uploads\/2021\/12\/ask-for-price.png 1000w, https:\/\/yenerticaret.com.tr\/wp-content\/uploads\/2021\/12\/ask-for-price-600x86.png 600w, https:\/\/yenerticaret.com.tr\/wp-content\/uploads\/2021\/12\/ask-for-price-768x110.png 768w, https:\/\/yenerticaret.com.tr\/wp-content\/uploads\/2021\/12\/ask-for-price-640x92.png 640w, https:\/\/yenerticaret.com.tr\/wp-content\/uploads\/2021\/12\/ask-for-price-400x57.png 400w\" sizes=\"(max-width: 1000px) 100vw, 1000px\" \/><\/div><\/a>\n\t\t<\/div>\n\t<\/div>\n<\/div><\/div><\/div><\/div><\/div><div class=\"vc_row wpb_row vc_custom_1621681693093 porto-inner-container\"><div class=\"porto-wrap-container container\"><div class=\"row\"><div class=\"vc_column_container col-md-3\"><div class=\"wpb_wrapper vc_column-inner\">\n<div id=\"interactive-banner-1-wrap-4385\" class=\"ult-banner-block ult-adjust-bottom-margin ult-bb-box  banner-style11\"   style=\"\">\n\t<img src=\"https:\/\/yenerticaret.com.tr\/wp-content\/uploads\/2021\/05\/is-guvenligi-ekipmanlari-1.jpg\" alt=\"null\">\n\t<h2  data-ultimate-target='#interactive-banner-1-wrap-4385 .bb-top-title '  data-responsive-json-new='{\"font-size\":\"\",\"line-height\":\"\"}'  class=\"title-center bb-top-title ult-responsive\" style=\"font-weight:bold;background:#242424;color:#ffffff;\">\u0130\u015e G\u00dcVENL\u0130\u011e\u0130 EK\u0130PMANLARI KATALO\u011eU<\/h2>\n\t<div class=\"mask opaque-background\" style=\"background:rgba(221,51,51,0.74);\">\n\t\t<div class=\"bb-back-icon\"><i class=\"Defaults-external-link\"  style= \"color:#ffffff;\"><\/i><\/div>\n\t\t<p class=\"\" style=\"font-weight:bold;color:#ffffff;\">\u0130\u015f G\u00fcvenli\u011fi Katalo\u011fumuzu online inceleyebilir, dilerseniz PDF format\u0131nda sabit diskinize kaydedebilirsiniz.<\/p>\n\t<\/div><a class=\"bb-link\" href=\"http:\/\/yenerticaret.com.tr\/ru\/tr\/is-guvenligi-ve-ekipmanlari-katalogu\/\" title=\"\u0130\u015f G\u00fcvenli\u011fi ve Ekipmanlar\u0131 Katalo\u011fu\" ><\/a>\n<\/div><\/div><\/div><div class=\"vc_column_container col-md-3\"><div class=\"wpb_wrapper vc_column-inner\">\n<div id=\"interactive-banner-1-wrap-4149\" class=\"ult-banner-block ult-adjust-bottom-margin ult-bb-box  banner-style11\"   style=\"\">\n\t<img src=\"https:\/\/yenerticaret.com.tr\/wp-content\/uploads\/2021\/05\/hirdavat-urunleri-1.jpg\" alt=\"null\">\n\t<h2  data-ultimate-target='#interactive-banner-1-wrap-4149 .bb-top-title '  data-responsive-json-new='{\"font-size\":\"\",\"line-height\":\"\"}'  class=\"title-center bb-top-title ult-responsive\" style=\"font-weight:bold;background:#242424;color:#ffffff;\">HIRDAVAT \u00dcR\u00dcNLER\u0130 KATALO\u011eU<\/h2>\n\t<div class=\"mask opaque-background\" style=\"background:rgba(17,153,0,0.74);\">\n\t\t<div class=\"bb-back-icon\"><i class=\"Defaults-external-link\"  style= \"color:#ffffff;\"><\/i><\/div>\n\t\t<p class=\"\" style=\"font-weight:bold;color:#ffffff;\">H\u0131rdavat \u00dcr\u00fcnleri Katalo\u011fumuzu online inceleyebilir, dilerseniz PDF format\u0131nda sabit diskinize kaydedebilirsiniz.<\/p>\n\t<\/div><a class=\"bb-link\" href=\"http:\/\/yenerticaret.com.tr\/ru\/tr\/hirdavat-urunleri-katalogu\/\" title=\"H\u0131rdavat \u00dcr\u00fcnleri Katalo\u011fu\" ><\/a>\n<\/div><\/div><\/div><div class=\"vc_column_container col-md-3\"><div class=\"wpb_wrapper vc_column-inner\">\n<div id=\"interactive-banner-1-wrap-2072\" class=\"ult-banner-block ult-adjust-bottom-margin ult-bb-box  banner-style11\"   style=\"\">\n\t<img src=\"https:\/\/yenerticaret.com.tr\/wp-content\/uploads\/2021\/05\/polisan-boya-katalogu.jpg\" alt=\"null\">\n\t<h2  data-ultimate-target='#interactive-banner-1-wrap-2072 .bb-top-title '  data-responsive-json-new='{\"font-size\":\"\",\"line-height\":\"\"}'  class=\"title-center bb-top-title ult-responsive\" style=\"font-weight:bold;background:#242424;color:#ffffff;\">POL\u0130SAN END\u00dcSTR\u0130YEL VE DEN\u0130Z GRUBU BOYA KATALO\u011eU<\/h2>\n\t<div class=\"mask opaque-background\" style=\"background:rgba(255,0,68,0.8);\">\n\t\t<div class=\"bb-back-icon\"><i class=\"Defaults-external-link\"  style= \"color:#ffffff;\"><\/i><\/div>\n\t\t<p class=\"\" style=\"font-weight:bold;color:#ffffff;\">Polisan End\u00fcstriyel ve Deniz Grubu Boya Katalo\u011fumuzu online inceleyebilir, dilerseniz PDF format\u0131nda sabit diskinize kaydedebilirsiniz.<\/p>\n\t<\/div><a class=\"bb-link\" href=\"http:\/\/yenerticaret.com.tr\/ru\/tr\/polisan-endustriyel-ve-deniz-grubu-boya-urunleri-katalogu\/\" title=\"Polisan End\u00fcstriyel ve Deniz Grubu Boya \u00dcr\u00fcnleri Katalo\u011fu\" ><\/a>\n<\/div><\/div><\/div><div class=\"vc_column_container col-md-3\"><div class=\"wpb_wrapper vc_column-inner\">\n<div id=\"interactive-banner-1-wrap-3725\" class=\"ult-banner-block ult-adjust-bottom-margin ult-bb-box  banner-style11\"   style=\"\">\n\t<img src=\"https:\/\/yenerticaret.com.tr\/wp-content\/uploads\/2021\/05\/tiner-katalogu.jpg\" alt=\"null\">\n\t<h2  data-ultimate-target='#interactive-banner-1-wrap-3725 .bb-top-title '  data-responsive-json-new='{\"font-size\":\"\",\"line-height\":\"\"}'  class=\"title-center bb-top-title ult-responsive\" style=\"font-weight:bold;background:#242424;color:#ffffff;\">T\u0130NER KATALO\u011eU<\/h2>\n\t<div class=\"mask opaque-background\" style=\"background:rgba(0,0,0,0.8);\">\n\t\t<div class=\"bb-back-icon\"><i class=\"Defaults-external-link\"  style= \"color:#ffffff;\"><\/i><\/div>\n\t\t<p class=\"\" style=\"font-weight:bold;color:#ffffff;\">Tiner Katalo\u011fumuzu online inceleyebilir, dilerseniz PDF format\u0131nda sabit diskinize kaydedebilirsiniz.<\/p>\n\t<\/div><a class=\"bb-link\" href=\"https:\/\/yenerticaret.com.tr\/ru\/tiner-katalogu\/\" title=\"Tiner Katalo\u011fu\" ><\/a>\n<\/div><\/div><\/div><\/div><\/div><\/div>","protected":false},"excerpt":{"rendered":"\u00dcr\u00fcnlerimizi online inceleyin A\u015fa\u011f\u0131daki kataloglar\u0131 Page Flip uygulamas\u0131 ile online olarak sayfa sayfa inceleyebilirsiniz. Linke t\u0131klad\u0131ktan sonra a\u00e7\u0131lan uygulamadaki Download butonuna t\u0131klayarak kataloglar\u0131 PDF format\u0131nda kaydedebilirsiniz. \u0130\u015e G\u00dcVENL\u0130\u011e\u0130 EK\u0130PMANLARI KATALO\u011eU \u0130\u015f G\u00fcvenli\u011fi Katalo\u011fumuzu online inceleyebilir, dilerseniz PDF format\u0131nda sabit diskinize kaydedebilirsiniz. HIRDAVAT \u00dcR\u00dcNLER\u0130 KATALO\u011eU H\u0131rdavat \u00dcr\u00fcnleri Katalo\u011fumuzu online inceleyebilir, dilerseniz PDF format\u0131nda sabit diskinize kaydedebilirsiniz. [...]","protected":false},"author":1,"featured_media":0,"parent":0,"menu_order":0,"comment_status":"closed","ping_status":"closed","template":"","meta":{"_mi_skip_tracking":false},"yoast_head":"<!-- This site is optimized with the Yoast SEO Premium plugin v17.7 (Yoast SEO v18.5.1) - https:\/\/yoast.com\/wordpress\/plugins\/seo\/ -->\n<title>Polisan End\u00fcstriyel ve Deniz Grubu Boya \u00dcr\u00fcnleri Katalo\u011fu | Yener Ticaret Ltd. \u015eti.<\/title>\n<meta name=\"description\" content=\"Yener Yap\u0131 Ticaret&#039;in sat\u0131\u015f\u0131n\u0131 ger\u00e7ekle\u015ftirdi\u011fi Polisan End\u00fcstriyel ve Deniz Grubu Boya \u00fcr\u00fcnlerine ait dijital kataloglara bu sayfadan ula\u015fabilirsiniz.\" \/>\n<meta name=\"robots\" content=\"index, follow, max-snippet:-1, max-image-preview:large, max-video-preview:-1\" \/>\n<link rel=\"canonical\" href=\"https:\/\/yenerticaret.com.tr\/ru\/polisan-endustriyel-ve-deniz-grubu-boya-urunleri-katalogu\/\" \/>\n<meta property=\"og:locale\" content=\"ru_RU\" \/>\n<meta property=\"og:type\" content=\"article\" \/>\n<meta property=\"og:title\" content=\"Polisan End\u00fcstriyel ve Deniz Grubu Boya \u00dcr\u00fcnleri Katalo\u011fu\" \/>\n<meta property=\"og:description\" content=\"Yener Yap\u0131 Ticaret&#039;in sat\u0131\u015f\u0131n\u0131 ger\u00e7ekle\u015ftirdi\u011fi Polisan End\u00fcstriyel ve Deniz Grubu Boya \u00fcr\u00fcnlerine ait dijital kataloglara bu sayfadan ula\u015fabilirsiniz.\" \/>\n<meta property=\"og:url\" content=\"https:\/\/yenerticaret.com.tr\/ru\/polisan-endustriyel-ve-deniz-grubu-boya-urunleri-katalogu\/\" \/>\n<meta property=\"og:site_name\" content=\"Yener Ticaret Ltd. \u015eti.\" \/>\n<meta property=\"article:modified_time\" content=\"2021-09-28T07:16:36+00:00\" \/>\n<meta name=\"twitter:card\" content=\"summary\" \/>\n<meta name=\"twitter:label1\" content=\"\u041f\u0440\u0438\u043c\u0435\u0440\u043d\u043e\u0435 \u0432\u0440\u0435\u043c\u044f \u0434\u043b\u044f \u0447\u0442\u0435\u043d\u0438\u044f\" \/>\n\t<meta name=\"twitter:data1\" content=\"3 \u043c\u0438\u043d\u0443\u0442\u044b\" \/>\n<script type=\"application\/ld+json\" class=\"yoast-schema-graph\">{\"@context\":\"https:\/\/schema.org\",\"@graph\":[{\"@type\":\"WebSite\",\"@id\":\"https:\/\/yenerticaret.com.tr\/#website\",\"url\":\"https:\/\/yenerticaret.com.tr\/\",\"name\":\"Yener Ticaret Ltd. \u015eti.\",\"description\":\"Jotun Sanayi ve Marin Boyalar\u0131 Bayii\",\"potentialAction\":[{\"@type\":\"SearchAction\",\"target\":{\"@type\":\"EntryPoint\",\"urlTemplate\":\"https:\/\/yenerticaret.com.tr\/?s={search_term_string}\"},\"query-input\":\"required name=search_term_string\"}],\"inLanguage\":\"ru-RU\"},{\"@type\":\"WebPage\",\"@id\":\"https:\/\/yenerticaret.com.tr\/polisan-endustriyel-ve-deniz-grubu-boya-urunleri-katalogu\/#webpage\",\"url\":\"https:\/\/yenerticaret.com.tr\/polisan-endustriyel-ve-deniz-grubu-boya-urunleri-katalogu\/\",\"name\":\"Polisan End\u00fcstriyel ve Deniz Grubu Boya \u00dcr\u00fcnleri Katalo\u011fu | Yener Ticaret Ltd. \u015eti.\",\"isPartOf\":{\"@id\":\"https:\/\/yenerticaret.com.tr\/#website\"},\"datePublished\":\"2021-05-22T17:12:49+00:00\",\"dateModified\":\"2021-09-28T07:16:36+00:00\",\"description\":\"Yener Yap\u0131 Ticaret'in sat\u0131\u015f\u0131n\u0131 ger\u00e7ekle\u015ftirdi\u011fi Polisan End\u00fcstriyel ve Deniz Grubu Boya \u00fcr\u00fcnlerine ait dijital kataloglara bu sayfadan ula\u015fabilirsiniz.\",\"breadcrumb\":{\"@id\":\"https:\/\/yenerticaret.com.tr\/polisan-endustriyel-ve-deniz-grubu-boya-urunleri-katalogu\/#breadcrumb\"},\"inLanguage\":\"ru-RU\",\"potentialAction\":[{\"@type\":\"ReadAction\",\"target\":[\"https:\/\/yenerticaret.com.tr\/polisan-endustriyel-ve-deniz-grubu-boya-urunleri-katalogu\/\"]}]},{\"@type\":\"BreadcrumbList\",\"@id\":\"https:\/\/yenerticaret.com.tr\/polisan-endustriyel-ve-deniz-grubu-boya-urunleri-katalogu\/#breadcrumb\",\"itemListElement\":[{\"@type\":\"ListItem\",\"position\":1,\"name\":\"Home\",\"item\":\"https:\/\/yenerticaret.com.tr\/\"},{\"@type\":\"ListItem\",\"position\":2,\"name\":\"Polisan End\u00fcstriyel ve Deniz Grubu Boya \u00dcr\u00fcnleri Katalo\u011fu\"}]}]}<\/script>\n<!-- \/ Yoast SEO Premium plugin. -->","yoast_head_json":{"title":"Polisan End\u00fcstriyel ve Deniz Grubu Boya \u00dcr\u00fcnleri Katalo\u011fu | Yener Ticaret Ltd. \u015eti.","description":"Yener Yap\u0131 Ticaret'in sat\u0131\u015f\u0131n\u0131 ger\u00e7ekle\u015ftirdi\u011fi Polisan End\u00fcstriyel ve Deniz Grubu Boya \u00fcr\u00fcnlerine ait dijital kataloglara bu sayfadan ula\u015fabilirsiniz.","robots":{"index":"index","follow":"follow","max-snippet":"max-snippet:-1","max-image-preview":"max-image-preview:large","max-video-preview":"max-video-preview:-1"},"canonical":"https:\/\/yenerticaret.com.tr\/ru\/polisan-endustriyel-ve-deniz-grubu-boya-urunleri-katalogu\/","og_locale":"ru_RU","og_type":"article","og_title":"Polisan End\u00fcstriyel ve Deniz Grubu Boya \u00dcr\u00fcnleri Katalo\u011fu","og_description":"Yener Yap\u0131 Ticaret'in sat\u0131\u015f\u0131n\u0131 ger\u00e7ekle\u015ftirdi\u011fi Polisan End\u00fcstriyel ve Deniz Grubu Boya \u00fcr\u00fcnlerine ait dijital kataloglara bu sayfadan ula\u015fabilirsiniz.","og_url":"https:\/\/yenerticaret.com.tr\/ru\/polisan-endustriyel-ve-deniz-grubu-boya-urunleri-katalogu\/","og_site_name":"Yener Ticaret Ltd. \u015eti.","article_modified_time":"2021-09-28T07:16:36+00:00","twitter_card":"summary","twitter_misc":{"\u041f\u0440\u0438\u043c\u0435\u0440\u043d\u043e\u0435 \u0432\u0440\u0435\u043c\u044f \u0434\u043b\u044f \u0447\u0442\u0435\u043d\u0438\u044f":"3 \u043c\u0438\u043d\u0443\u0442\u044b"},"schema":{"@context":"https:\/\/schema.org","@graph":[{"@type":"WebSite","@id":"https:\/\/yenerticaret.com.tr\/#website","url":"https:\/\/yenerticaret.com.tr\/","name":"Yener Ticaret Ltd. \u015eti.","description":"Jotun Sanayi ve Marin Boyalar\u0131 Bayii","potentialAction":[{"@type":"SearchAction","target":{"@type":"EntryPoint","urlTemplate":"https:\/\/yenerticaret.com.tr\/?s={search_term_string}"},"query-input":"required name=search_term_string"}],"inLanguage":"ru-RU"},{"@type":"WebPage","@id":"https:\/\/yenerticaret.com.tr\/polisan-endustriyel-ve-deniz-grubu-boya-urunleri-katalogu\/#webpage","url":"https:\/\/yenerticaret.com.tr\/polisan-endustriyel-ve-deniz-grubu-boya-urunleri-katalogu\/","name":"Polisan End\u00fcstriyel ve Deniz Grubu Boya \u00dcr\u00fcnleri Katalo\u011fu | Yener Ticaret Ltd. \u015eti.","isPartOf":{"@id":"https:\/\/yenerticaret.com.tr\/#website"},"datePublished":"2021-05-22T17:12:49+00:00","dateModified":"2021-09-28T07:16:36+00:00","description":"Yener Yap\u0131 Ticaret'in sat\u0131\u015f\u0131n\u0131 ger\u00e7ekle\u015ftirdi\u011fi Polisan End\u00fcstriyel ve Deniz Grubu Boya \u00fcr\u00fcnlerine ait dijital kataloglara bu sayfadan ula\u015fabilirsiniz.","breadcrumb":{"@id":"https:\/\/yenerticaret.com.tr\/polisan-endustriyel-ve-deniz-grubu-boya-urunleri-katalogu\/#breadcrumb"},"inLanguage":"ru-RU","potentialAction":[{"@type":"ReadAction","target":["https:\/\/yenerticaret.com.tr\/polisan-endustriyel-ve-deniz-grubu-boya-urunleri-katalogu\/"]}]},{"@type":"BreadcrumbList","@id":"https:\/\/yenerticaret.com.tr\/polisan-endustriyel-ve-deniz-grubu-boya-urunleri-katalogu\/#breadcrumb","itemListElement":[{"@type":"ListItem","position":1,"name":"Home","item":"https:\/\/yenerticaret.com.tr\/"},{"@type":"ListItem","position":2,"name":"Polisan End\u00fcstriyel ve Deniz Grubu Boya \u00dcr\u00fcnleri Katalo\u011fu"}]}]}},"jetpack-related-posts":[{"id":143,"url":"https:\/\/yenerticaret.com.tr\/ru\/","url_meta":{"origin":2296,"position":0},"title":"Anasayfa","date":"20 \u0438\u044e\u043d\u044f 2016","format":false,"excerpt":"","rel":"","context":"\u041f\u043e\u0445\u043e\u0436\u0430\u044f \u0437\u0430\u043f\u0438\u0441\u044c","img":{"alt_text":"","src":"","width":0,"height":0},"classes":[]},{"id":2294,"url":"https:\/\/yenerticaret.com.tr\/ru\/hirdavat-urunleri-katalogu\/","url_meta":{"origin":2296,"position":1},"title":"H\u0131rdavat \u00dcr\u00fcnleri Katalo\u011fu","date":"22 \u043c\u0430\u044f 2021","format":false,"excerpt":"","rel":"","context":"\u041f\u043e\u0445\u043e\u0436\u0430\u044f \u0437\u0430\u043f\u0438\u0441\u044c","img":{"alt_text":"","src":"","width":0,"height":0},"classes":[]},{"id":2278,"url":"https:\/\/yenerticaret.com.tr\/ru\/is-guvenligi-ve-ekipmanlari-katalogu\/","url_meta":{"origin":2296,"position":2},"title":"\u0130\u015f G\u00fcvenli\u011fi ve Ekipmanlar\u0131 Katalo\u011fu","date":"22 \u043c\u0430\u044f 2021","format":false,"excerpt":"","rel":"","context":"\u041f\u043e\u0445\u043e\u0436\u0430\u044f \u0437\u0430\u043f\u0438\u0441\u044c","img":{"alt_text":"","src":"","width":0,"height":0},"classes":[]},{"id":2298,"url":"https:\/\/yenerticaret.com.tr\/ru\/tiner-katalogu\/","url_meta":{"origin":2296,"position":3},"title":"Tiner Katalo\u011fu","date":"22 \u043c\u0430\u044f 2021","format":false,"excerpt":"","rel":"","context":"\u041f\u043e\u0445\u043e\u0436\u0430\u044f \u0437\u0430\u043f\u0438\u0441\u044c","img":{"alt_text":"","src":"","width":0,"height":0},"classes":[]},{"id":2464,"url":"https:\/\/yenerticaret.com.tr\/ru\/celik-kapi-katalogu\/","url_meta":{"origin":2296,"position":4},"title":"\u00c7elik Kap\u0131 Katalo\u011fu","date":"16 \u0444\u0435\u0432\u0440\u0430\u043b\u044f 2022","format":false,"excerpt":"","rel":"","context":"\u041f\u043e\u0445\u043e\u0436\u0430\u044f \u0437\u0430\u043f\u0438\u0441\u044c","img":{"alt_text":"","src":"","width":0,"height":0},"classes":[]},{"id":2224,"url":"https:\/\/yenerticaret.com.tr\/ru\/dijital-kataloglar\/","url_meta":{"origin":2296,"position":5},"title":"Dijital \u00dcr\u00fcn Kataloglar\u0131","date":"19 \u043c\u0430\u044f 2021","format":false,"excerpt":"","rel":"","context":"\u041f\u043e\u0445\u043e\u0436\u0430\u044f \u0437\u0430\u043f\u0438\u0441\u044c","img":{"alt_text":"","src":"","width":0,"height":0},"classes":[]}],"_links":{"self":[{"href":"https:\/\/yenerticaret.com.tr\/ru\/wp-json\/wp\/v2\/pages\/2296"}],"collection":[{"href":"https:\/\/yenerticaret.com.tr\/ru\/wp-json\/wp\/v2\/pages"}],"about":[{"href":"https:\/\/yenerticaret.com.tr\/ru\/wp-json\/wp\/v2\/types\/page"}],"author":[{"embeddable":true,"href":"https:\/\/yenerticaret.com.tr\/ru\/wp-json\/wp\/v2\/users\/1"}],"replies":[{"embeddable":true,"href":"https:\/\/yenerticaret.com.tr\/ru\/wp-json\/wp\/v2\/comments?post=2296"}],"version-history":[{"count":3,"href":"https:\/\/yenerticaret.com.tr\/ru\/wp-json\/wp\/v2\/pages\/2296\/revisions"}],"predecessor-version":[{"id":2432,"href":"https:\/\/yenerticaret.com.tr\/ru\/wp-json\/wp\/v2\/pages\/2296\/revisions\/2432"}],"wp:attachment":[{"href":"https:\/\/yenerticaret.com.tr\/ru\/wp-json\/wp\/v2\/media?parent=2296"}],"curies":[{"name":"wp","href":"https:\/\/api.w.org\/{rel}","templated":true}]}}