{"id":2646,"date":"2022-03-23T14:32:18","date_gmt":"2022-03-23T11:32:18","guid":{"rendered":"https:\/\/yenerticaret.com.tr\/urun\/hoodie-with-logo\/"},"modified":"2022-05-24T16:25:11","modified_gmt":"2022-05-24T13:25:11","slug":"jotun-pilot-qd-primer-red-grey","status":"publish","type":"product","link":"https:\/\/yenerticaret.com.tr\/ru\/product\/jotun-pilot-qd-primer-red-grey\/","title":{"rendered":"Jotun Pilot QD Primer Red\/Grey"},"content":{"rendered":"<p>Tek bile\u015fenli, oksidasyon kurumal\u0131, alkid esasl\u0131 bir boyad\u0131r. H\u0131zl\u0131 kuruyan, y\u00fcksek yap\u0131l\u0131, \u00e7inko fosfat pigmenti i\u00e7eren bir \u00fcr\u00fcnd\u00fcr. Atmosfere a\u00e7\u0131k ko\u015fullarda astar veya ara kat olarak kullan\u0131labilir. Uygun bir \u015fekilde y\u00fczey haz\u0131rl\u0131\u011f\u0131 yap\u0131lm\u0131\u015f olan karbon \u00e7elik, al\u00fcminyum ve ah\u015fap y\u00fczeyler i\u00e7in uygundur.<\/p>\n<p><a href=\"https:\/\/jotundatasheetsprod.blob.core.windows.net\/tds\/TDS%C2%A41537%C2%A4Pilot%20QD%20Primer%C2%A4tr-TR%C2%A4TR.pdf\"><img loading=\"lazy\" class=\"alignleft wp-image-2712\" src=\"https:\/\/yenerticaret.com.tr\/wp-content\/uploads\/2022\/03\/technical-pecs.png\" alt=\"\" width=\"474\" height=\"46\" srcset=\"https:\/\/yenerticaret.com.tr\/wp-content\/uploads\/2022\/03\/technical-pecs-400x39.png 400w, https:\/\/yenerticaret.com.tr\/wp-content\/uploads\/2022\/03\/technical-pecs-367x36.png 367w\" sizes=\"(max-width: 474px) 100vw, 474px\" \/><\/a><\/p>","protected":false},"excerpt":{"rendered":"<p>Pilot QD Primer, \u00e7inko fosfat i\u00e7eren, tek bile\u015fenli, oksidatif olarak kuruyan bir alkid astard\u0131r.\u00a0Pilot QD Primer tek bile\u015fenli olarak gelir ve kar\u0131\u015ft\u0131rma gerektirmez &#8211; at\u0131klar\u0131, d\u00f6k\u00fclmeleri ve art\u0131k boyay\u0131 azalt\u0131r.\u00a0H\u0131zl\u0131 kurur, sadece 90 dakikada sert kuru bir film olu\u015fturarak kaplamal\u0131 \u00fcr\u00fcnlerinizi h\u0131zla ta\u015f\u0131man\u0131za, istiflemenize, g\u00f6ndermenize veya kullanman\u0131za olanak tan\u0131r.<\/p>","protected":false},"featured_media":2715,"template":"","meta":{"_mi_skip_tracking":false,"jetpack_publicize_message":"","jetpack_is_tweetstorm":false,"jetpack_publicize_feature_enabled":true},"product_cat":[110,105,106],"product_tag":[],"jetpack_publicize_connections":[],"yoast_head":"<!-- This site is optimized with the Yoast SEO Premium plugin v17.7 (Yoast SEO v18.5.1) - https:\/\/yoast.com\/wordpress\/plugins\/seo\/ -->\n<title>Jotun Pilot QD Primer Red\/Grey | Yener Ticaret Ltd. \u015eti.<\/title>\n<meta name=\"robots\" content=\"index, follow, max-snippet:-1, max-image-preview:large, max-video-preview:-1\" \/>\n<link rel=\"canonical\" href=\"https:\/\/yenerticaret.com.tr\/ru\/product\/jotun-pilot-qd-primer-red-grey\/\" \/>\n<meta property=\"og:locale\" content=\"ru_RU\" \/>\n<meta property=\"og:type\" content=\"article\" \/>\n<meta property=\"og:title\" content=\"Jotun Pilot QD Primer Red\/Grey\" \/>\n<meta property=\"og:description\" content=\"Pilot QD Primer, \u00e7inko fosfat i\u00e7eren, tek bile\u015fenli, oksidatif olarak kuruyan bir alkid astard\u0131r.\u00a0Pilot QD Primer tek bile\u015fenli olarak gelir ve kar\u0131\u015ft\u0131rma gerektirmez - at\u0131klar\u0131, d\u00f6k\u00fclmeleri ve art\u0131k boyay\u0131 azalt\u0131r.\u00a0H\u0131zl\u0131 kurur, sadece 90 dakikada sert kuru bir film olu\u015fturarak kaplamal\u0131 \u00fcr\u00fcnlerinizi h\u0131zla ta\u015f\u0131man\u0131za, istiflemenize, g\u00f6ndermenize veya kullanman\u0131za olanak tan\u0131r.\" \/>\n<meta property=\"og:url\" content=\"https:\/\/yenerticaret.com.tr\/ru\/product\/jotun-pilot-qd-primer-red-grey\/\" \/>\n<meta property=\"og:site_name\" content=\"Yener Ticaret Ltd. \u015eti.\" \/>\n<meta property=\"article:modified_time\" content=\"2022-05-24T13:25:11+00:00\" \/>\n<meta property=\"og:image\" content=\"https:\/\/yenerticaret.com.tr\/wp-content\/uploads\/2022\/03\/jotun-1.jpg\" \/>\n\t<meta property=\"og:image:width\" content=\"596\" \/>\n\t<meta property=\"og:image:height\" content=\"596\" \/>\n\t<meta property=\"og:image:type\" content=\"image\/jpeg\" \/>\n<meta name=\"twitter:card\" content=\"summary\" \/>\n<meta name=\"twitter:label1\" content=\"\u041f\u0440\u0438\u043c\u0435\u0440\u043d\u043e\u0435 \u0432\u0440\u0435\u043c\u044f \u0434\u043b\u044f \u0447\u0442\u0435\u043d\u0438\u044f\" \/>\n\t<meta name=\"twitter:data1\" content=\"1 \u043c\u0438\u043d\u0443\u0442\u0430\" \/>\n<script type=\"application\/ld+json\" class=\"yoast-schema-graph\">{\"@context\":\"https:\/\/schema.org\",\"@graph\":[{\"@type\":\"WebSite\",\"@id\":\"https:\/\/yenerticaret.com.tr\/#website\",\"url\":\"https:\/\/yenerticaret.com.tr\/\",\"name\":\"Yener Ticaret Ltd. \u015eti.\",\"description\":\"Jotun Sanayi ve Marin Boyalar\u0131 Bayii\",\"potentialAction\":[{\"@type\":\"SearchAction\",\"target\":{\"@type\":\"EntryPoint\",\"urlTemplate\":\"https:\/\/yenerticaret.com.tr\/?s={search_term_string}\"},\"query-input\":\"required name=search_term_string\"}],\"inLanguage\":\"ru-RU\"},{\"@type\":\"ImageObject\",\"@id\":\"https:\/\/yenerticaret.com.tr\/urun\/jotun-pilot-qd-primer-red-grey\/#primaryimage\",\"inLanguage\":\"ru-RU\",\"url\":\"https:\/\/yenerticaret.com.tr\/wp-content\/uploads\/2022\/03\/jotun-1.jpg\",\"contentUrl\":\"https:\/\/yenerticaret.com.tr\/wp-content\/uploads\/2022\/03\/jotun-1.jpg\",\"width\":596,\"height\":596},{\"@type\":\"WebPage\",\"@id\":\"https:\/\/yenerticaret.com.tr\/urun\/jotun-pilot-qd-primer-red-grey\/#webpage\",\"url\":\"https:\/\/yenerticaret.com.tr\/urun\/jotun-pilot-qd-primer-red-grey\/\",\"name\":\"Jotun Pilot QD Primer Red\/Grey | Yener Ticaret Ltd. \u015eti.\",\"isPartOf\":{\"@id\":\"https:\/\/yenerticaret.com.tr\/#website\"},\"primaryImageOfPage\":{\"@id\":\"https:\/\/yenerticaret.com.tr\/urun\/jotun-pilot-qd-primer-red-grey\/#primaryimage\"},\"datePublished\":\"2022-03-23T11:32:18+00:00\",\"dateModified\":\"2022-05-24T13:25:11+00:00\",\"breadcrumb\":{\"@id\":\"https:\/\/yenerticaret.com.tr\/urun\/jotun-pilot-qd-primer-red-grey\/#breadcrumb\"},\"inLanguage\":\"ru-RU\",\"potentialAction\":[{\"@type\":\"ReadAction\",\"target\":[\"https:\/\/yenerticaret.com.tr\/urun\/jotun-pilot-qd-primer-red-grey\/\"]}]},{\"@type\":\"BreadcrumbList\",\"@id\":\"https:\/\/yenerticaret.com.tr\/urun\/jotun-pilot-qd-primer-red-grey\/#breadcrumb\",\"itemListElement\":[{\"@type\":\"ListItem\",\"position\":1,\"name\":\"Home\",\"item\":\"https:\/\/yenerticaret.com.tr\/\"},{\"@type\":\"ListItem\",\"position\":2,\"name\":\"Jotun Ma\u011faza\",\"item\":\"https:\/\/yenerticaret.com.tr\/jotun-magaza\/\"},{\"@type\":\"ListItem\",\"position\":3,\"name\":\"Jotun Pilot QD Primer Red\/Grey\"}]}]}<\/script>\n<!-- \/ Yoast SEO Premium plugin. -->","yoast_head_json":{"title":"Jotun Pilot QD Primer Red\/Grey | Yener Ticaret Ltd. \u015eti.","robots":{"index":"index","follow":"follow","max-snippet":"max-snippet:-1","max-image-preview":"max-image-preview:large","max-video-preview":"max-video-preview:-1"},"canonical":"https:\/\/yenerticaret.com.tr\/ru\/product\/jotun-pilot-qd-primer-red-grey\/","og_locale":"ru_RU","og_type":"article","og_title":"Jotun Pilot QD Primer Red\/Grey","og_description":"Pilot QD Primer, \u00e7inko fosfat i\u00e7eren, tek bile\u015fenli, oksidatif olarak kuruyan bir alkid astard\u0131r.\u00a0Pilot QD Primer tek bile\u015fenli olarak gelir ve kar\u0131\u015ft\u0131rma gerektirmez - at\u0131klar\u0131, d\u00f6k\u00fclmeleri ve art\u0131k boyay\u0131 azalt\u0131r.\u00a0H\u0131zl\u0131 kurur, sadece 90 dakikada sert kuru bir film olu\u015fturarak kaplamal\u0131 \u00fcr\u00fcnlerinizi h\u0131zla ta\u015f\u0131man\u0131za, istiflemenize, g\u00f6ndermenize veya kullanman\u0131za olanak tan\u0131r.","og_url":"https:\/\/yenerticaret.com.tr\/ru\/product\/jotun-pilot-qd-primer-red-grey\/","og_site_name":"Yener Ticaret Ltd. \u015eti.","article_modified_time":"2022-05-24T13:25:11+00:00","og_image":[{"width":596,"height":596,"url":"https:\/\/yenerticaret.com.tr\/wp-content\/uploads\/2022\/03\/jotun-1.jpg","type":"image\/jpeg"}],"twitter_card":"summary","twitter_misc":{"\u041f\u0440\u0438\u043c\u0435\u0440\u043d\u043e\u0435 \u0432\u0440\u0435\u043c\u044f \u0434\u043b\u044f \u0447\u0442\u0435\u043d\u0438\u044f":"1 \u043c\u0438\u043d\u0443\u0442\u0430"},"schema":{"@context":"https:\/\/schema.org","@graph":[{"@type":"WebSite","@id":"https:\/\/yenerticaret.com.tr\/#website","url":"https:\/\/yenerticaret.com.tr\/","name":"Yener Ticaret Ltd. \u015eti.","description":"Jotun Sanayi ve Marin Boyalar\u0131 Bayii","potentialAction":[{"@type":"SearchAction","target":{"@type":"EntryPoint","urlTemplate":"https:\/\/yenerticaret.com.tr\/?s={search_term_string}"},"query-input":"required name=search_term_string"}],"inLanguage":"ru-RU"},{"@type":"ImageObject","@id":"https:\/\/yenerticaret.com.tr\/urun\/jotun-pilot-qd-primer-red-grey\/#primaryimage","inLanguage":"ru-RU","url":"https:\/\/yenerticaret.com.tr\/wp-content\/uploads\/2022\/03\/jotun-1.jpg","contentUrl":"https:\/\/yenerticaret.com.tr\/wp-content\/uploads\/2022\/03\/jotun-1.jpg","width":596,"height":596},{"@type":"WebPage","@id":"https:\/\/yenerticaret.com.tr\/urun\/jotun-pilot-qd-primer-red-grey\/#webpage","url":"https:\/\/yenerticaret.com.tr\/urun\/jotun-pilot-qd-primer-red-grey\/","name":"Jotun Pilot QD Primer Red\/Grey | Yener Ticaret Ltd. \u015eti.","isPartOf":{"@id":"https:\/\/yenerticaret.com.tr\/#website"},"primaryImageOfPage":{"@id":"https:\/\/yenerticaret.com.tr\/urun\/jotun-pilot-qd-primer-red-grey\/#primaryimage"},"datePublished":"2022-03-23T11:32:18+00:00","dateModified":"2022-05-24T13:25:11+00:00","breadcrumb":{"@id":"https:\/\/yenerticaret.com.tr\/urun\/jotun-pilot-qd-primer-red-grey\/#breadcrumb"},"inLanguage":"ru-RU","potentialAction":[{"@type":"ReadAction","target":["https:\/\/yenerticaret.com.tr\/urun\/jotun-pilot-qd-primer-red-grey\/"]}]},{"@type":"BreadcrumbList","@id":"https:\/\/yenerticaret.com.tr\/urun\/jotun-pilot-qd-primer-red-grey\/#breadcrumb","itemListElement":[{"@type":"ListItem","position":1,"name":"Home","item":"https:\/\/yenerticaret.com.tr\/"},{"@type":"ListItem","position":2,"name":"Jotun Ma\u011faza","item":"https:\/\/yenerticaret.com.tr\/jotun-magaza\/"},{"@type":"ListItem","position":3,"name":"Jotun Pilot QD Primer Red\/Grey"}]}]}},"jetpack-related-posts":[{"id":2732,"url":"https:\/\/yenerticaret.com.tr\/ru\/product\/penguard-ekspres-zp\/","url_meta":{"origin":2646,"position":0},"title":"Penguard Ekspres ZP","date":"25 \u043c\u0430\u044f 2022","format":false,"excerpt":"\u00c7ift bile\u015fenli, amin k\u00fcrlenmeli epoksi esasl\u0131 bir boyad\u0131r. H\u0131zl\u0131 kuruyan, y\u00fcksek kat\u0131 maddeli ve y\u00fcksek yap\u0131l\u0131 bir \u00fcr\u00fcnd\u00fcr. \u00d6zellikle h\u0131zl\u0131 kat boyas\u0131 uygulamalar\u0131 ve h\u0131zl\u0131 malzeme transferi gerektiren yeni in\u015falara y\u00f6nelik tasarlanm\u0131\u015ft\u0131r. Atmosferik ortamlarda astar, ara kat ve son kat veya tek katl\u0131 sistem olarak kullan\u0131labilir. Uygun \u015fekilde haz\u0131rlanm\u0131\u015f karbon\u2026","rel":"","context":"\u041f\u043e\u0445\u043e\u0436\u0430\u044f \u0437\u0430\u043f\u0438\u0441\u044c","img":{"alt_text":"","src":"https:\/\/i0.wp.com\/yenerticaret.com.tr\/wp-content\/uploads\/2022\/03\/jotun-1.jpg?resize=350%2C200&ssl=1","width":350,"height":200},"classes":[]},{"id":2727,"url":"https:\/\/yenerticaret.com.tr\/ru\/product\/jotun-solvalitt-midtherm\/","url_meta":{"origin":2646,"position":1},"title":"Jotun Solvalitt Midtherm","date":"25 \u043c\u0430\u044f 2022","format":false,"excerpt":"Tek bile\u015fenli, fiziksel kurumal\u0131, silikon akrilik esasl\u0131 bir boyad\u0131r. 260 dereceye kadar \u0131s\u0131ya dayan\u0131kl\u0131d\u0131r. Atmosfere a\u00e7\u0131k ko\u015fullarda astar, ara kat veya son kat olarak kullan\u0131labilir. D\u00fczg\u00fcn bir \u015fekilde haz\u0131rlanm\u0131\u015f karbon \u00e7elik, galvanizli \u00e7elik, paslanmaz \u00e7elik ve aluminyum y\u00fczeyler i\u00e7in uygundur. \u00a0","rel":"","context":"\u041f\u043e\u0445\u043e\u0436\u0430\u044f \u0437\u0430\u043f\u0438\u0441\u044c","img":{"alt_text":"","src":"https:\/\/i0.wp.com\/yenerticaret.com.tr\/wp-content\/uploads\/2022\/03\/jotun-1.jpg?resize=350%2C200&ssl=1","width":350,"height":200},"classes":[]},{"id":2728,"url":"https:\/\/yenerticaret.com.tr\/ru\/product\/jotun-solvalitt-midterm\/","url_meta":{"origin":2646,"position":2},"title":"Jotun Solvalitt Midterm","date":"25 \u043c\u0430\u044f 2022","format":false,"excerpt":"Tek bile\u015fenli, fiziksel kurumal\u0131, silikon akrilik esasl\u0131 bir boyad\u0131r. 600 dereceye kadar \u0131s\u0131ya dayan\u0131kl\u0131d\u0131r. Atmosfere a\u00e7\u0131k ko\u015fullarda astar, ara kat veya son kat olarak kullan\u0131labilir. D\u00fczg\u00fcn bir \u015fekilde haz\u0131rlanm\u0131\u015f karbon \u00e7elik, galvanizli \u00e7elik, paslanmaz \u00e7elik ve aluminyum y\u00fczeyler i\u00e7in uygundur \u00a0","rel":"","context":"\u041f\u043e\u0445\u043e\u0436\u0430\u044f \u0437\u0430\u043f\u0438\u0441\u044c","img":{"alt_text":"","src":"https:\/\/i0.wp.com\/yenerticaret.com.tr\/wp-content\/uploads\/2022\/03\/jotun-1.jpg?resize=350%2C200&ssl=1","width":350,"height":200},"classes":[]},{"id":2757,"url":"https:\/\/yenerticaret.com.tr\/ru\/product\/jotun-penguard-hsp\/","url_meta":{"origin":2646,"position":3},"title":"Jotun Penguard HSP","date":"25 \u043c\u0430\u044f 2022","format":false,"excerpt":"\u00c7ift bile\u015fenli, amin k\u00fcrlenmeli epoksi esasl\u0131 bir boyad\u0131r. H\u0131zl\u0131 kuruyan, y\u00fcksek kat\u0131 maddeli ve y\u00fcksek yap\u0131l\u0131 bir \u00fcr\u00fcnd\u00fcr. Atmosfere a\u00e7\u0131k ko\u015fullarda astar veya ara kat olarak kullan\u0131labilir. \u00d6zellikle h\u0131zl\u0131 kat boyas\u0131 uygulamalar\u0131 ve h\u0131zl\u0131 malzeme transferi gerektiren yeni in\u015falara y\u00f6nelik tasarlanm\u0131\u015ft\u0131r. Uygun bir \u015fekilde y\u00fczey haz\u0131rl\u0131\u011f\u0131 yap\u0131lm\u0131\u015f olan al\u00fcminyum, karbon\u2026","rel":"","context":"\u041f\u043e\u0445\u043e\u0436\u0430\u044f \u0437\u0430\u043f\u0438\u0441\u044c","img":{"alt_text":"","src":"https:\/\/i0.wp.com\/yenerticaret.com.tr\/wp-content\/uploads\/2022\/03\/jotun-1.jpg?resize=350%2C200&ssl=1","width":350,"height":200},"classes":[]},{"id":2731,"url":"https:\/\/yenerticaret.com.tr\/ru\/product\/jotun-penguard-primer\/","url_meta":{"origin":2646,"position":4},"title":"Jotun Penguard Primer","date":"25 \u043c\u0430\u044f 2022","format":false,"excerpt":"\u00c7ift bile\u015fenli poliamid k\u00fcrlenmeli y\u00fcksek molek\u00fcl a\u011f\u0131rl\u0131kl\u0131 epoksi esasl\u0131 bir boyad\u0131r. Yeni in\u015fa uygulamalar\u0131nda astar olarak kullan\u0131lmas\u0131 \u00fczere dizayn edilmi\u015ftir. \u00e7elik ve termal sprey \u00e7inko kaplanm\u0131\u015f y\u00fczeyler i\u00e7in uygundur. Atmosfere a\u00e7\u0131k ko\u015fullarda ve su alt\u0131nda boya sisteminin astar\u0131 olarak kullan\u0131labilir. Uygun \u015fekilde y\u00fczey haz\u0131rl\u0131\u011f\u0131 yap\u0131lm\u0131\u015f olan karbon \u00e7eli\u011fi, paslanmaz \u00e7elik,\u2026","rel":"","context":"\u041f\u043e\u0445\u043e\u0436\u0430\u044f \u0437\u0430\u043f\u0438\u0441\u044c","img":{"alt_text":"","src":"https:\/\/i0.wp.com\/yenerticaret.com.tr\/wp-content\/uploads\/2022\/03\/jotun-1.jpg?resize=350%2C200&ssl=1","width":350,"height":200},"classes":[]},{"id":2752,"url":"https:\/\/yenerticaret.com.tr\/ru\/product\/optipro-express-primer\/","url_meta":{"origin":2646,"position":5},"title":"Optipro Express Primer","date":"25 \u043c\u0430\u044f 2022","format":false,"excerpt":"\u00c7ift bile\u015fenli poliamin k\u00fcrlenmeli epoksi esasl\u0131 bir boyad\u0131r. Benzersiz h\u0131zl\u0131 kuruma ve z\u0131mparalanma \u00f6zelliklerine sahiptir. Atmosfere a\u00e7\u0131k ko\u015fullarda astar veya ara kat olarak kullan\u0131labilir. H\u0131zl\u0131 kuruma ve over-coating s\u00fcrelerine ihtiya\u00e7 duyulan ekipman imalatlar\u0131 i\u00e7in \u00f6zel olarak tasarlanm\u0131\u015ft\u0131r. D\u00fczg\u00fcn bir \u015fekilde haz\u0131rlanm\u0131\u015f karbon \u00e7elik, al\u00fcminyum ve galvanizli y\u00fczeyler i\u00e7in tasarlanm\u0131\u015ft\u0131r.Kullan\u0131m alanlar\u0131\u2026","rel":"","context":"\u041f\u043e\u0445\u043e\u0436\u0430\u044f \u0437\u0430\u043f\u0438\u0441\u044c","img":{"alt_text":"","src":"https:\/\/i0.wp.com\/yenerticaret.com.tr\/wp-content\/uploads\/2022\/03\/jotun-1.jpg?resize=350%2C200&ssl=1","width":350,"height":200},"classes":[]}],"_links":{"self":[{"href":"https:\/\/yenerticaret.com.tr\/ru\/wp-json\/wp\/v2\/product\/2646"}],"collection":[{"href":"https:\/\/yenerticaret.com.tr\/ru\/wp-json\/wp\/v2\/product"}],"about":[{"href":"https:\/\/yenerticaret.com.tr\/ru\/wp-json\/wp\/v2\/types\/product"}],"wp:featuredmedia":[{"embeddable":true,"href":"https:\/\/yenerticaret.com.tr\/ru\/wp-json\/wp\/v2\/media\/2715"}],"wp:attachment":[{"href":"https:\/\/yenerticaret.com.tr\/ru\/wp-json\/wp\/v2\/media?parent=2646"}],"wp:term":[{"taxonomy":"product_cat","embeddable":true,"href":"https:\/\/yenerticaret.com.tr\/ru\/wp-json\/wp\/v2\/product_cat?post=2646"},{"taxonomy":"product_tag","embeddable":true,"href":"https:\/\/yenerticaret.com.tr\/ru\/wp-json\/wp\/v2\/product_tag?post=2646"}],"curies":[{"name":"wp","href":"https:\/\/api.w.org\/{rel}","templated":true}]}}