{"id":2750,"date":"2022-05-25T12:48:51","date_gmt":"2022-05-25T09:48:51","guid":{"rendered":"https:\/\/yenerticaret.com.tr\/?post_type=product&#038;p=2750"},"modified":"2022-05-25T12:50:27","modified_gmt":"2022-05-25T09:50:27","slug":"jotun-hardtop-xp","status":"publish","type":"product","link":"https:\/\/yenerticaret.com.tr\/ru\/product\/jotun-hardtop-xp\/","title":{"rendered":"Jotun Hardtop XP"},"content":{"rendered":"<section class=\"product__info-about list-wrap link-wrap\">\n<section class=\"product__info-about list-wrap link-wrap\">\n<section class=\"product__info-about list-wrap link-wrap\">\n<section class=\"product__info-about list-wrap link-wrap\">\n<section class=\"product__info-about list-wrap link-wrap\">\n<section class=\"product__info-about list-wrap link-wrap\">Hardtop XP, iyi dayan\u0131kl\u0131l\u0131k ve m\u00fckemmel uygulama \u00f6zelliklerine sahip bir poli\u00fcretan sonkatt\u0131r.\u00a0\u0130yi renk ve parlakl\u0131k tutma \u00f6zelli\u011fine sahip dayan\u0131kl\u0131 bir kaplamaya sahiptir.\u00a0Hardtop XP optimize edilmi\u015f bir reolojiye ve ak\u0131\u015fa sahiptir ve havas\u0131z p\u00fcsk\u00fcrtme ile m\u00fckemmel uygulama \u00f6zellikleri sa\u011flarken ayn\u0131 zamanda f\u0131r\u00e7a ve rulo uygulamas\u0131 i\u00e7in de uygundur.\u00a0Hardtop XP, hem deniz hem de koruyucu yap\u0131lar i\u00e7in ger\u00e7ekten \u00e7ok y\u00f6nl\u00fc bir poli\u00fcretan son katt\u0131r.<\/p>\n<\/section>\n<p>&nbsp;<\/p>\n<\/section>\n<section class=\"product__info-benefits list-wrap link-wrap\"><\/section>\n<\/section>\n<\/section>\n<section class=\"product__info-benefits list-wrap link-wrap\"><\/section>\n<\/section>\n<section class=\"product__info-benefits list-wrap link-wrap\"><\/section>\n<\/section>\n<section class=\"product__info-benefits list-wrap link-wrap\"><\/section>\n<p><a href=\"https:\/\/jotundatasheetsprod.blob.core.windows.net\/tds\/TDS%C2%A43140%C2%A4Hardtop%20XP%C2%A4tr-TR%C2%A4TR.pdf\"><img loading=\"lazy\" class=\"wp-image-2712 alignnone\" src=\"https:\/\/yenerticaret.com.tr\/wp-content\/uploads\/2022\/03\/technical-pecs.png\" alt=\"\" width=\"474\" height=\"46\" srcset=\"https:\/\/yenerticaret.com.tr\/wp-content\/uploads\/2022\/03\/technical-pecs-400x39.png 400w, https:\/\/yenerticaret.com.tr\/wp-content\/uploads\/2022\/03\/technical-pecs-367x36.png 367w\" sizes=\"(max-width: 474px) 100vw, 474px\" \/><\/a><\/p>","protected":false},"excerpt":{"rendered":"<section class=\"product__info-about list-wrap link-wrap\">\u00c7ift bile\u015fenli, kimyasal k\u00fcrlenmeli, alifatik akrilik poli\u00fcretan esasl\u0131 bir boyad\u0131r.<\/section>\n<section class=\"product__info-about list-wrap link-wrap\">Parlakl\u0131k dayan\u0131m\u0131 \u00e7ok iyi olan bir son kat \u00fcr\u00fcnd\u00fcr. Kat\u0131 madde oran\u0131 y\u00fcksektir. Tozuma seviyesi d\u00fc\u015f\u00fckt\u00fcr ve iyi uygulama \u00f6zelliklerine sahiptir. Atmosferik ko\u015fullara maruz kalan yap\u0131larda son kat olarak kullan\u0131l\u0131r.<\/section>\n<section class=\"product__info-benefits list-wrap link-wrap\"><\/section>","protected":false},"featured_media":2715,"template":"","meta":{"_mi_skip_tracking":false,"jetpack_publicize_message":"","jetpack_is_tweetstorm":false,"jetpack_publicize_feature_enabled":true},"product_cat":[105,106,113],"product_tag":[],"jetpack_publicize_connections":[],"yoast_head":"<!-- This site is optimized with the Yoast SEO Premium plugin v17.7 (Yoast SEO v18.5.1) - https:\/\/yoast.com\/wordpress\/plugins\/seo\/ -->\n<title>Jotun Hardtop XP | Yener Ticaret Ltd. \u015eti.<\/title>\n<meta name=\"robots\" content=\"index, follow, max-snippet:-1, max-image-preview:large, max-video-preview:-1\" \/>\n<link rel=\"canonical\" href=\"https:\/\/yenerticaret.com.tr\/ru\/product\/jotun-hardtop-xp\/\" \/>\n<meta property=\"og:locale\" content=\"ru_RU\" \/>\n<meta property=\"og:type\" content=\"article\" \/>\n<meta property=\"og:title\" content=\"Jotun Hardtop XP\" \/>\n<meta property=\"og:description\" content=\"\u00c7ift bile\u015fenli, kimyasal k\u00fcrlenmeli, alifatik akrilik poli\u00fcretan esasl\u0131 bir boyad\u0131r.Parlakl\u0131k dayan\u0131m\u0131 \u00e7ok iyi olan bir son kat \u00fcr\u00fcnd\u00fcr. Kat\u0131 madde oran\u0131 y\u00fcksektir. Tozuma seviyesi d\u00fc\u015f\u00fckt\u00fcr ve iyi uygulama \u00f6zelliklerine sahiptir. Atmosferik ko\u015fullara maruz kalan yap\u0131larda son kat olarak kullan\u0131l\u0131r.\" \/>\n<meta property=\"og:url\" content=\"https:\/\/yenerticaret.com.tr\/ru\/product\/jotun-hardtop-xp\/\" \/>\n<meta property=\"og:site_name\" content=\"Yener Ticaret Ltd. \u015eti.\" \/>\n<meta property=\"article:modified_time\" content=\"2022-05-25T09:50:27+00:00\" \/>\n<meta property=\"og:image\" content=\"https:\/\/yenerticaret.com.tr\/wp-content\/uploads\/2022\/03\/jotun-1.jpg\" \/>\n\t<meta property=\"og:image:width\" content=\"596\" \/>\n\t<meta property=\"og:image:height\" content=\"596\" \/>\n\t<meta property=\"og:image:type\" content=\"image\/jpeg\" \/>\n<meta name=\"twitter:card\" content=\"summary\" \/>\n<meta name=\"twitter:label1\" content=\"\u041f\u0440\u0438\u043c\u0435\u0440\u043d\u043e\u0435 \u0432\u0440\u0435\u043c\u044f \u0434\u043b\u044f \u0447\u0442\u0435\u043d\u0438\u044f\" \/>\n\t<meta name=\"twitter:data1\" content=\"1 \u043c\u0438\u043d\u0443\u0442\u0430\" \/>\n<script type=\"application\/ld+json\" class=\"yoast-schema-graph\">{\"@context\":\"https:\/\/schema.org\",\"@graph\":[{\"@type\":\"WebSite\",\"@id\":\"https:\/\/yenerticaret.com.tr\/#website\",\"url\":\"https:\/\/yenerticaret.com.tr\/\",\"name\":\"Yener Ticaret Ltd. \u015eti.\",\"description\":\"Jotun Sanayi ve Marin Boyalar\u0131 Bayii\",\"potentialAction\":[{\"@type\":\"SearchAction\",\"target\":{\"@type\":\"EntryPoint\",\"urlTemplate\":\"https:\/\/yenerticaret.com.tr\/?s={search_term_string}\"},\"query-input\":\"required name=search_term_string\"}],\"inLanguage\":\"ru-RU\"},{\"@type\":\"ImageObject\",\"@id\":\"https:\/\/yenerticaret.com.tr\/urun\/jotun-hardtop-xp\/#primaryimage\",\"inLanguage\":\"ru-RU\",\"url\":\"https:\/\/yenerticaret.com.tr\/wp-content\/uploads\/2022\/03\/jotun-1.jpg\",\"contentUrl\":\"https:\/\/yenerticaret.com.tr\/wp-content\/uploads\/2022\/03\/jotun-1.jpg\",\"width\":596,\"height\":596},{\"@type\":\"WebPage\",\"@id\":\"https:\/\/yenerticaret.com.tr\/urun\/jotun-hardtop-xp\/#webpage\",\"url\":\"https:\/\/yenerticaret.com.tr\/urun\/jotun-hardtop-xp\/\",\"name\":\"Jotun Hardtop XP | Yener Ticaret Ltd. \u015eti.\",\"isPartOf\":{\"@id\":\"https:\/\/yenerticaret.com.tr\/#website\"},\"primaryImageOfPage\":{\"@id\":\"https:\/\/yenerticaret.com.tr\/urun\/jotun-hardtop-xp\/#primaryimage\"},\"datePublished\":\"2022-05-25T09:48:51+00:00\",\"dateModified\":\"2022-05-25T09:50:27+00:00\",\"breadcrumb\":{\"@id\":\"https:\/\/yenerticaret.com.tr\/urun\/jotun-hardtop-xp\/#breadcrumb\"},\"inLanguage\":\"ru-RU\",\"potentialAction\":[{\"@type\":\"ReadAction\",\"target\":[\"https:\/\/yenerticaret.com.tr\/urun\/jotun-hardtop-xp\/\"]}]},{\"@type\":\"BreadcrumbList\",\"@id\":\"https:\/\/yenerticaret.com.tr\/urun\/jotun-hardtop-xp\/#breadcrumb\",\"itemListElement\":[{\"@type\":\"ListItem\",\"position\":1,\"name\":\"Home\",\"item\":\"https:\/\/yenerticaret.com.tr\/\"},{\"@type\":\"ListItem\",\"position\":2,\"name\":\"Jotun Ma\u011faza\",\"item\":\"https:\/\/yenerticaret.com.tr\/jotun-magaza\/\"},{\"@type\":\"ListItem\",\"position\":3,\"name\":\"Jotun Hardtop XP\"}]}]}<\/script>\n<!-- \/ Yoast SEO Premium plugin. -->","yoast_head_json":{"title":"Jotun Hardtop XP | Yener Ticaret Ltd. \u015eti.","robots":{"index":"index","follow":"follow","max-snippet":"max-snippet:-1","max-image-preview":"max-image-preview:large","max-video-preview":"max-video-preview:-1"},"canonical":"https:\/\/yenerticaret.com.tr\/ru\/product\/jotun-hardtop-xp\/","og_locale":"ru_RU","og_type":"article","og_title":"Jotun Hardtop XP","og_description":"\u00c7ift bile\u015fenli, kimyasal k\u00fcrlenmeli, alifatik akrilik poli\u00fcretan esasl\u0131 bir boyad\u0131r.Parlakl\u0131k dayan\u0131m\u0131 \u00e7ok iyi olan bir son kat \u00fcr\u00fcnd\u00fcr. Kat\u0131 madde oran\u0131 y\u00fcksektir. Tozuma seviyesi d\u00fc\u015f\u00fckt\u00fcr ve iyi uygulama \u00f6zelliklerine sahiptir. Atmosferik ko\u015fullara maruz kalan yap\u0131larda son kat olarak kullan\u0131l\u0131r.","og_url":"https:\/\/yenerticaret.com.tr\/ru\/product\/jotun-hardtop-xp\/","og_site_name":"Yener Ticaret Ltd. \u015eti.","article_modified_time":"2022-05-25T09:50:27+00:00","og_image":[{"width":596,"height":596,"url":"https:\/\/yenerticaret.com.tr\/wp-content\/uploads\/2022\/03\/jotun-1.jpg","type":"image\/jpeg"}],"twitter_card":"summary","twitter_misc":{"\u041f\u0440\u0438\u043c\u0435\u0440\u043d\u043e\u0435 \u0432\u0440\u0435\u043c\u044f \u0434\u043b\u044f \u0447\u0442\u0435\u043d\u0438\u044f":"1 \u043c\u0438\u043d\u0443\u0442\u0430"},"schema":{"@context":"https:\/\/schema.org","@graph":[{"@type":"WebSite","@id":"https:\/\/yenerticaret.com.tr\/#website","url":"https:\/\/yenerticaret.com.tr\/","name":"Yener Ticaret Ltd. \u015eti.","description":"Jotun Sanayi ve Marin Boyalar\u0131 Bayii","potentialAction":[{"@type":"SearchAction","target":{"@type":"EntryPoint","urlTemplate":"https:\/\/yenerticaret.com.tr\/?s={search_term_string}"},"query-input":"required name=search_term_string"}],"inLanguage":"ru-RU"},{"@type":"ImageObject","@id":"https:\/\/yenerticaret.com.tr\/urun\/jotun-hardtop-xp\/#primaryimage","inLanguage":"ru-RU","url":"https:\/\/yenerticaret.com.tr\/wp-content\/uploads\/2022\/03\/jotun-1.jpg","contentUrl":"https:\/\/yenerticaret.com.tr\/wp-content\/uploads\/2022\/03\/jotun-1.jpg","width":596,"height":596},{"@type":"WebPage","@id":"https:\/\/yenerticaret.com.tr\/urun\/jotun-hardtop-xp\/#webpage","url":"https:\/\/yenerticaret.com.tr\/urun\/jotun-hardtop-xp\/","name":"Jotun Hardtop XP | Yener Ticaret Ltd. \u015eti.","isPartOf":{"@id":"https:\/\/yenerticaret.com.tr\/#website"},"primaryImageOfPage":{"@id":"https:\/\/yenerticaret.com.tr\/urun\/jotun-hardtop-xp\/#primaryimage"},"datePublished":"2022-05-25T09:48:51+00:00","dateModified":"2022-05-25T09:50:27+00:00","breadcrumb":{"@id":"https:\/\/yenerticaret.com.tr\/urun\/jotun-hardtop-xp\/#breadcrumb"},"inLanguage":"ru-RU","potentialAction":[{"@type":"ReadAction","target":["https:\/\/yenerticaret.com.tr\/urun\/jotun-hardtop-xp\/"]}]},{"@type":"BreadcrumbList","@id":"https:\/\/yenerticaret.com.tr\/urun\/jotun-hardtop-xp\/#breadcrumb","itemListElement":[{"@type":"ListItem","position":1,"name":"Home","item":"https:\/\/yenerticaret.com.tr\/"},{"@type":"ListItem","position":2,"name":"Jotun Ma\u011faza","item":"https:\/\/yenerticaret.com.tr\/jotun-magaza\/"},{"@type":"ListItem","position":3,"name":"Jotun Hardtop XP"}]}]}},"jetpack-related-posts":[{"id":2751,"url":"https:\/\/yenerticaret.com.tr\/ru\/product\/jotun-hardtop-flexi\/","url_meta":{"origin":2750,"position":0},"title":"Jotun Hardtop Flexi","date":"25 \u043c\u0430\u044f 2022","format":false,"excerpt":"\u00c7ift bile\u015fenli, kimyasal k\u00fcrlenmeli, alifatik akrilik poli\u00fcretan esasl\u0131 bir boyad\u0131r.Parlakl\u0131k dayan\u0131m\u0131 \u00e7ok iyi olan bir son kat \u00fcr\u00fcnd\u00fcr. Y\u00fcksek kat\u0131 maddeli ve y\u00fcksek yap\u0131l\u0131 bir \u00fcr\u00fcnd\u00fcr. H\u0131zl\u0131 kurumal\u0131d\u0131r. Do\u011frudan metale uygulanabilir. \u00dcr\u00fcn son derece esnek, y\u00fcksek darbe dayan\u0131ml\u0131 ve m\u00fckemmel yap\u0131\u015fma \u00f6zelliklerine sahiptir. Atmosferik ko\u015fullara maruz kalan yap\u0131larda son kat\u2026","rel":"","context":"\u041f\u043e\u0445\u043e\u0436\u0430\u044f \u0437\u0430\u043f\u0438\u0441\u044c","img":{"alt_text":"","src":"https:\/\/i0.wp.com\/yenerticaret.com.tr\/wp-content\/uploads\/2022\/03\/jotun-1.jpg?resize=350%2C200&ssl=1","width":350,"height":200},"classes":[]},{"id":2741,"url":"https:\/\/yenerticaret.com.tr\/ru\/product\/hardtop-ax\/","url_meta":{"origin":2750,"position":1},"title":"Hardtop AX","date":"25 \u043c\u0430\u044f 2022","format":false,"excerpt":"\u00c7ift bile\u015fenli, kimyasal k\u00fcrlenmeli, alifatik akrilik poli\u00fcretan esasl\u0131 bir boyad\u0131r. Parlakl\u0131k seviyesi ve dayan\u0131m\u0131 \u00e7ok y\u00fcksektir. Kimyasal dayan\u0131m\u0131 iyidir. Kat\u0131 madde oran\u0131 y\u00fcksektir. Bu \u00fcr\u00fcn tehlikeli hava kirleticileri (HAPs) listesindeki solventlerden herhangi birini i\u00e7ermez. Baz\u0131 renklerin renklendirilmesiyle bu t\u00fcr \u00e7\u00f6z\u00fcc\u00fclerin k\u00fc\u00e7\u00fck miktarlar\u0131 ortaya \u00e7\u0131kabilir. Atmosferik ko\u015fullara maruz kalan yap\u0131larda son\u2026","rel":"","context":"\u041f\u043e\u0445\u043e\u0436\u0430\u044f \u0437\u0430\u043f\u0438\u0441\u044c","img":{"alt_text":"","src":"https:\/\/i0.wp.com\/yenerticaret.com.tr\/wp-content\/uploads\/2022\/03\/jotun-1.jpg?resize=350%2C200&ssl=1","width":350,"height":200},"classes":[]},{"id":2739,"url":"https:\/\/yenerticaret.com.tr\/ru\/product\/jotun-hardtop-as\/","url_meta":{"origin":2750,"position":2},"title":"Jotun Hardtop AS","date":"25 \u043c\u0430\u044f 2022","format":false,"excerpt":"\u00c7ift bile\u015fenli, kimyasal k\u00fcrlenmeli, alifatik akrilik poli\u00fcretan esasl\u0131 bir boyad\u0131r. M\u00fckemmel parlakl\u0131k dayan\u0131m\u0131 olan \u00e7ok parlak bir son katt\u0131r. Kimyasal dayan\u0131m\u0131 iyidir. Atmosferik ko\u015fullara maruz kalan yap\u0131larda son kat olarak kullan\u0131l\u0131r.","rel":"","context":"\u041f\u043e\u0445\u043e\u0436\u0430\u044f \u0437\u0430\u043f\u0438\u0441\u044c","img":{"alt_text":"","src":"https:\/\/i0.wp.com\/yenerticaret.com.tr\/wp-content\/uploads\/2022\/03\/jotun-1.jpg?resize=350%2C200&ssl=1","width":350,"height":200},"classes":[]},{"id":2762,"url":"https:\/\/yenerticaret.com.tr\/ru\/product\/jotun-hardtop-smart-pack\/","url_meta":{"origin":2750,"position":3},"title":"Jotun Hardtop Smart Pack","date":"25 \u043c\u0430\u044f 2022","format":false,"excerpt":"Kimyasal k\u00fcrlenmeli \u00e7ift bile\u015fenli modifiye akrilik son katt\u0131r. \u00dcr\u00fcn izosiyanat i\u00e7ermez ve ayr\u0131ca \u0131s\u0131l i\u015flem, kaynak veya yang\u0131n s\u0131ras\u0131nda diizosiyanat olu\u015fumuna neden olmaz. 'Parlak' bir sonkatt\u0131r ve parlakl\u0131k dayan\u0131m\u0131 iyidir. Do\u011frudan metale uygulanabilir. 1:1 kar\u0131\u015f\u0131m oran\u0131 ile daha kolay kullan\u0131m ve daha az kay\u0131p sa\u011flar. \u00d6zellikle f\u0131r\u00e7a ve rulo uygulamas\u0131\u2026","rel":"","context":"\u041f\u043e\u0445\u043e\u0436\u0430\u044f \u0437\u0430\u043f\u0438\u0441\u044c","img":{"alt_text":"","src":"https:\/\/i0.wp.com\/yenerticaret.com.tr\/wp-content\/uploads\/2022\/03\/jotun-1.jpg?resize=350%2C200&ssl=1","width":350,"height":200},"classes":[]},{"id":2749,"url":"https:\/\/yenerticaret.com.tr\/ru\/product\/jotun-futura-classic\/","url_meta":{"origin":2750,"position":4},"title":"Jotun Futura Classic","date":"25 \u043c\u0430\u044f 2022","format":false,"excerpt":"\u00c7ift bile\u015fenli, kimyasal k\u00fcrlenmeli, alifatik akrilik poli\u00fcretan esasl\u0131 bir boyad\u0131r.'Parlak' bir sonkatt\u0131r ve parlakl\u0131k dayan\u0131m\u0131 iyidir. Kat\u0131 madde oran\u0131 y\u00fcksektir. Tozuma seviyesi d\u00fc\u015f\u00fckt\u00fcr ve iyi uygulama \u00f6zelliklerine sahiptir. Atmosferik ko\u015fullara maruz kalan yap\u0131larda son kat olarak kullan\u0131l\u0131r.","rel":"","context":"\u041f\u043e\u0445\u043e\u0436\u0430\u044f \u0437\u0430\u043f\u0438\u0441\u044c","img":{"alt_text":"","src":"https:\/\/i0.wp.com\/yenerticaret.com.tr\/wp-content\/uploads\/2022\/03\/jotun-1.jpg?resize=350%2C200&ssl=1","width":350,"height":200},"classes":[]},{"id":2761,"url":"https:\/\/yenerticaret.com.tr\/ru\/product\/jotun-jotafix-pu-topcoat\/","url_meta":{"origin":2750,"position":5},"title":"Jotun Jotafix PU Topcoat","date":"25 \u043c\u0430\u044f 2022","format":false,"excerpt":"\u00c7ift bile\u015fenli, kimyasal k\u00fcrlenmeli, alifatik akrilik poli\u00fcretan esasl\u0131 bir boyad\u0131r. 'Parlak' bir sonkatt\u0131r ve parlakl\u0131k dayan\u0131m\u0131 iyidir. Kat\u0131 madde oran\u0131 y\u00fcksektir. Atmosferik ko\u015fullara maruz kalan yap\u0131larda son kat olarak kullan\u0131l\u0131r. \u00d6zellikle f\u0131r\u00e7a ve rulo uygulamas\u0131 i\u00e7in tasarlanm\u0131\u015ft\u0131r. Onaylar ve sertifikalar:\u00a0Bu\u011fday sertifikas\u0131 (Newcastle Occupational Health)","rel":"","context":"\u041f\u043e\u0445\u043e\u0436\u0430\u044f \u0437\u0430\u043f\u0438\u0441\u044c","img":{"alt_text":"","src":"https:\/\/i0.wp.com\/yenerticaret.com.tr\/wp-content\/uploads\/2022\/03\/jotun-1.jpg?resize=350%2C200&ssl=1","width":350,"height":200},"classes":[]}],"_links":{"self":[{"href":"https:\/\/yenerticaret.com.tr\/ru\/wp-json\/wp\/v2\/product\/2750"}],"collection":[{"href":"https:\/\/yenerticaret.com.tr\/ru\/wp-json\/wp\/v2\/product"}],"about":[{"href":"https:\/\/yenerticaret.com.tr\/ru\/wp-json\/wp\/v2\/types\/product"}],"wp:featuredmedia":[{"embeddable":true,"href":"https:\/\/yenerticaret.com.tr\/ru\/wp-json\/wp\/v2\/media\/2715"}],"wp:attachment":[{"href":"https:\/\/yenerticaret.com.tr\/ru\/wp-json\/wp\/v2\/media?parent=2750"}],"wp:term":[{"taxonomy":"product_cat","embeddable":true,"href":"https:\/\/yenerticaret.com.tr\/ru\/wp-json\/wp\/v2\/product_cat?post=2750"},{"taxonomy":"product_tag","embeddable":true,"href":"https:\/\/yenerticaret.com.tr\/ru\/wp-json\/wp\/v2\/product_tag?post=2750"}],"curies":[{"name":"wp","href":"https:\/\/api.w.org\/{rel}","templated":true}]}}