{"id":2759,"date":"2022-05-25T13:15:11","date_gmt":"2022-05-25T10:15:11","guid":{"rendered":"https:\/\/yenerticaret.com.tr\/?post_type=product&#038;p=2759"},"modified":"2022-05-25T13:17:17","modified_gmt":"2022-05-25T10:17:17","slug":"jotun-penguard-fc","status":"publish","type":"product","link":"https:\/\/yenerticaret.com.tr\/ru\/product\/jotun-penguard-fc\/","title":{"rendered":"Jotun Penguard FC"},"content":{"rendered":"<section class=\"product__info-about list-wrap link-wrap\">\n<section class=\"product__info-about list-wrap link-wrap\">\n<section class=\"product__info-about list-wrap link-wrap\">\n<section class=\"product__info-about list-wrap link-wrap\">\n<section class=\"product__info-about list-wrap link-wrap\">\n<section class=\"product__info-about list-wrap link-wrap\">\n<div class=\"custom-tabs -container\" role=\"tabpanel\">\n<div class=\"tab-content product-tabs first-child last-child\">\n<div id=\"tab_0\" class=\"tab-pane fade active in first-child\" role=\"tabpanel\">\n<div class=\"container tab-inner-content-wr tab-content first-child last-child\">\n<div class=\"first-child last-child\">\n<div class=\"container first-child last-child\">\n<div class=\"row nopadding-in first-child last-child\">\n<div class=\"col-xs-12 col-sm-12 col-md-12 paragraph-styling last-child\">\n<p>Bir epoksi kaplaman\u0131n kozmetik g\u00f6r\u00fcn\u00fcm\u00fcn\u00fcn kabul edilebilir oldu\u011fu durumlarda kullan\u0131m i\u00e7in bir epoksi son kat.\u00a0Korozyon \u00f6nleyici astar veya ara kat olarak da kullan\u0131labilir.<\/p>\n<\/div>\n<\/div>\n<\/div>\n<\/div>\n<\/div>\n<\/div>\n<\/div>\n<\/div>\n<p>&nbsp;<\/p>\n<\/section>\n<section class=\"product__info-benefits list-wrap link-wrap\"><\/section>\n<\/section>\n<section class=\"product__info-benefits list-wrap link-wrap\"><\/section>\n<\/section>\n<\/section>\n<section class=\"product__info-benefits list-wrap link-wrap\"><\/section>\n<\/section>\n<section class=\"product__info-benefits list-wrap link-wrap\"><\/section>\n<\/section>\n<section class=\"product__info-benefits list-wrap link-wrap\"><\/section>\n<p><a href=\"http:\/\/jotun.ws\/tds_-_penguard_fc_-_english_uk_-_issued.26.11.2010.pdf\"><img loading=\"lazy\" class=\"wp-image-2712 alignnone\" src=\"https:\/\/yenerticaret.com.tr\/wp-content\/uploads\/2022\/03\/technical-pecs.png\" alt=\"\" width=\"474\" height=\"46\" srcset=\"https:\/\/yenerticaret.com.tr\/wp-content\/uploads\/2022\/03\/technical-pecs-400x39.png 400w, https:\/\/yenerticaret.com.tr\/wp-content\/uploads\/2022\/03\/technical-pecs-367x36.png 367w\" sizes=\"(max-width: 474px) 100vw, 474px\" \/><\/a><\/p>","protected":false},"excerpt":{"rendered":"<section class=\"product__info-about list-wrap link-wrap\">\n<div class=\"page-content-top clearfix\">\n<p>\u00c7ift bile\u015fenli poliamid k\u00fcrlenmeli y\u00fcksek molek\u00fcl a\u011f\u0131rl\u0131kl\u0131 epoksi esasl\u0131 bir boyad\u0131r. Yar\u0131 parlak g\u00f6r\u00fcn\u00fcml\u00fcd\u00fcr ve parlakl\u0131k dayan\u0131m\u0131 ortad\u0131r. Atmosfer ko\u015fullar\u0131nda astar, son kat yada tek katl\u0131 sistem olarak, su alt\u0131 ve g\u00f6m\u00fcl\u00fc alanlarda ise son kat olarak kullan\u0131labilir. Su alt\u0131 ve su \u00fcst\u00fc ortamlarda son kat olarak kullan\u0131l\u0131r.<\/p>\n<p><strong>Onaylar ve sertifikalar:<\/strong> Bu\u011fday sertifikas\u0131 (Newcastle Occupational Health)<\/p>\n<\/div>\n<\/section>\n<section class=\"product__info-benefits list-wrap link-wrap\"><\/section>","protected":false},"featured_media":2715,"template":"","meta":{"_mi_skip_tracking":false,"jetpack_publicize_message":"","jetpack_is_tweetstorm":false,"jetpack_publicize_feature_enabled":true},"product_cat":[107,105,116],"product_tag":[],"jetpack_publicize_connections":[],"yoast_head":"<!-- This site is optimized with the Yoast SEO Premium plugin v17.7 (Yoast SEO v18.5.1) - https:\/\/yoast.com\/wordpress\/plugins\/seo\/ -->\n<title>Jotun Penguard FC | Yener Ticaret Ltd. \u015eti.<\/title>\n<meta name=\"robots\" content=\"index, follow, max-snippet:-1, max-image-preview:large, max-video-preview:-1\" \/>\n<link rel=\"canonical\" href=\"https:\/\/yenerticaret.com.tr\/ru\/product\/jotun-penguard-fc\/\" \/>\n<meta property=\"og:locale\" content=\"ru_RU\" \/>\n<meta property=\"og:type\" content=\"article\" \/>\n<meta property=\"og:title\" content=\"Jotun Penguard FC\" \/>\n<meta property=\"og:description\" content=\"\u00c7ift bile\u015fenli poliamid k\u00fcrlenmeli y\u00fcksek molek\u00fcl a\u011f\u0131rl\u0131kl\u0131 epoksi esasl\u0131 bir boyad\u0131r. Yar\u0131 parlak g\u00f6r\u00fcn\u00fcml\u00fcd\u00fcr ve parlakl\u0131k dayan\u0131m\u0131 ortad\u0131r. Atmosfer ko\u015fullar\u0131nda astar, son kat yada tek katl\u0131 sistem olarak, su alt\u0131 ve g\u00f6m\u00fcl\u00fc alanlarda ise son kat olarak kullan\u0131labilir. Su alt\u0131 ve su \u00fcst\u00fc ortamlarda son kat olarak kullan\u0131l\u0131r.  Onaylar ve sertifikalar: Bu\u011fday sertifikas\u0131 (Newcastle Occupational Health)\" \/>\n<meta property=\"og:url\" content=\"https:\/\/yenerticaret.com.tr\/ru\/product\/jotun-penguard-fc\/\" \/>\n<meta property=\"og:site_name\" content=\"Yener Ticaret Ltd. \u015eti.\" \/>\n<meta property=\"article:modified_time\" content=\"2022-05-25T10:17:17+00:00\" \/>\n<meta property=\"og:image\" content=\"https:\/\/yenerticaret.com.tr\/wp-content\/uploads\/2022\/03\/jotun-1.jpg\" \/>\n\t<meta property=\"og:image:width\" content=\"596\" \/>\n\t<meta property=\"og:image:height\" content=\"596\" \/>\n\t<meta property=\"og:image:type\" content=\"image\/jpeg\" \/>\n<meta name=\"twitter:card\" content=\"summary\" \/>\n<meta name=\"twitter:label1\" content=\"\u041f\u0440\u0438\u043c\u0435\u0440\u043d\u043e\u0435 \u0432\u0440\u0435\u043c\u044f \u0434\u043b\u044f \u0447\u0442\u0435\u043d\u0438\u044f\" \/>\n\t<meta name=\"twitter:data1\" content=\"1 \u043c\u0438\u043d\u0443\u0442\u0430\" \/>\n<script type=\"application\/ld+json\" class=\"yoast-schema-graph\">{\"@context\":\"https:\/\/schema.org\",\"@graph\":[{\"@type\":\"WebSite\",\"@id\":\"https:\/\/yenerticaret.com.tr\/#website\",\"url\":\"https:\/\/yenerticaret.com.tr\/\",\"name\":\"Yener Ticaret Ltd. \u015eti.\",\"description\":\"Jotun Sanayi ve Marin Boyalar\u0131 Bayii\",\"potentialAction\":[{\"@type\":\"SearchAction\",\"target\":{\"@type\":\"EntryPoint\",\"urlTemplate\":\"https:\/\/yenerticaret.com.tr\/?s={search_term_string}\"},\"query-input\":\"required name=search_term_string\"}],\"inLanguage\":\"ru-RU\"},{\"@type\":\"ImageObject\",\"@id\":\"https:\/\/yenerticaret.com.tr\/urun\/jotun-penguard-fc\/#primaryimage\",\"inLanguage\":\"ru-RU\",\"url\":\"https:\/\/yenerticaret.com.tr\/wp-content\/uploads\/2022\/03\/jotun-1.jpg\",\"contentUrl\":\"https:\/\/yenerticaret.com.tr\/wp-content\/uploads\/2022\/03\/jotun-1.jpg\",\"width\":596,\"height\":596},{\"@type\":\"WebPage\",\"@id\":\"https:\/\/yenerticaret.com.tr\/urun\/jotun-penguard-fc\/#webpage\",\"url\":\"https:\/\/yenerticaret.com.tr\/urun\/jotun-penguard-fc\/\",\"name\":\"Jotun Penguard FC | Yener Ticaret Ltd. \u015eti.\",\"isPartOf\":{\"@id\":\"https:\/\/yenerticaret.com.tr\/#website\"},\"primaryImageOfPage\":{\"@id\":\"https:\/\/yenerticaret.com.tr\/urun\/jotun-penguard-fc\/#primaryimage\"},\"datePublished\":\"2022-05-25T10:15:11+00:00\",\"dateModified\":\"2022-05-25T10:17:17+00:00\",\"breadcrumb\":{\"@id\":\"https:\/\/yenerticaret.com.tr\/urun\/jotun-penguard-fc\/#breadcrumb\"},\"inLanguage\":\"ru-RU\",\"potentialAction\":[{\"@type\":\"ReadAction\",\"target\":[\"https:\/\/yenerticaret.com.tr\/urun\/jotun-penguard-fc\/\"]}]},{\"@type\":\"BreadcrumbList\",\"@id\":\"https:\/\/yenerticaret.com.tr\/urun\/jotun-penguard-fc\/#breadcrumb\",\"itemListElement\":[{\"@type\":\"ListItem\",\"position\":1,\"name\":\"Home\",\"item\":\"https:\/\/yenerticaret.com.tr\/\"},{\"@type\":\"ListItem\",\"position\":2,\"name\":\"Jotun Ma\u011faza\",\"item\":\"https:\/\/yenerticaret.com.tr\/jotun-magaza\/\"},{\"@type\":\"ListItem\",\"position\":3,\"name\":\"Jotun Penguard FC\"}]}]}<\/script>\n<!-- \/ Yoast SEO Premium plugin. -->","yoast_head_json":{"title":"Jotun Penguard FC | Yener Ticaret Ltd. \u015eti.","robots":{"index":"index","follow":"follow","max-snippet":"max-snippet:-1","max-image-preview":"max-image-preview:large","max-video-preview":"max-video-preview:-1"},"canonical":"https:\/\/yenerticaret.com.tr\/ru\/product\/jotun-penguard-fc\/","og_locale":"ru_RU","og_type":"article","og_title":"Jotun Penguard FC","og_description":"\u00c7ift bile\u015fenli poliamid k\u00fcrlenmeli y\u00fcksek molek\u00fcl a\u011f\u0131rl\u0131kl\u0131 epoksi esasl\u0131 bir boyad\u0131r. Yar\u0131 parlak g\u00f6r\u00fcn\u00fcml\u00fcd\u00fcr ve parlakl\u0131k dayan\u0131m\u0131 ortad\u0131r. Atmosfer ko\u015fullar\u0131nda astar, son kat yada tek katl\u0131 sistem olarak, su alt\u0131 ve g\u00f6m\u00fcl\u00fc alanlarda ise son kat olarak kullan\u0131labilir. Su alt\u0131 ve su \u00fcst\u00fc ortamlarda son kat olarak kullan\u0131l\u0131r.  Onaylar ve sertifikalar: Bu\u011fday sertifikas\u0131 (Newcastle Occupational Health)","og_url":"https:\/\/yenerticaret.com.tr\/ru\/product\/jotun-penguard-fc\/","og_site_name":"Yener Ticaret Ltd. \u015eti.","article_modified_time":"2022-05-25T10:17:17+00:00","og_image":[{"width":596,"height":596,"url":"https:\/\/yenerticaret.com.tr\/wp-content\/uploads\/2022\/03\/jotun-1.jpg","type":"image\/jpeg"}],"twitter_card":"summary","twitter_misc":{"\u041f\u0440\u0438\u043c\u0435\u0440\u043d\u043e\u0435 \u0432\u0440\u0435\u043c\u044f \u0434\u043b\u044f \u0447\u0442\u0435\u043d\u0438\u044f":"1 \u043c\u0438\u043d\u0443\u0442\u0430"},"schema":{"@context":"https:\/\/schema.org","@graph":[{"@type":"WebSite","@id":"https:\/\/yenerticaret.com.tr\/#website","url":"https:\/\/yenerticaret.com.tr\/","name":"Yener Ticaret Ltd. \u015eti.","description":"Jotun Sanayi ve Marin Boyalar\u0131 Bayii","potentialAction":[{"@type":"SearchAction","target":{"@type":"EntryPoint","urlTemplate":"https:\/\/yenerticaret.com.tr\/?s={search_term_string}"},"query-input":"required name=search_term_string"}],"inLanguage":"ru-RU"},{"@type":"ImageObject","@id":"https:\/\/yenerticaret.com.tr\/urun\/jotun-penguard-fc\/#primaryimage","inLanguage":"ru-RU","url":"https:\/\/yenerticaret.com.tr\/wp-content\/uploads\/2022\/03\/jotun-1.jpg","contentUrl":"https:\/\/yenerticaret.com.tr\/wp-content\/uploads\/2022\/03\/jotun-1.jpg","width":596,"height":596},{"@type":"WebPage","@id":"https:\/\/yenerticaret.com.tr\/urun\/jotun-penguard-fc\/#webpage","url":"https:\/\/yenerticaret.com.tr\/urun\/jotun-penguard-fc\/","name":"Jotun Penguard FC | Yener Ticaret Ltd. \u015eti.","isPartOf":{"@id":"https:\/\/yenerticaret.com.tr\/#website"},"primaryImageOfPage":{"@id":"https:\/\/yenerticaret.com.tr\/urun\/jotun-penguard-fc\/#primaryimage"},"datePublished":"2022-05-25T10:15:11+00:00","dateModified":"2022-05-25T10:17:17+00:00","breadcrumb":{"@id":"https:\/\/yenerticaret.com.tr\/urun\/jotun-penguard-fc\/#breadcrumb"},"inLanguage":"ru-RU","potentialAction":[{"@type":"ReadAction","target":["https:\/\/yenerticaret.com.tr\/urun\/jotun-penguard-fc\/"]}]},{"@type":"BreadcrumbList","@id":"https:\/\/yenerticaret.com.tr\/urun\/jotun-penguard-fc\/#breadcrumb","itemListElement":[{"@type":"ListItem","position":1,"name":"Home","item":"https:\/\/yenerticaret.com.tr\/"},{"@type":"ListItem","position":2,"name":"Jotun Ma\u011faza","item":"https:\/\/yenerticaret.com.tr\/jotun-magaza\/"},{"@type":"ListItem","position":3,"name":"Jotun Penguard FC"}]}]}},"jetpack-related-posts":[{"id":2737,"url":"https:\/\/yenerticaret.com.tr\/ru\/product\/tankguard-412\/","url_meta":{"origin":2759,"position":0},"title":"Tankguard 412","date":"25 \u043c\u0430\u044f 2022","format":false,"excerpt":"\u00c7ift bile\u015fenli, solvent i\u00e7ermeyen, poliamin k\u00fcrlenmeli epoksi esasl\u0131 bir boyad\u0131r. Kimyasal dayan\u0131m seviyesi y\u00fcksek olan \u00e7ok ama\u00e7l\u0131 bir tank kaplamas\u0131d\u0131r. Atmosfere a\u00e7\u0131k ko\u015fullarda ve su alt\u0131nda ara kat veya son kat olarak kullan\u0131labilir. Uygun bir \u015fekilde y\u00fczey haz\u0131rl\u0131\u011f\u0131 yap\u0131lm\u0131\u015f olan karbon \u00e7elik, galvanizli \u00e7elik, paslanmaz \u00e7elik ve beton y\u00fczeyler i\u00e7in\u2026","rel":"","context":"\u041f\u043e\u0445\u043e\u0436\u0430\u044f \u0437\u0430\u043f\u0438\u0441\u044c","img":{"alt_text":"","src":"https:\/\/i0.wp.com\/yenerticaret.com.tr\/wp-content\/uploads\/2022\/03\/jotun-1.jpg?resize=350%2C200&ssl=1","width":350,"height":200},"classes":[]},{"id":2760,"url":"https:\/\/yenerticaret.com.tr\/ru\/product\/jotun-jotamastic-87\/","url_meta":{"origin":2759,"position":1},"title":"Jotun Jotamastic 87","date":"25 \u043c\u0430\u044f 2022","format":false,"excerpt":"\u00c7ift bile\u015fenli poliamin k\u00fcrlenmeli mastik epoksi esasl\u0131 bir boyad\u0131r. Y\u00fczey toleransl\u0131, y\u00fcksek kat\u0131 maddeli, y\u00fcksek yap\u0131l\u0131 bir \u00fcr\u00fcnd\u00fcr. Optimum y\u00fczey haz\u0131rl\u0131\u011f\u0131n\u0131n sa\u011flanamad\u0131\u011f\u0131 veya istenmedi\u011fi y\u00fczeyler i\u00e7in \u00f6zel olarak geli\u015ftirilmi\u015ftir. Y\u00fcksek korozif ortamlarda uzun s\u00fcreli koruma sa\u011flar. Atmosferik ko\u015fullara maruz kalan yap\u0131larda ve su alt\u0131 alanlar\u0131nda ara kat veya son kat,\u2026","rel":"","context":"\u041f\u043e\u0445\u043e\u0436\u0430\u044f \u0437\u0430\u043f\u0438\u0441\u044c","img":{"alt_text":"","src":"https:\/\/i0.wp.com\/yenerticaret.com.tr\/wp-content\/uploads\/2022\/03\/jotun-1.jpg?resize=350%2C200&ssl=1","width":350,"height":200},"classes":[]},{"id":2736,"url":"https:\/\/yenerticaret.com.tr\/ru\/product\/jotun-jotamastic-80\/","url_meta":{"origin":2759,"position":2},"title":"Jotun Jotamastic 80","date":"25 \u043c\u0430\u044f 2022","format":false,"excerpt":"\u00c7ift bile\u015fenli poliamin k\u00fcrlenmeli mastik epoksi esasl\u0131 bir boyad\u0131r. Y\u00fczey toleransl\u0131, y\u00fcksek kat\u0131 maddeli bir \u00fcr\u00fcnd\u00fcr. Optimum y\u00fczey haz\u0131rl\u0131\u011f\u0131n\u0131n sa\u011flanamad\u0131\u011f\u0131 veya istenmedi\u011fi y\u00fczeyler i\u00e7in \u00f6zel olarak geli\u015ftirilmi\u015ftir. Atmosferik ortamlarda astar, ara kat ve son kat veya tek katl\u0131 sistem olarak kullan\u0131labilir. D\u00fczg\u00fcn bir \u015fekilde haz\u0131rlanm\u0131\u015f karbon \u00e7elik y\u00fczeyler ve eski\u2026","rel":"","context":"\u041f\u043e\u0445\u043e\u0436\u0430\u044f \u0437\u0430\u043f\u0438\u0441\u044c","img":{"alt_text":"","src":"https:\/\/i0.wp.com\/yenerticaret.com.tr\/wp-content\/uploads\/2022\/03\/jotun-1.jpg?resize=350%2C200&ssl=1","width":350,"height":200},"classes":[]},{"id":2734,"url":"https:\/\/yenerticaret.com.tr\/ru\/product\/jotun-corroguard-hb-express\/","url_meta":{"origin":2759,"position":3},"title":"Jotun Corroguard HB Express","date":"25 \u043c\u0430\u044f 2022","format":false,"excerpt":"\u00c7ift bile\u015fenli poliamid k\u00fcrlenmeli y\u00fcksek molek\u00fcl a\u011f\u0131rl\u0131kl\u0131 epoksi esasl\u0131 bir boyad\u0131r. Y\u00fcksek yap\u0131l\u0131 ve \u00e7ok y\u00f6nl\u00fc kullan\u0131labilen bu \u00fcr\u00fcn yeni in\u015fa uygulamalar\u0131 i\u00e7in dizayn edilmi\u015ftir. Atmosferik ortamlarda astar, ara kat ve son kat veya tek katl\u0131 sistem olarak kullan\u0131labilir. Uygun bir \u015fekilde y\u00fczey haz\u0131rl\u0131\u011f\u0131 ger\u00e7ekle\u015ftirilmi\u015f olan karbon \u00e7elik y\u00fczeyler i\u00e7in\u2026","rel":"","context":"\u041f\u043e\u0445\u043e\u0436\u0430\u044f \u0437\u0430\u043f\u0438\u0441\u044c","img":{"alt_text":"","src":"https:\/\/i0.wp.com\/yenerticaret.com.tr\/wp-content\/uploads\/2022\/03\/jotun-1.jpg?resize=350%2C200&ssl=1","width":350,"height":200},"classes":[]},{"id":2732,"url":"https:\/\/yenerticaret.com.tr\/ru\/product\/penguard-ekspres-zp\/","url_meta":{"origin":2759,"position":4},"title":"Penguard Ekspres ZP","date":"25 \u043c\u0430\u044f 2022","format":false,"excerpt":"\u00c7ift bile\u015fenli, amin k\u00fcrlenmeli epoksi esasl\u0131 bir boyad\u0131r. H\u0131zl\u0131 kuruyan, y\u00fcksek kat\u0131 maddeli ve y\u00fcksek yap\u0131l\u0131 bir \u00fcr\u00fcnd\u00fcr. \u00d6zellikle h\u0131zl\u0131 kat boyas\u0131 uygulamalar\u0131 ve h\u0131zl\u0131 malzeme transferi gerektiren yeni in\u015falara y\u00f6nelik tasarlanm\u0131\u015ft\u0131r. Atmosferik ortamlarda astar, ara kat ve son kat veya tek katl\u0131 sistem olarak kullan\u0131labilir. Uygun \u015fekilde haz\u0131rlanm\u0131\u015f karbon\u2026","rel":"","context":"\u041f\u043e\u0445\u043e\u0436\u0430\u044f \u0437\u0430\u043f\u0438\u0441\u044c","img":{"alt_text":"","src":"https:\/\/i0.wp.com\/yenerticaret.com.tr\/wp-content\/uploads\/2022\/03\/jotun-1.jpg?resize=350%2C200&ssl=1","width":350,"height":200},"classes":[]},{"id":2757,"url":"https:\/\/yenerticaret.com.tr\/ru\/product\/jotun-penguard-hsp\/","url_meta":{"origin":2759,"position":5},"title":"Jotun Penguard HSP","date":"25 \u043c\u0430\u044f 2022","format":false,"excerpt":"\u00c7ift bile\u015fenli, amin k\u00fcrlenmeli epoksi esasl\u0131 bir boyad\u0131r. H\u0131zl\u0131 kuruyan, y\u00fcksek kat\u0131 maddeli ve y\u00fcksek yap\u0131l\u0131 bir \u00fcr\u00fcnd\u00fcr. Atmosfere a\u00e7\u0131k ko\u015fullarda astar veya ara kat olarak kullan\u0131labilir. \u00d6zellikle h\u0131zl\u0131 kat boyas\u0131 uygulamalar\u0131 ve h\u0131zl\u0131 malzeme transferi gerektiren yeni in\u015falara y\u00f6nelik tasarlanm\u0131\u015ft\u0131r. Uygun bir \u015fekilde y\u00fczey haz\u0131rl\u0131\u011f\u0131 yap\u0131lm\u0131\u015f olan al\u00fcminyum, karbon\u2026","rel":"","context":"\u041f\u043e\u0445\u043e\u0436\u0430\u044f \u0437\u0430\u043f\u0438\u0441\u044c","img":{"alt_text":"","src":"https:\/\/i0.wp.com\/yenerticaret.com.tr\/wp-content\/uploads\/2022\/03\/jotun-1.jpg?resize=350%2C200&ssl=1","width":350,"height":200},"classes":[]}],"_links":{"self":[{"href":"https:\/\/yenerticaret.com.tr\/ru\/wp-json\/wp\/v2\/product\/2759"}],"collection":[{"href":"https:\/\/yenerticaret.com.tr\/ru\/wp-json\/wp\/v2\/product"}],"about":[{"href":"https:\/\/yenerticaret.com.tr\/ru\/wp-json\/wp\/v2\/types\/product"}],"wp:featuredmedia":[{"embeddable":true,"href":"https:\/\/yenerticaret.com.tr\/ru\/wp-json\/wp\/v2\/media\/2715"}],"wp:attachment":[{"href":"https:\/\/yenerticaret.com.tr\/ru\/wp-json\/wp\/v2\/media?parent=2759"}],"wp:term":[{"taxonomy":"product_cat","embeddable":true,"href":"https:\/\/yenerticaret.com.tr\/ru\/wp-json\/wp\/v2\/product_cat?post=2759"},{"taxonomy":"product_tag","embeddable":true,"href":"https:\/\/yenerticaret.com.tr\/ru\/wp-json\/wp\/v2\/product_tag?post=2759"}],"curies":[{"name":"wp","href":"https:\/\/api.w.org\/{rel}","templated":true}]}}