{"id":2772,"date":"2022-06-16T21:53:05","date_gmt":"2022-06-16T18:53:05","guid":{"rendered":"https:\/\/yenerticaret.com.tr\/?post_type=product&#038;p=2772"},"modified":"2022-06-16T21:57:53","modified_gmt":"2022-06-16T18:57:53","slug":"seaforce-60","status":"publish","type":"product","link":"https:\/\/yenerticaret.com.tr\/ru\/product\/seaforce-60\/","title":{"rendered":"SeaForce 60"},"content":{"rendered":"<section class=\"product__info-about list-wrap link-wrap\">\n<section class=\"product__info-about list-wrap link-wrap\">\n<section class=\"product__info-about list-wrap link-wrap\">\n<section class=\"product__info-about list-wrap link-wrap\"><strong>Tavsiye edilen kullan\u0131m<\/strong><br \/>\n\u0130yi kirlenme korumas\u0131n\u0131n\/performans\u0131n\u0131n \u00f6nemli oldu\u011fu durumlarda, dikey tarafta 36 aya kadar ve d\u00fcz dipte 60 aya kadar kuru havuzlama aral\u0131klar\u0131yla k\u00fcresel hizmette \u00e7al\u0131\u015fan gemilerde kullan\u0131l\u0131r. Balast durumunda \u00f6nemli bir zaman harcayan gemilerde 60 ay i\u00e7in bot \u00fcst\u00fc olarak da belirtilebilir.<\/section>\n<\/section>\n<section class=\"product__info-benefits list-wrap link-wrap\"><\/section>\n<\/section>\n<section class=\"product__info-benefits list-wrap link-wrap\"><\/section>\n<\/section>\n<section class=\"product__info-benefits list-wrap link-wrap\"><\/section>\n<p><a href=\"http:\/\/jotun-spb.ru\/sites\/default\/files\/tds_-_seaforce_60_-_english_uk_-_issued.15.02.2012.pdf\"><img loading=\"lazy\" class=\"wp-image-2712 alignnone\" src=\"https:\/\/yenerticaret.com.tr\/wp-content\/uploads\/2022\/03\/technical-pecs.png\" alt=\"\" width=\"474\" height=\"46\" srcset=\"https:\/\/yenerticaret.com.tr\/wp-content\/uploads\/2022\/03\/technical-pecs-400x39.png 400w, https:\/\/yenerticaret.com.tr\/wp-content\/uploads\/2022\/03\/technical-pecs-367x36.png 367w\" sizes=\"(max-width: 474px) 100vw, 474px\" \/><\/a><\/p>","protected":false},"excerpt":{"rendered":"<p>SeaForce 60, Polimerik Plastifiyan Teknolojisine (patentli) dayal\u0131, y\u00fcksek kat\u0131 maddeli, hidrolize edici, kendinden cilal\u0131 bir zehirli boyad\u0131r. SeaForce 60&#8217;\u0131n performans\u0131, benzersiz sentetik polimerlerin bir kombinasyonu ile elde edilir. IMO Kirlenme \u00d6nleyici Sistem S\u00f6zle\u015fmesi ile uyumlu (AFS\/CONF\/26).<\/p>","protected":false},"featured_media":2715,"template":"","meta":{"_mi_skip_tracking":false,"jetpack_publicize_message":"","jetpack_is_tweetstorm":false,"jetpack_publicize_feature_enabled":true},"product_cat":[108],"product_tag":[],"jetpack_publicize_connections":[],"yoast_head":"<!-- This site is optimized with the Yoast SEO Premium plugin v17.7 (Yoast SEO v18.5.1) - https:\/\/yoast.com\/wordpress\/plugins\/seo\/ -->\n<title>SeaForce 60 | Yener Ticaret Ltd. \u015eti.<\/title>\n<meta name=\"robots\" content=\"index, follow, max-snippet:-1, max-image-preview:large, max-video-preview:-1\" \/>\n<link rel=\"canonical\" href=\"https:\/\/yenerticaret.com.tr\/ru\/product\/seaforce-60\/\" \/>\n<meta property=\"og:locale\" content=\"ru_RU\" \/>\n<meta property=\"og:type\" content=\"article\" \/>\n<meta property=\"og:title\" content=\"SeaForce 60\" \/>\n<meta property=\"og:description\" content=\"SeaForce 60, Polimerik Plastifiyan Teknolojisine (patentli) dayal\u0131, y\u00fcksek kat\u0131 maddeli, hidrolize edici, kendinden cilal\u0131 bir zehirli boyad\u0131r. SeaForce 60&#039;\u0131n performans\u0131, benzersiz sentetik polimerlerin bir kombinasyonu ile elde edilir. IMO Kirlenme \u00d6nleyici Sistem S\u00f6zle\u015fmesi ile uyumlu (AFS\/CONF\/26).\" \/>\n<meta property=\"og:url\" content=\"https:\/\/yenerticaret.com.tr\/ru\/product\/seaforce-60\/\" \/>\n<meta property=\"og:site_name\" content=\"Yener Ticaret Ltd. \u015eti.\" \/>\n<meta property=\"article:modified_time\" content=\"2022-06-16T18:57:53+00:00\" \/>\n<meta property=\"og:image\" content=\"https:\/\/yenerticaret.com.tr\/wp-content\/uploads\/2022\/03\/jotun-1.jpg\" \/>\n\t<meta property=\"og:image:width\" content=\"596\" \/>\n\t<meta property=\"og:image:height\" content=\"596\" \/>\n\t<meta property=\"og:image:type\" content=\"image\/jpeg\" \/>\n<meta name=\"twitter:card\" content=\"summary\" \/>\n<meta name=\"twitter:label1\" content=\"\u041f\u0440\u0438\u043c\u0435\u0440\u043d\u043e\u0435 \u0432\u0440\u0435\u043c\u044f \u0434\u043b\u044f \u0447\u0442\u0435\u043d\u0438\u044f\" \/>\n\t<meta name=\"twitter:data1\" content=\"1 \u043c\u0438\u043d\u0443\u0442\u0430\" \/>\n<script type=\"application\/ld+json\" class=\"yoast-schema-graph\">{\"@context\":\"https:\/\/schema.org\",\"@graph\":[{\"@type\":\"WebSite\",\"@id\":\"https:\/\/yenerticaret.com.tr\/#website\",\"url\":\"https:\/\/yenerticaret.com.tr\/\",\"name\":\"Yener Ticaret Ltd. \u015eti.\",\"description\":\"Jotun Sanayi ve Marin Boyalar\u0131 Bayii\",\"potentialAction\":[{\"@type\":\"SearchAction\",\"target\":{\"@type\":\"EntryPoint\",\"urlTemplate\":\"https:\/\/yenerticaret.com.tr\/?s={search_term_string}\"},\"query-input\":\"required name=search_term_string\"}],\"inLanguage\":\"ru-RU\"},{\"@type\":\"ImageObject\",\"@id\":\"https:\/\/yenerticaret.com.tr\/urun\/seaforce-60\/#primaryimage\",\"inLanguage\":\"ru-RU\",\"url\":\"https:\/\/yenerticaret.com.tr\/wp-content\/uploads\/2022\/03\/jotun-1.jpg\",\"contentUrl\":\"https:\/\/yenerticaret.com.tr\/wp-content\/uploads\/2022\/03\/jotun-1.jpg\",\"width\":596,\"height\":596},{\"@type\":\"WebPage\",\"@id\":\"https:\/\/yenerticaret.com.tr\/urun\/seaforce-60\/#webpage\",\"url\":\"https:\/\/yenerticaret.com.tr\/urun\/seaforce-60\/\",\"name\":\"SeaForce 60 | Yener Ticaret Ltd. \u015eti.\",\"isPartOf\":{\"@id\":\"https:\/\/yenerticaret.com.tr\/#website\"},\"primaryImageOfPage\":{\"@id\":\"https:\/\/yenerticaret.com.tr\/urun\/seaforce-60\/#primaryimage\"},\"datePublished\":\"2022-06-16T18:53:05+00:00\",\"dateModified\":\"2022-06-16T18:57:53+00:00\",\"breadcrumb\":{\"@id\":\"https:\/\/yenerticaret.com.tr\/urun\/seaforce-60\/#breadcrumb\"},\"inLanguage\":\"ru-RU\",\"potentialAction\":[{\"@type\":\"ReadAction\",\"target\":[\"https:\/\/yenerticaret.com.tr\/urun\/seaforce-60\/\"]}]},{\"@type\":\"BreadcrumbList\",\"@id\":\"https:\/\/yenerticaret.com.tr\/urun\/seaforce-60\/#breadcrumb\",\"itemListElement\":[{\"@type\":\"ListItem\",\"position\":1,\"name\":\"Home\",\"item\":\"https:\/\/yenerticaret.com.tr\/\"},{\"@type\":\"ListItem\",\"position\":2,\"name\":\"Jotun Ma\u011faza\",\"item\":\"https:\/\/yenerticaret.com.tr\/jotun-magaza\/\"},{\"@type\":\"ListItem\",\"position\":3,\"name\":\"SeaForce 60\"}]}]}<\/script>\n<!-- \/ Yoast SEO Premium plugin. -->","yoast_head_json":{"title":"SeaForce 60 | Yener Ticaret Ltd. \u015eti.","robots":{"index":"index","follow":"follow","max-snippet":"max-snippet:-1","max-image-preview":"max-image-preview:large","max-video-preview":"max-video-preview:-1"},"canonical":"https:\/\/yenerticaret.com.tr\/ru\/product\/seaforce-60\/","og_locale":"ru_RU","og_type":"article","og_title":"SeaForce 60","og_description":"SeaForce 60, Polimerik Plastifiyan Teknolojisine (patentli) dayal\u0131, y\u00fcksek kat\u0131 maddeli, hidrolize edici, kendinden cilal\u0131 bir zehirli boyad\u0131r. SeaForce 60'\u0131n performans\u0131, benzersiz sentetik polimerlerin bir kombinasyonu ile elde edilir. IMO Kirlenme \u00d6nleyici Sistem S\u00f6zle\u015fmesi ile uyumlu (AFS\/CONF\/26).","og_url":"https:\/\/yenerticaret.com.tr\/ru\/product\/seaforce-60\/","og_site_name":"Yener Ticaret Ltd. \u015eti.","article_modified_time":"2022-06-16T18:57:53+00:00","og_image":[{"width":596,"height":596,"url":"https:\/\/yenerticaret.com.tr\/wp-content\/uploads\/2022\/03\/jotun-1.jpg","type":"image\/jpeg"}],"twitter_card":"summary","twitter_misc":{"\u041f\u0440\u0438\u043c\u0435\u0440\u043d\u043e\u0435 \u0432\u0440\u0435\u043c\u044f \u0434\u043b\u044f \u0447\u0442\u0435\u043d\u0438\u044f":"1 \u043c\u0438\u043d\u0443\u0442\u0430"},"schema":{"@context":"https:\/\/schema.org","@graph":[{"@type":"WebSite","@id":"https:\/\/yenerticaret.com.tr\/#website","url":"https:\/\/yenerticaret.com.tr\/","name":"Yener Ticaret Ltd. \u015eti.","description":"Jotun Sanayi ve Marin Boyalar\u0131 Bayii","potentialAction":[{"@type":"SearchAction","target":{"@type":"EntryPoint","urlTemplate":"https:\/\/yenerticaret.com.tr\/?s={search_term_string}"},"query-input":"required name=search_term_string"}],"inLanguage":"ru-RU"},{"@type":"ImageObject","@id":"https:\/\/yenerticaret.com.tr\/urun\/seaforce-60\/#primaryimage","inLanguage":"ru-RU","url":"https:\/\/yenerticaret.com.tr\/wp-content\/uploads\/2022\/03\/jotun-1.jpg","contentUrl":"https:\/\/yenerticaret.com.tr\/wp-content\/uploads\/2022\/03\/jotun-1.jpg","width":596,"height":596},{"@type":"WebPage","@id":"https:\/\/yenerticaret.com.tr\/urun\/seaforce-60\/#webpage","url":"https:\/\/yenerticaret.com.tr\/urun\/seaforce-60\/","name":"SeaForce 60 | Yener Ticaret Ltd. \u015eti.","isPartOf":{"@id":"https:\/\/yenerticaret.com.tr\/#website"},"primaryImageOfPage":{"@id":"https:\/\/yenerticaret.com.tr\/urun\/seaforce-60\/#primaryimage"},"datePublished":"2022-06-16T18:53:05+00:00","dateModified":"2022-06-16T18:57:53+00:00","breadcrumb":{"@id":"https:\/\/yenerticaret.com.tr\/urun\/seaforce-60\/#breadcrumb"},"inLanguage":"ru-RU","potentialAction":[{"@type":"ReadAction","target":["https:\/\/yenerticaret.com.tr\/urun\/seaforce-60\/"]}]},{"@type":"BreadcrumbList","@id":"https:\/\/yenerticaret.com.tr\/urun\/seaforce-60\/#breadcrumb","itemListElement":[{"@type":"ListItem","position":1,"name":"Home","item":"https:\/\/yenerticaret.com.tr\/"},{"@type":"ListItem","position":2,"name":"Jotun Ma\u011faza","item":"https:\/\/yenerticaret.com.tr\/jotun-magaza\/"},{"@type":"ListItem","position":3,"name":"SeaForce 60"}]}]}},"jetpack-related-posts":[{"id":2773,"url":"https:\/\/yenerticaret.com.tr\/ru\/product\/seaforce-90\/","url_meta":{"origin":2772,"position":0},"title":"SeaForce 90","date":"16 \u0438\u044e\u043d\u044f 2022","format":false,"excerpt":"SeaForce 90, Polimerik Plastifiyan Teknolojisine (patentli) dayal\u0131, y\u00fcksek kat\u0131 maddeli, hidrolize edici, kendinden cilal\u0131 bir zehirli boyad\u0131r. SeaForce 90'\u0131n performans\u0131, benzersiz sentetik polimerlerin bir kombinasyonu ile elde edilir. IMO Kirlenme \u00d6nleyici Sistem S\u00f6zle\u015fmesi ile uyumlu (AFS\/CONF\/26).","rel":"","context":"\u041f\u043e\u0445\u043e\u0436\u0430\u044f \u0437\u0430\u043f\u0438\u0441\u044c","img":{"alt_text":"","src":"https:\/\/i0.wp.com\/yenerticaret.com.tr\/wp-content\/uploads\/2022\/03\/jotun-1.jpg?resize=350%2C200&ssl=1","width":350,"height":200},"classes":[]},{"id":2779,"url":"https:\/\/yenerticaret.com.tr\/ru\/product\/seaquantum-spectrum\/","url_meta":{"origin":2772,"position":1},"title":"SeaQuantum Spectrum","date":"16 \u0438\u044e\u043d\u044f 2022","format":false,"excerpt":"Bu, tek bile\u015fenli, kimyasal olarak hidrolize edici silil akrilat zehirli boya kaplamas\u0131d\u0131r. M\u00fckemmel kirlenme korumas\u0131 ve e\u015fsiz g\u00f6vde performans\u0131 sa\u011flar. Bu, g\u00f6vde bozulmas\u0131n\u0131, s\u00fcrt\u00fcnmeyi ve h\u0131z kayb\u0131n\u0131 azaltan olduk\u00e7a \u00f6ng\u00f6r\u00fclebilir ve kararl\u0131 kendi kendini parlatma \u00f6zellikleri ile elde edilir. Sadece dald\u0131r\u0131lm\u0131\u015f ortamlarda son kat olarak kullan\u0131lmal\u0131d\u0131r. Al\u00fcminyum ve karbon \u00e7eli\u011fi\u2026","rel":"","context":"\u041f\u043e\u0445\u043e\u0436\u0430\u044f \u0437\u0430\u043f\u0438\u0441\u044c","img":{"alt_text":"","src":"https:\/\/i0.wp.com\/yenerticaret.com.tr\/wp-content\/uploads\/2022\/03\/jotun-1.jpg?resize=350%2C200&ssl=1","width":350,"height":200},"classes":[]},{"id":2771,"url":"https:\/\/yenerticaret.com.tr\/ru\/product\/seaforce-30\/","url_meta":{"origin":2772,"position":2},"title":"Seaforce 30","date":"16 \u0438\u044e\u043d\u044f 2022","format":false,"excerpt":"36 ayl\u0131k y\u00fcksek koruma SeaForce 30 etkin biyosit sal\u0131n\u0131m\u0131 ve sabit polishing oran\u0131 sayesinde y\u00fcksek performansl\u0131 karina boyas\u0131d\u0131r. Maliyet optimizasyonu SeaForce 30, armat\u00f6rlere ve operasyon m\u00fcd\u00fcrlerine kaliteden \u00f6d\u00fcn vermeden su alt\u0131 boyalar\u0131 b\u00fct\u00e7esinde avantaj sa\u011flar. Yo\u011fun deneyim 15.000 den fazla gemide, 30 milyon litreye yak\u0131n Sea Force kullan\u0131lm\u0131\u015ft\u0131r. SeaForce 30\u2026","rel":"","context":"\u041f\u043e\u0445\u043e\u0436\u0430\u044f \u0437\u0430\u043f\u0438\u0441\u044c","img":{"alt_text":"","src":"https:\/\/i0.wp.com\/yenerticaret.com.tr\/wp-content\/uploads\/2022\/03\/jotun-1.jpg?resize=350%2C200&ssl=1","width":350,"height":200},"classes":[]},{"id":2783,"url":"https:\/\/yenerticaret.com.tr\/ru\/product\/seaquest\/","url_meta":{"origin":2772,"position":3},"title":"SeaQuest","date":"16 \u0438\u044e\u043d\u044f 2022","format":false,"excerpt":"Bu, elastotain teknolojisine dayal\u0131 \u00fc\u00e7 bile\u015fenli bir kirlilik \u00f6nleyici kaplamad\u0131r. Biyosit i\u00e7ermez ve m\u00fckemmel kirlenme korumas\u0131 ve g\u00f6vde performans\u0131 sa\u011flar. Bu, g\u00f6vde bozulmas\u0131n\u0131 ve h\u0131z kayb\u0131n\u0131 azaltan p\u00fcr\u00fczs\u00fcz, d\u00fc\u015f\u00fck s\u00fcrt\u00fcnmeli bir y\u00fczey ile sa\u011flan\u0131r. Suya dald\u0131r\u0131lm\u0131\u015f ortamlarda son kat olarak kullan\u0131l\u0131r. Yaln\u0131zca onayl\u0131 Jotun FRC ba\u011f katlar\u0131 i\u00e7in uygundur.","rel":"","context":"\u041f\u043e\u0445\u043e\u0436\u0430\u044f \u0437\u0430\u043f\u0438\u0441\u044c","img":{"alt_text":"","src":"https:\/\/i0.wp.com\/yenerticaret.com.tr\/wp-content\/uploads\/2022\/03\/jotun-1.jpg?resize=350%2C200&ssl=1","width":350,"height":200},"classes":[]},{"id":2777,"url":"https:\/\/yenerticaret.com.tr\/ru\/product\/seaquantum-ultra-s\/","url_meta":{"origin":2772,"position":4},"title":"SeaQuantum Ultra S","date":"16 \u0438\u044e\u043d\u044f 2022","format":false,"excerpt":"SeaQuantum Ultra S, d\u00f6kme y\u00fck gemileri, tankerler ve yava\u015f buharla \u00e7al\u0131\u015fan gemiler dahil olmak \u00fczere d\u00fc\u015f\u00fck ila orta aktiviteli gemiler i\u00e7in do\u011frulanabilir %2,5* h\u0131z kayb\u0131na sahip, ki\u015fiye \u00f6zel, daha h\u0131zl\u0131 parlat\u0131c\u0131 silil akrilat zehirli boyad\u0131r.\u00a0 Bu, yak\u0131t t\u00fcketimini ve karbon emisyonlar\u0131n\u0131 %11,7'ye* kadar azaltabilir ve son derece etkili biyolojik kirlilik\u2026","rel":"","context":"\u041f\u043e\u0445\u043e\u0436\u0430\u044f \u0437\u0430\u043f\u0438\u0441\u044c","img":{"alt_text":"","src":"https:\/\/i0.wp.com\/yenerticaret.com.tr\/wp-content\/uploads\/2022\/03\/jotun-1.jpg?resize=350%2C200&ssl=1","width":350,"height":200},"classes":[]},{"id":2775,"url":"https:\/\/yenerticaret.com.tr\/ru\/product\/seaquantum-plus-s\/","url_meta":{"origin":2772,"position":5},"title":"SeaQuantum Plus S","date":"16 \u0438\u044e\u043d\u044f 2022","format":false,"excerpt":"SeaQuantum Plus S, y\u00fcksek aktiviteli gemiler, \u00f6zellikle konteyner gemileri, gaz gemileri ve ara\u00e7 gemileri i\u00e7in do\u011frulanabilir %2,5 h\u0131z kayb\u0131na* sahip, ki\u015fiye \u00f6zel, daha yava\u015f parlatan silil akrilat zehirli boyad\u0131r.\u00a0 Bu, yak\u0131t t\u00fcketimini ve karbon emisyonlar\u0131n\u0131 %10,2'ye* kadar azaltabilir ve son derece etkili biyolojik kirlilik kontrol\u00fc ve p\u00fcr\u00fczs\u00fcz, kendi kendini parlatan\u2026","rel":"","context":"\u041f\u043e\u0445\u043e\u0436\u0430\u044f \u0437\u0430\u043f\u0438\u0441\u044c","img":{"alt_text":"","src":"https:\/\/i0.wp.com\/yenerticaret.com.tr\/wp-content\/uploads\/2022\/03\/jotun-1.jpg?resize=350%2C200&ssl=1","width":350,"height":200},"classes":[]}],"_links":{"self":[{"href":"https:\/\/yenerticaret.com.tr\/ru\/wp-json\/wp\/v2\/product\/2772"}],"collection":[{"href":"https:\/\/yenerticaret.com.tr\/ru\/wp-json\/wp\/v2\/product"}],"about":[{"href":"https:\/\/yenerticaret.com.tr\/ru\/wp-json\/wp\/v2\/types\/product"}],"wp:featuredmedia":[{"embeddable":true,"href":"https:\/\/yenerticaret.com.tr\/ru\/wp-json\/wp\/v2\/media\/2715"}],"wp:attachment":[{"href":"https:\/\/yenerticaret.com.tr\/ru\/wp-json\/wp\/v2\/media?parent=2772"}],"wp:term":[{"taxonomy":"product_cat","embeddable":true,"href":"https:\/\/yenerticaret.com.tr\/ru\/wp-json\/wp\/v2\/product_cat?post=2772"},{"taxonomy":"product_tag","embeddable":true,"href":"https:\/\/yenerticaret.com.tr\/ru\/wp-json\/wp\/v2\/product_tag?post=2772"}],"curies":[{"name":"wp","href":"https:\/\/api.w.org\/{rel}","templated":true}]}}