{"id":2773,"date":"2022-06-16T21:59:19","date_gmt":"2022-06-16T18:59:19","guid":{"rendered":"https:\/\/yenerticaret.com.tr\/?post_type=product&#038;p=2773"},"modified":"2022-06-16T22:01:53","modified_gmt":"2022-06-16T19:01:53","slug":"seaforce-90","status":"publish","type":"product","link":"https:\/\/yenerticaret.com.tr\/ru\/product\/seaforce-90\/","title":{"rendered":"SeaForce 90"},"content":{"rendered":"<section class=\"product__info-about list-wrap link-wrap\">\n<section class=\"product__info-about list-wrap link-wrap\">\n<section class=\"product__info-about list-wrap link-wrap\">\n<section class=\"product__info-about list-wrap link-wrap\"><strong>Tavsiye edilen kullan\u0131m<\/strong><br \/>\n60 aya kadar kuru havuzlama aral\u0131klar\u0131 ile d\u00fcnya \u00e7ap\u0131nda hizmet veren gemilerde kullan\u0131lmak \u00fczere. SeaForce 90, y\u00fcksek frekansta ticaret yapan gemilerde t\u00fcm su alt\u0131 alanlar\u0131nda 60 ayl\u0131k zehirli boya performans\u0131 sunmak i\u00e7in \u00e7ok uygundur.<\/p>\n<p><strong>Film Kal\u0131nl\u0131\u011f\u0131 ve Yay\u0131lma Oran\u0131<\/strong><br \/>\nMinimum Maksimum<br \/>\nFilm Kal\u0131nl\u0131\u011f\u0131, Kuru (\u039cm) 75 175<br \/>\nFilm Kal\u0131nl\u0131\u011f\u0131, Ya\u015f (\u039cm) 130 300<br \/>\nTeorik Yay\u0131lma Oran\u0131 (M\u00b2\/L) 7,7 3,3<\/p>\n<p><strong>Fiziksel \u00f6zellikler<\/strong><br \/>\nRenk Standard\u0131; Koyu K\u0131rm\u0131z\u0131 ve A\u00e7\u0131k K\u0131rm\u0131z\u0131 (Sipari\u015f \u00dczerine \u00dcretilir; Mavi, Siyah ve Ye\u015fil)<br \/>\nKat\u0131lar (Hacim %)* 58 \u00b1 2<br \/>\nParlama Noktas\u0131 28\u00baC \u00b1 2 (Setaflash)<br \/>\nVOC 3,34 Lbs\/Gal (400 Gms\/Ltr) USA-EPA Method 24<br \/>\n370 gm\/ltr UK-PG6\/23(97). Ek 3<\/p>\n<p>*ISO 3233:1998 (E) Hong Kong kurallar\u0131na g\u00f6re \u00f6l\u00e7\u00fclm\u00fc\u015ft\u00fcr:<\/p>\n<p>Boya kategorisi &#8211; Zehirli boyalar; VOC 400 gms\/ltr HK EPD y\u00f6ntemi (Kullan\u0131ma haz\u0131r); muaf<\/p>\n<p>bile\u015fik &#8211; N\/A; \u00d6zg\u00fcl a\u011f\u0131rl\u0131k: 1.73; Sa\u011flanan hem VOC hem de \u00d6zg\u00fcl a\u011f\u0131rl\u0131k de\u011ferleri, farkl\u0131 renk s\u00f6z konusu oldu\u011funda de\u011fi\u015fikliklere tabi olan tipik de\u011ferlerdir.<\/p>\n<p><strong>Y\u00fczey haz\u0131rl\u0131\u011f\u0131<\/strong><br \/>\nKaplamal\u0131 Y\u00fczeyler<br \/>\nBoya uygulamas\u0131 \u00f6ncesinde t\u00fcm y\u00fczeyler temiz, kuru ve kirden ar\u0131nd\u0131r\u0131lm\u0131\u015f olmal\u0131d\u0131r. Y\u00fcksek bas\u0131n\u00e7l\u0131 tatl\u0131 su temizli\u011fi ile y\u00fczey kirlili\u011fini giderin. Temiz, kuru onayl\u0131 bir astar\/astar veya bozulmam\u0131\u015f kendinden cilal\u0131 zehirli boya \u00fczerine uygulanmal\u0131d\u0131r.<\/p>\n<p><strong>Di\u011fer Y\u00fczeyler<\/strong><br \/>\nKaplama, di\u011fer substratlar \u00fczerinde kullan\u0131labilir. Daha fazla bilgi i\u00e7in l\u00fctfen yerel Jotun ofisinizle ileti\u015fime ge\u00e7in.<\/p>\n<p><strong>Uygulama S\u0131ras\u0131ndaki Durum<\/strong><br \/>\nKaplama, -15\u00b0C y\u00fczey s\u0131cakl\u0131\u011f\u0131na kadar uygulanabilir. Y\u00fczey s\u0131cakl\u0131\u011f\u0131 havan\u0131n \u00e7i\u011flenme noktas\u0131n\u0131n en az 3\u00b0C \u00fczerinde olmal\u0131d\u0131r, s\u0131cakl\u0131k ve ba\u011f\u0131l nem y\u00fczeyin yak\u0131n\u0131nda \u00f6l\u00e7\u00fclmelidir. Uygun kurutma ve sertle\u015fmeyi sa\u011flamak i\u00e7in kapal\u0131 alanlarda iyi havaland\u0131rma gereklidir. Kaplama tamamen kuruyana kadar ya\u011fa, kimyasallara veya mekanik strese maruz b\u0131rak\u0131lmamal\u0131d\u0131r. Uygulama ve kaplaman\u0131n ilk kurumas\u0131 s\u0131ras\u0131nda kaplama, parlakl\u0131k kayb\u0131na ve renk bozulmas\u0131na neden olabilece\u011finden y\u00fcksek neme maruz b\u0131rak\u0131lmamal\u0131d\u0131r.<\/p>\n<p><strong>Uygulama Y\u00f6ntemleri<\/strong><br \/>\nSprey Kullan Havas\u0131z Sprey<br \/>\nF\u0131r\u00e7a Kullan\u0131labilir Ama Belirtilen Kuru Film Kal\u0131nl\u0131\u011f\u0131n\u0131 Elde Etmek \u0130\u00e7in Dikkat Edilmelidir.<br \/>\nRulo Kullan\u0131labilir. Ancak Rulo Uygulamas\u0131 Yap\u0131l\u0131rken Belirtilen Kuru Film Kal\u0131nl\u0131\u011f\u0131n\u0131 Elde Etmek \u0130\u00e7in Yeterli Malzemenin Uygulanmas\u0131na Dikkat Edilmelidir.<br \/>\nUygulama Verileri<br \/>\nKar\u0131\u015ft\u0131rma Oran\u0131 (Hacim) Tek Paket.<br \/>\nTiner\/Temizleyici Jotun Tiner No.7<\/p>\n<p>K\u0131lavuz Veriler Havas\u0131z Sprey<br \/>\nNozuldaki bas\u0131n\u00e7 15 MPa (150 kp\/cm\u00b2, 2100 psi.).<\/p>\n<p>Meme ucu 0,53 &#8211; 0,78 mm (0,021 &#8211; 0,031&#8243;).<\/p>\n<p>P\u00fcsk\u00fcrtme A\u00e7\u0131s\u0131 65 &#8211; 80\u00b0<br \/>\nFiltre Filtrelerin temiz oldu\u011fundan emin olmak i\u00e7in kontrol edin.<\/p>\n<p>Kuruma zaman\u0131<br \/>\nKuruma s\u00fcreleri genellikle hava sirk\u00fclasyonu, s\u0131cakl\u0131k, film kal\u0131nl\u0131\u011f\u0131 ve kat say\u0131s\u0131 ile ilgilidir ve buna ba\u011fl\u0131 olarak etkilenecektir. Tabloda verilen rakamlar tipiktir:<\/p>\n<p>\u0130yi havaland\u0131rma (D\u0131\u015f mekana maruz kalma veya havan\u0131n serbest dola\u015f\u0131m\u0131)<br \/>\nTipik film kal\u0131nl\u0131\u011f\u0131<br \/>\n\u0130nert substrat\u0131n \u00fczerine bir kat<br \/>\nY\u00fczey s\u0131cakl\u0131\u011f\u0131 -10\u00b0C 0\u00b0C 10\u00b0C 23\u00b0C 40\u00b0C<br \/>\nY\u00fczey kurumas\u0131 5 saat 2 saat 45dk 30dk 30dk<br \/>\nTam kuruma 24 saat 12 saat 6 saat 4 saat 3 saat<br \/>\nF\u0131rlatma i\u00e7in kuru 1 48s 36s 12-22s 10-20s 8-16s<br \/>\nTekrar kat kurumas\u0131, minimum 2 48 saat 36 saat 9 saat 7 saat 6 saat<br \/>\nY\u00fczey S\u0131cakl\u0131\u011f\u0131 5\u00b0C<br \/>\nY\u00fczey Kurumas\u0131 60 Dakika<br \/>\nKuru 8 H<br \/>\nF\u0131rlatma i\u00e7in Kuru 1 12-24 H<br \/>\nTekrar Kat Kurumas\u0131, Minimum 2 12 H<br \/>\nTekrar Kaplama Kurumas\u0131, Maksimum<br \/>\n1. Aral\u0131k, kuruma s\u00fcresinin, uygulanan astar\u0131n\/kirlenme \u00f6nleyicinin toplam film kal\u0131nl\u0131\u011f\u0131na ba\u011fl\u0131 oldu\u011fu bir kuru havuzlama durumunda normal olarak meydana gelen s\u00fcreyi g\u00f6sterir. Film kal\u0131nl\u0131\u011f\u0131 artt\u0131k\u00e7a kuruma s\u00fcresi artacakt\u0131r.<\/p>\n<p>Bir sonraki kat\u0131n uygulanmas\u0131ndan \u00f6nce y\u00fczey kuru ve herhangi bir kirden ar\u0131nd\u0131r\u0131lm\u0131\u015f olmal\u0131d\u0131r.<br \/>\nD\u00fc\u015f\u00fck s\u0131cakl\u0131klarda (10\u00b0C&#8217;nin alt\u0131nda) uyguland\u0131\u011f\u0131nda, y\u00fcksek nem ve d\u00fc\u015f\u00fck havaland\u0131rma kuruma s\u00fcresini uzatacakt\u0131r. Zehirli boyalar fiziksel olarak kuruyan boyalar oldu\u011fundan, \u00f6zellikle d\u00fcz diplerde ve deniz sand\u0131klar\u0131nda iyi havaland\u0131rma gereklidir. Bu d\u00fc\u015f\u00fck s\u0131cakl\u0131klarda inceltme gerekiyorsa, sarkma riskini azaltmak i\u00e7in uygulamaya \u00f6zel dikkat g\u00f6sterilmelidir.<br \/>\nVerilen veriler yaln\u0131zca k\u0131lavuz olarak kabul edilmelidir. Yeniden kaplamadan \u00f6nceki ger\u00e7ek kuruma s\u00fcresi\/s\u00fcreleri, film kal\u0131nl\u0131\u011f\u0131na, havaland\u0131rmaya, neme, alttaki boya sistemine, erken kullan\u0131m gereksinimine ve mekanik mukavemete vb. ba\u011fl\u0131 olarak daha k\u0131sa veya daha uzun olabilir. T\u00fcm parametrelerin bulundu\u011fu bir sistem sayfas\u0131nda eksiksiz bir sistem tan\u0131mlanabilir. ve \u00f6zel ko\u015fullar dahil edilebilir.<\/p>\n<\/section>\n<\/section>\n<section class=\"product__info-benefits list-wrap link-wrap\"><\/section>\n<\/section>\n<section class=\"product__info-benefits list-wrap link-wrap\"><\/section>\n<\/section>\n<section class=\"product__info-benefits list-wrap link-wrap\"><\/section>\n<p><a href=\"http:\/\/jotun-spb.ru\/sites\/default\/files\/tds_-_seaforce_90_-_english_uk_-_issued.25.01.2012.pdf\"><img loading=\"lazy\" class=\"wp-image-2712 alignnone\" src=\"https:\/\/yenerticaret.com.tr\/wp-content\/uploads\/2022\/03\/technical-pecs.png\" alt=\"\" width=\"474\" height=\"46\" srcset=\"https:\/\/yenerticaret.com.tr\/wp-content\/uploads\/2022\/03\/technical-pecs-400x39.png 400w, https:\/\/yenerticaret.com.tr\/wp-content\/uploads\/2022\/03\/technical-pecs-367x36.png 367w\" sizes=\"(max-width: 474px) 100vw, 474px\" \/><\/a><\/p>","protected":false},"excerpt":{"rendered":"<p>SeaForce 90, Polimerik Plastifiyan Teknolojisine (patentli) dayal\u0131, y\u00fcksek kat\u0131 maddeli, hidrolize edici, kendinden cilal\u0131 bir zehirli boyad\u0131r. SeaForce 90&#8217;\u0131n performans\u0131, benzersiz sentetik polimerlerin bir kombinasyonu ile elde edilir. IMO Kirlenme \u00d6nleyici Sistem S\u00f6zle\u015fmesi ile uyumlu (AFS\/CONF\/26).<\/p>","protected":false},"featured_media":2715,"template":"","meta":{"_mi_skip_tracking":false,"jetpack_publicize_message":"","jetpack_is_tweetstorm":false,"jetpack_publicize_feature_enabled":true},"product_cat":[108],"product_tag":[],"jetpack_publicize_connections":[],"yoast_head":"<!-- This site is optimized with the Yoast SEO Premium plugin v17.7 (Yoast SEO v18.5.1) - https:\/\/yoast.com\/wordpress\/plugins\/seo\/ -->\n<title>SeaForce 90 | Yener Ticaret Ltd. \u015eti.<\/title>\n<meta name=\"robots\" content=\"index, follow, max-snippet:-1, max-image-preview:large, max-video-preview:-1\" \/>\n<link rel=\"canonical\" href=\"https:\/\/yenerticaret.com.tr\/ru\/product\/seaforce-90\/\" \/>\n<meta property=\"og:locale\" content=\"ru_RU\" \/>\n<meta property=\"og:type\" content=\"article\" \/>\n<meta property=\"og:title\" content=\"SeaForce 90\" \/>\n<meta property=\"og:description\" content=\"SeaForce 90, Polimerik Plastifiyan Teknolojisine (patentli) dayal\u0131, y\u00fcksek kat\u0131 maddeli, hidrolize edici, kendinden cilal\u0131 bir zehirli boyad\u0131r. SeaForce 90&#039;\u0131n performans\u0131, benzersiz sentetik polimerlerin bir kombinasyonu ile elde edilir. IMO Kirlenme \u00d6nleyici Sistem S\u00f6zle\u015fmesi ile uyumlu (AFS\/CONF\/26).\" \/>\n<meta property=\"og:url\" content=\"https:\/\/yenerticaret.com.tr\/ru\/product\/seaforce-90\/\" \/>\n<meta property=\"og:site_name\" content=\"Yener Ticaret Ltd. \u015eti.\" \/>\n<meta property=\"article:modified_time\" content=\"2022-06-16T19:01:53+00:00\" \/>\n<meta property=\"og:image\" content=\"https:\/\/yenerticaret.com.tr\/wp-content\/uploads\/2022\/03\/jotun-1.jpg\" \/>\n\t<meta property=\"og:image:width\" content=\"596\" \/>\n\t<meta property=\"og:image:height\" content=\"596\" \/>\n\t<meta property=\"og:image:type\" content=\"image\/jpeg\" \/>\n<meta name=\"twitter:card\" content=\"summary\" \/>\n<meta name=\"twitter:label1\" content=\"\u041f\u0440\u0438\u043c\u0435\u0440\u043d\u043e\u0435 \u0432\u0440\u0435\u043c\u044f \u0434\u043b\u044f \u0447\u0442\u0435\u043d\u0438\u044f\" \/>\n\t<meta name=\"twitter:data1\" content=\"1 \u043c\u0438\u043d\u0443\u0442\u0430\" \/>\n<script type=\"application\/ld+json\" class=\"yoast-schema-graph\">{\"@context\":\"https:\/\/schema.org\",\"@graph\":[{\"@type\":\"WebSite\",\"@id\":\"https:\/\/yenerticaret.com.tr\/#website\",\"url\":\"https:\/\/yenerticaret.com.tr\/\",\"name\":\"Yener Ticaret Ltd. \u015eti.\",\"description\":\"Jotun Sanayi ve Marin Boyalar\u0131 Bayii\",\"potentialAction\":[{\"@type\":\"SearchAction\",\"target\":{\"@type\":\"EntryPoint\",\"urlTemplate\":\"https:\/\/yenerticaret.com.tr\/?s={search_term_string}\"},\"query-input\":\"required name=search_term_string\"}],\"inLanguage\":\"ru-RU\"},{\"@type\":\"ImageObject\",\"@id\":\"https:\/\/yenerticaret.com.tr\/urun\/seaforce-90\/#primaryimage\",\"inLanguage\":\"ru-RU\",\"url\":\"https:\/\/yenerticaret.com.tr\/wp-content\/uploads\/2022\/03\/jotun-1.jpg\",\"contentUrl\":\"https:\/\/yenerticaret.com.tr\/wp-content\/uploads\/2022\/03\/jotun-1.jpg\",\"width\":596,\"height\":596},{\"@type\":\"WebPage\",\"@id\":\"https:\/\/yenerticaret.com.tr\/urun\/seaforce-90\/#webpage\",\"url\":\"https:\/\/yenerticaret.com.tr\/urun\/seaforce-90\/\",\"name\":\"SeaForce 90 | Yener Ticaret Ltd. \u015eti.\",\"isPartOf\":{\"@id\":\"https:\/\/yenerticaret.com.tr\/#website\"},\"primaryImageOfPage\":{\"@id\":\"https:\/\/yenerticaret.com.tr\/urun\/seaforce-90\/#primaryimage\"},\"datePublished\":\"2022-06-16T18:59:19+00:00\",\"dateModified\":\"2022-06-16T19:01:53+00:00\",\"breadcrumb\":{\"@id\":\"https:\/\/yenerticaret.com.tr\/urun\/seaforce-90\/#breadcrumb\"},\"inLanguage\":\"ru-RU\",\"potentialAction\":[{\"@type\":\"ReadAction\",\"target\":[\"https:\/\/yenerticaret.com.tr\/urun\/seaforce-90\/\"]}]},{\"@type\":\"BreadcrumbList\",\"@id\":\"https:\/\/yenerticaret.com.tr\/urun\/seaforce-90\/#breadcrumb\",\"itemListElement\":[{\"@type\":\"ListItem\",\"position\":1,\"name\":\"Home\",\"item\":\"https:\/\/yenerticaret.com.tr\/\"},{\"@type\":\"ListItem\",\"position\":2,\"name\":\"Jotun Ma\u011faza\",\"item\":\"https:\/\/yenerticaret.com.tr\/jotun-magaza\/\"},{\"@type\":\"ListItem\",\"position\":3,\"name\":\"SeaForce 90\"}]}]}<\/script>\n<!-- \/ Yoast SEO Premium plugin. -->","yoast_head_json":{"title":"SeaForce 90 | Yener Ticaret Ltd. \u015eti.","robots":{"index":"index","follow":"follow","max-snippet":"max-snippet:-1","max-image-preview":"max-image-preview:large","max-video-preview":"max-video-preview:-1"},"canonical":"https:\/\/yenerticaret.com.tr\/ru\/product\/seaforce-90\/","og_locale":"ru_RU","og_type":"article","og_title":"SeaForce 90","og_description":"SeaForce 90, Polimerik Plastifiyan Teknolojisine (patentli) dayal\u0131, y\u00fcksek kat\u0131 maddeli, hidrolize edici, kendinden cilal\u0131 bir zehirli boyad\u0131r. SeaForce 90'\u0131n performans\u0131, benzersiz sentetik polimerlerin bir kombinasyonu ile elde edilir. IMO Kirlenme \u00d6nleyici Sistem S\u00f6zle\u015fmesi ile uyumlu (AFS\/CONF\/26).","og_url":"https:\/\/yenerticaret.com.tr\/ru\/product\/seaforce-90\/","og_site_name":"Yener Ticaret Ltd. \u015eti.","article_modified_time":"2022-06-16T19:01:53+00:00","og_image":[{"width":596,"height":596,"url":"https:\/\/yenerticaret.com.tr\/wp-content\/uploads\/2022\/03\/jotun-1.jpg","type":"image\/jpeg"}],"twitter_card":"summary","twitter_misc":{"\u041f\u0440\u0438\u043c\u0435\u0440\u043d\u043e\u0435 \u0432\u0440\u0435\u043c\u044f \u0434\u043b\u044f \u0447\u0442\u0435\u043d\u0438\u044f":"1 \u043c\u0438\u043d\u0443\u0442\u0430"},"schema":{"@context":"https:\/\/schema.org","@graph":[{"@type":"WebSite","@id":"https:\/\/yenerticaret.com.tr\/#website","url":"https:\/\/yenerticaret.com.tr\/","name":"Yener Ticaret Ltd. \u015eti.","description":"Jotun Sanayi ve Marin Boyalar\u0131 Bayii","potentialAction":[{"@type":"SearchAction","target":{"@type":"EntryPoint","urlTemplate":"https:\/\/yenerticaret.com.tr\/?s={search_term_string}"},"query-input":"required name=search_term_string"}],"inLanguage":"ru-RU"},{"@type":"ImageObject","@id":"https:\/\/yenerticaret.com.tr\/urun\/seaforce-90\/#primaryimage","inLanguage":"ru-RU","url":"https:\/\/yenerticaret.com.tr\/wp-content\/uploads\/2022\/03\/jotun-1.jpg","contentUrl":"https:\/\/yenerticaret.com.tr\/wp-content\/uploads\/2022\/03\/jotun-1.jpg","width":596,"height":596},{"@type":"WebPage","@id":"https:\/\/yenerticaret.com.tr\/urun\/seaforce-90\/#webpage","url":"https:\/\/yenerticaret.com.tr\/urun\/seaforce-90\/","name":"SeaForce 90 | Yener Ticaret Ltd. \u015eti.","isPartOf":{"@id":"https:\/\/yenerticaret.com.tr\/#website"},"primaryImageOfPage":{"@id":"https:\/\/yenerticaret.com.tr\/urun\/seaforce-90\/#primaryimage"},"datePublished":"2022-06-16T18:59:19+00:00","dateModified":"2022-06-16T19:01:53+00:00","breadcrumb":{"@id":"https:\/\/yenerticaret.com.tr\/urun\/seaforce-90\/#breadcrumb"},"inLanguage":"ru-RU","potentialAction":[{"@type":"ReadAction","target":["https:\/\/yenerticaret.com.tr\/urun\/seaforce-90\/"]}]},{"@type":"BreadcrumbList","@id":"https:\/\/yenerticaret.com.tr\/urun\/seaforce-90\/#breadcrumb","itemListElement":[{"@type":"ListItem","position":1,"name":"Home","item":"https:\/\/yenerticaret.com.tr\/"},{"@type":"ListItem","position":2,"name":"Jotun Ma\u011faza","item":"https:\/\/yenerticaret.com.tr\/jotun-magaza\/"},{"@type":"ListItem","position":3,"name":"SeaForce 90"}]}]}},"jetpack-related-posts":[{"id":2781,"url":"https:\/\/yenerticaret.com.tr\/ru\/product\/seamate-m\/","url_meta":{"origin":2773,"position":0},"title":"SeaMate M","date":"16 \u0438\u044e\u043d\u044f 2022","format":false,"excerpt":"SeaMate M, k\u00fcresel ve k\u0131y\u0131 ticaretinde t\u00fcm gemi tiplerinde azalt\u0131lm\u0131\u015f li\u00e7 tabakas\u0131 kal\u0131nl\u0131\u011f\u0131 ve do\u011frulanabilir %4.0 h\u0131z kayb\u0131 ile hem m\u00fckemmel kirlenme korumas\u0131 hem de iyi g\u00f6vde performans\u0131 sa\u011flayan patentli tek bile\u015fenli hidrolize silil akrilat ba\u011flay\u0131c\u0131 sistemine dayanmaktad\u0131r.\u00a0 Bu, yak\u0131t t\u00fcketimini ve karbon emisyonlar\u0131n\u0131 %5,7'ye kadar azaltabilir ve ba\u015far\u0131l\u0131, g\u00fcvenilir\u2026","rel":"","context":"\u041f\u043e\u0445\u043e\u0436\u0430\u044f \u0437\u0430\u043f\u0438\u0441\u044c","img":{"alt_text":"","src":"https:\/\/i0.wp.com\/yenerticaret.com.tr\/wp-content\/uploads\/2022\/03\/jotun-1.jpg?resize=350%2C200&ssl=1","width":350,"height":200},"classes":[]},{"id":2771,"url":"https:\/\/yenerticaret.com.tr\/ru\/product\/seaforce-30\/","url_meta":{"origin":2773,"position":1},"title":"Seaforce 30","date":"16 \u0438\u044e\u043d\u044f 2022","format":false,"excerpt":"36 ayl\u0131k y\u00fcksek koruma SeaForce 30 etkin biyosit sal\u0131n\u0131m\u0131 ve sabit polishing oran\u0131 sayesinde y\u00fcksek performansl\u0131 karina boyas\u0131d\u0131r. Maliyet optimizasyonu SeaForce 30, armat\u00f6rlere ve operasyon m\u00fcd\u00fcrlerine kaliteden \u00f6d\u00fcn vermeden su alt\u0131 boyalar\u0131 b\u00fct\u00e7esinde avantaj sa\u011flar. Yo\u011fun deneyim 15.000 den fazla gemide, 30 milyon litreye yak\u0131n Sea Force kullan\u0131lm\u0131\u015ft\u0131r. SeaForce 30\u2026","rel":"","context":"\u041f\u043e\u0445\u043e\u0436\u0430\u044f \u0437\u0430\u043f\u0438\u0441\u044c","img":{"alt_text":"","src":"https:\/\/i0.wp.com\/yenerticaret.com.tr\/wp-content\/uploads\/2022\/03\/jotun-1.jpg?resize=350%2C200&ssl=1","width":350,"height":200},"classes":[]},{"id":2775,"url":"https:\/\/yenerticaret.com.tr\/ru\/product\/seaquantum-plus-s\/","url_meta":{"origin":2773,"position":2},"title":"SeaQuantum Plus S","date":"16 \u0438\u044e\u043d\u044f 2022","format":false,"excerpt":"SeaQuantum Plus S, y\u00fcksek aktiviteli gemiler, \u00f6zellikle konteyner gemileri, gaz gemileri ve ara\u00e7 gemileri i\u00e7in do\u011frulanabilir %2,5 h\u0131z kayb\u0131na* sahip, ki\u015fiye \u00f6zel, daha yava\u015f parlatan silil akrilat zehirli boyad\u0131r.\u00a0 Bu, yak\u0131t t\u00fcketimini ve karbon emisyonlar\u0131n\u0131 %10,2'ye* kadar azaltabilir ve son derece etkili biyolojik kirlilik kontrol\u00fc ve p\u00fcr\u00fczs\u00fcz, kendi kendini parlatan\u2026","rel":"","context":"\u041f\u043e\u0445\u043e\u0436\u0430\u044f \u0437\u0430\u043f\u0438\u0441\u044c","img":{"alt_text":"","src":"https:\/\/i0.wp.com\/yenerticaret.com.tr\/wp-content\/uploads\/2022\/03\/jotun-1.jpg?resize=350%2C200&ssl=1","width":350,"height":200},"classes":[]},{"id":2777,"url":"https:\/\/yenerticaret.com.tr\/ru\/product\/seaquantum-ultra-s\/","url_meta":{"origin":2773,"position":3},"title":"SeaQuantum Ultra S","date":"16 \u0438\u044e\u043d\u044f 2022","format":false,"excerpt":"SeaQuantum Ultra S, d\u00f6kme y\u00fck gemileri, tankerler ve yava\u015f buharla \u00e7al\u0131\u015fan gemiler dahil olmak \u00fczere d\u00fc\u015f\u00fck ila orta aktiviteli gemiler i\u00e7in do\u011frulanabilir %2,5* h\u0131z kayb\u0131na sahip, ki\u015fiye \u00f6zel, daha h\u0131zl\u0131 parlat\u0131c\u0131 silil akrilat zehirli boyad\u0131r.\u00a0 Bu, yak\u0131t t\u00fcketimini ve karbon emisyonlar\u0131n\u0131 %11,7'ye* kadar azaltabilir ve son derece etkili biyolojik kirlilik\u2026","rel":"","context":"\u041f\u043e\u0445\u043e\u0436\u0430\u044f \u0437\u0430\u043f\u0438\u0441\u044c","img":{"alt_text":"","src":"https:\/\/i0.wp.com\/yenerticaret.com.tr\/wp-content\/uploads\/2022\/03\/jotun-1.jpg?resize=350%2C200&ssl=1","width":350,"height":200},"classes":[]},{"id":2774,"url":"https:\/\/yenerticaret.com.tr\/ru\/product\/seaquantum-classic-s\/","url_meta":{"origin":2773,"position":4},"title":"SeaQuantum Classic S","date":"16 \u0438\u044e\u043d\u044f 2022","format":false,"excerpt":"SeaQuantum Classic S, \u00e7o\u011fu kargo ve yolcu gemisi t\u00fcr\u00fcn\u00fc i\u00e7eren orta aktivite gemileri i\u00e7in do\u011frulanabilir %2,5* h\u0131z kayb\u0131na sahip, \u00f6zel yap\u0131m, kendi kendini parlatan silil akrilat zehirli boyad\u0131r.\u00a0 Bu, yak\u0131t t\u00fcketimini ve karbon emisyonlar\u0131n\u0131 %10,2'ye* kadar azaltabilir ve son derece etkili biyolojik kirlilik kontrol\u00fc ve p\u00fcr\u00fczs\u00fcz, kendi kendini parlatan bir\u2026","rel":"","context":"\u041f\u043e\u0445\u043e\u0436\u0430\u044f \u0437\u0430\u043f\u0438\u0441\u044c","img":{"alt_text":"","src":"https:\/\/i0.wp.com\/yenerticaret.com.tr\/wp-content\/uploads\/2022\/03\/jotun-1.jpg?resize=350%2C200&ssl=1","width":350,"height":200},"classes":[]},{"id":2782,"url":"https:\/\/yenerticaret.com.tr\/ru\/product\/seamate-nb\/","url_meta":{"origin":2773,"position":5},"title":"SeaMate NB","date":"16 \u0438\u044e\u043d\u044f 2022","format":false,"excerpt":"SeaMate NB, donat\u0131m s\u0131ras\u0131nda hem deniz hem de tatl\u0131 suya maruz kalarak hem m\u00fckemmel kirlenme korumas\u0131 hem de iyi g\u00f6vde performans\u0131 sa\u011flayan patentli, tek bile\u015fenli hidrolize edici silil akrilat ba\u011flay\u0131c\u0131 sistemine dayanmaktad\u0131r.\u00a0 SeaMate NB, boya t\u00fcketimini ve uygulama s\u00fcresini azaltarak, VOC emisyonlar\u0131n\u0131 d\u00fc\u015f\u00fcrerek artan \u00fcretkenlik avantaj\u0131 sunar.\u00a0Bu faydalar\u0131 m\u00fckemmel donan\u0131m\u2026","rel":"","context":"\u041f\u043e\u0445\u043e\u0436\u0430\u044f \u0437\u0430\u043f\u0438\u0441\u044c","img":{"alt_text":"","src":"https:\/\/i0.wp.com\/yenerticaret.com.tr\/wp-content\/uploads\/2022\/03\/jotun-1.jpg?resize=350%2C200&ssl=1","width":350,"height":200},"classes":[]}],"_links":{"self":[{"href":"https:\/\/yenerticaret.com.tr\/ru\/wp-json\/wp\/v2\/product\/2773"}],"collection":[{"href":"https:\/\/yenerticaret.com.tr\/ru\/wp-json\/wp\/v2\/product"}],"about":[{"href":"https:\/\/yenerticaret.com.tr\/ru\/wp-json\/wp\/v2\/types\/product"}],"wp:featuredmedia":[{"embeddable":true,"href":"https:\/\/yenerticaret.com.tr\/ru\/wp-json\/wp\/v2\/media\/2715"}],"wp:attachment":[{"href":"https:\/\/yenerticaret.com.tr\/ru\/wp-json\/wp\/v2\/media?parent=2773"}],"wp:term":[{"taxonomy":"product_cat","embeddable":true,"href":"https:\/\/yenerticaret.com.tr\/ru\/wp-json\/wp\/v2\/product_cat?post=2773"},{"taxonomy":"product_tag","embeddable":true,"href":"https:\/\/yenerticaret.com.tr\/ru\/wp-json\/wp\/v2\/product_tag?post=2773"}],"curies":[{"name":"wp","href":"https:\/\/api.w.org\/{rel}","templated":true}]}}